{"id":17748,"date":"2020-12-20T15:15:49","date_gmt":"2020-12-20T15:15:49","guid":{"rendered":"https:\/\/seo-experte-zurich.kleinanzeigen.marketing\/paginas-web\/"},"modified":"2023-03-31T09:30:31","modified_gmt":"2023-03-31T09:30:31","slug":"paginas-web","status":"publish","type":"page","link":"https:\/\/seo-experte-zurich.kleinanzeigen.marketing\/es\/paginas-web\/","title":{"rendered":"P\u00e1ginas web"},"content":{"rendered":"\n<p><strong>Realice su propio sitio web<\/strong><\/p>\n\n<p>\u00bfHace tiempo que sue\u00f1a con crear su propia presencia en Internet? \u00bfTiene una idea clara del resultado que quiere conseguir? Nuestros expertos en SEO le ayudar\u00e1n a alcanzar sus objetivos.<\/p>\n\n<p>Llevamos muchos a\u00f1os creando sitios web de alta calidad para clientes satisfechos. Un dise\u00f1o sofisticado, una gran visibilidad con mucho tr\u00e1fico y la satisfacci\u00f3n de nuestros clientes es nuestro reclamo.<\/p>\n\n<p>Nuestros sitios web optimizados para SEO tienen una serie de factores que podr\u00edan contribuir a su \u00e9xito. Nos basamos en los siguientes factores SEO:<\/p>\n\n<ul>\n<li>Investigaci\u00f3n de <strong>palabras<\/strong> clave: una investigaci\u00f3n adecuada de las palabras clave es un componente esencial para el \u00e9xito de la gesti\u00f3n SEO. Es necesario comprender qu\u00e9 palabras clave utilizan los clientes potenciales para encontrar los productos o servicios que ofrece la empresa.<\/li>\n\n\n\n<li>Optimizaci\u00f3n en la p\u00e1gina<strong>:<\/strong> Todas las estrategias utilizadas en el sitio web para satisfacer a los motores de b\u00fasqueda y a los usuarios se denominan optimizaci\u00f3n en la p\u00e1gina. Esto incluye la selecci\u00f3n de palabras clave relevantes y centradas, una navegaci\u00f3n f\u00e1cil de usar, una estructura de p\u00e1gina r\u00e1pida y un dise\u00f1o atractivo.<\/li>\n\n\n\n<li><strong>Contenido de alta calidad:<\/strong> Un sitio web optimizado para SEO que conste de contenido de alta calidad, relevante y \u00fanico, adaptado al grupo objetivo al que va dirigido, est\u00e1 estructurado de forma \u00f3ptima y optimizado utilizando las palabras clave adecuadas.<\/li>\n\n\n\n<li><strong>Enlaces:<\/strong> Un sitio web optimizado para SEO utiliza una estrategia de enlaces equilibrada que incluye enlaces internos y externos. Los enlaces internos ayudan al usuario a orientarse en el sitio web y favorecen la usabilidad. Los enlaces externos aumentan la confianza en el sitio web y protegen la optimizaci\u00f3n de los motores de b\u00fasqueda.<\/li>\n\n\n\n<li><strong>Facilidad de uso para m\u00f3viles:<\/strong> un sitio web perfectamente adaptado a dispositivos m\u00f3viles y optimizado para SEO permite una navegaci\u00f3n sencilla y una experiencia de usuario agradable.<\/li>\n\n\n\n<li><strong>Optimizaci\u00f3n t\u00e9cnica:<\/strong> un sitio web optimizado para los motores de b\u00fasqueda est\u00e1 t\u00e9cnicamente bien equipado. Esto incluye, en particular, un tiempo de respuesta r\u00e1pido, un uso correcto de las etiquetas HTML y una estructura exacta.<\/li>\n<\/ul>\n\n<p>Gane nuevos clientes, aumente su volumen de negocio y conf\u00ede en los sitios web optimizados para SEO. Estaremos encantados de ayudarle. Aproveche ahora la oportunidad de cambiar su vida a trav\u00e9s de su sitio web. \u00a1Aumente su \u00e9xito y consiga m\u00e1s clientes a trav\u00e9s de su sitio web!<\/p>\n\n<figure class=\"wp-block-image size-large\"><img decoding=\"async\" width=\"1024\" height=\"416\" src=\"https:\/\/seo-experte-zurich.kleinanzeigen.marketing\/wp-content\/uploads\/2023\/02\/online-marketing-fuer-kmu-zurich-1024x416.png\" alt=\"Un experto en SEO crea los mejores sitios web\" class=\"wp-image-10942\" srcset=\"https:\/\/seo-experte-zurich.kleinanzeigen.marketing\/wp-content\/uploads\/2023\/02\/online-marketing-fuer-kmu-zurich-1024x416.png 1024w, https:\/\/seo-experte-zurich.kleinanzeigen.marketing\/wp-content\/uploads\/2023\/02\/online-marketing-fuer-kmu-zurich-300x122.png 300w, https:\/\/seo-experte-zurich.kleinanzeigen.marketing\/wp-content\/uploads\/2023\/02\/online-marketing-fuer-kmu-zurich-768x312.png 768w, https:\/\/seo-experte-zurich.kleinanzeigen.marketing\/wp-content\/uploads\/2023\/02\/online-marketing-fuer-kmu-zurich-1536x624.png 1536w, https:\/\/seo-experte-zurich.kleinanzeigen.marketing\/wp-content\/uploads\/2023\/02\/online-marketing-fuer-kmu-zurich.png 1822w\" sizes=\"(max-width: 1024px) 100vw, 1024px\" \/><figcaption class=\"wp-element-caption\">Experto en SEO<\/figcaption><\/figure>\n<div class=\"wp-block-yoast-seo-local-address\"><div id=\"wpseo_location-\" class=\"wpseo-location\"><h3><span class=\"wpseo-business-name\">Agencia SEO Wittibschlager<\/span><\/h3><div class=\"wpseo-address-wrapper\"><\/div><span class=\"wpseo-phone\">Tel\u00e9fono: <a href=\"tel:+41787818109\" class=\"tel\"><span>+41 78 781 81 09<\/span><\/a><\/span><br\/><span class=\"wpseo-email\">Correo electr\u00f3nico: <a href=\"mailto:&#105;&#110;&#102;o&#064;&#107;einanzei&#103;e&#110;.&#109;ark&#101;&#116;&#105;ng\">i&#110;&#102;o&#64;ke&#105;&#110;a&#110;ze&#105;g&#101;&#110;.m&#97;&#114;&#107;e&#116;&#105;&#110;g<\/a><\/span><br\/><\/div><\/div>\n\n<p><strong>Horarios de apertura<\/strong><\/p>\n\n<div class=\"wp-block-yoast-seo-local-map\"><div id=\"map_canvas\" class=\"wpseo-map-canvas\" style=\"max-width: 100%; width: 400px; height: 300px;\"><ul><li><a href=\"https:\/\/seo-experte-zurich.kleinanzeigen.marketing\/\">Agencia SEO Wittibschlager<\/a><\/li><\/ul><\/div><\/div>\n\n<h3 class=\"wp-block-heading\" id=\"9-%C3%B6ffnungszeiten\">Horario de apertura de la Agencia SEO Wittibschlager<\/h3>\n\n<div class=\"wp-block-yoast-seo-local-opening-hours\"><div class=\"wpseo-opening-hours-wrapper\"><table class=\"wpseo-opening-hours\" id =\"wpseo-opening-hours-\"><tr><td class=\"day\">Lunes<\/td><td class=\"time\"><span>9:00 AM - 5:00 PM<\/span><\/td><\/tr><tr><td class=\"day\">Martes<\/td><td class=\"time\"><span>9:00 AM - 5:00 PM<\/span><\/td><\/tr><tr><td class=\"day\">Mi\u00e9rcoles<\/td><td class=\"time\"><span>9:00 AM - 5:00 PM<\/span><\/td><\/tr><tr><td class=\"day\">Jueves<\/td><td class=\"time\"><span>9:00 AM - 5:00 PM<\/span><\/td><\/tr><tr><td class=\"day\">Viernes<\/td><td class=\"time\"><span>9:00 AM - 5:00 PM<\/span><\/td><\/tr><tr><td class=\"day\">S\u00e1bado<\/td><td class=\"time\"><span>9:00 AM - 5:00 PM<\/span><\/td><\/tr><tr><td class=\"day\">Domingo<\/td><td class=\"time\"><span>9:00 AM - 5:00 PM<\/span><\/td><\/tr><\/table><\/div><\/div>\n\n<h2 class=\"wp-block-heading\" id=\"9-einige-informationen-%C3%BCber-z%C3%BCrich\">Informaci\u00f3n sobre Z\u00farich<\/h2>\n\n<iframe src=\"https:\/\/www.google.com\/maps\/embed?pb=!1m14!1m8!1m3!1d21614.35484617606!2d8.54129!3d47.376932!3m2!1i1024!2i768!4f13.1!3m3!1m2!1s0x47900b9749bea219%3A0xe66e8df1e71fdc03!2sZ%C3%BCrich%2C%20Schweiz!5e0!3m2!1sde!2sus!4v1679729717728!5m2!1sde!2sus\" width=\"600\" height=\"450\" style=\"border:0;\" allowfullscreen=\"\" loading=\"lazy\" referrerpolicy=\"no-referrer-when-downgrade\"><\/iframe>\n\n<p><strong>Seguir leyendo<\/strong><\/p>\n\n<ul class=\"wp-block-yoast-seo-related-links\"><li><a href=\"https:\/\/seo-experte-zurich.kleinanzeigen.marketing\/seo\/\">SEO &#8211; Optimizaci\u00f3n de motores de b\u00fasqueda<\/a><\/li><li><a href=\"https:\/\/seo-experte-zurich.kleinanzeigen.marketing\/suchmaschinenoptimierung-zurich-seo-agentur-zurich\/\">Optimizaci\u00f3n de motores de b\u00fasqueda de la agencia SEO Z\u00farich<\/a><\/li><li><a href=\"https:\/\/seo-experte-zurich.kleinanzeigen.marketing\/kundenreferenzen\/\">Referencias de clientes: Rese\u00f1as en Google<\/a><\/li><li><a href=\"https:\/\/seo-experte-zurich.kleinanzeigen.marketing\/es\/?page_id=17840\">Aumentar el \u00e9xito<\/a><\/li><li><a href=\"https:\/\/seo-experte-zurich.kleinanzeigen.marketing\/webshops\/\">Tiendas web<\/a><\/li><\/ul>\n<div style='text-align:center' class='yasr-auto-insert-visitor'><!--Yasr Visitor Votes Shortcode--><div id='yasr_visitor_votes_59f26d5706e95' class='yasr-visitor-votes'><div class=\"yasr-custom-text-vv-before yasr-custom-text-vv-before-17748\">Ratings \/ Bewertungen<\/div><div id='yasr-vv-second-row-container-59f26d5706e95'\r\n                                        class='yasr-vv-second-row-container'><div id='yasr-visitor-votes-rater-59f26d5706e95'\r\n                                      class='yasr-rater-stars-vv'\r\n                                      data-rater-postid='17748'\r\n                                      data-rating='0'\r\n                                      data-rater-starsize='24'\r\n                                      data-rater-readonly='true'\r\n                                      data-rater-nonce='0ce172f89f'\r\n                                      data-issingular='false'\r\n                                    ><\/div><div class=\"yasr-vv-stats-text-container\" id=\"yasr-vv-stats-text-container-59f26d5706e95\"><svg xmlns=\"https:\/\/www.w3.org\/2000\/svg\" width=\"20\" height=\"20\"\r\n                                   class=\"yasr-dashicons-visitor-stats\"\r\n                                   data-postid=\"17748\"\r\n                                   id=\"yasr-stats-dashicon-59f26d5706e95\">\r\n                                   <path d=\"M18 18v-16h-4v16h4zM12 18v-11h-4v11h4zM6 18v-8h-4v8h4z\"><\/path>\r\n                               <\/svg><span id=\"yasr-vv-text-container-59f26d5706e95\" class=\"yasr-vv-text-container\">[Anzahl der Bewertungen: <span id=\"yasr-vv-votes-number-container-59f26d5706e95\">0<\/span>  Durchschnitt: <span id=\"yasr-vv-average-container-59f26d5706e95\">0<\/span>]<\/span><\/div><div id='yasr-vv-loader-59f26d5706e95' class='yasr-vv-container-loader'><\/div><\/div><div id='yasr-vv-bottom-container-59f26d5706e95' class='yasr-vv-bottom-container'><div class='yasr-small-block-bold'><span class='yasr-visitor-votes-must-sign-in'>99% zufriedene Nutzer \/ Durchschnittsbewertungen unserer Klienten<\/span><\/div><\/div><\/div><!--End Yasr Visitor Votes Shortcode--><\/div>","protected":false},"excerpt":{"rendered":"<p>Realice su propio sitio web \u00bfHace tiempo que sue\u00f1a con crear su propia presencia en Internet? \u00bfTiene una idea clara del resultado que quiere conseguir? Nuestros expertos en SEO le ayudar\u00e1n a alcanzar sus objetivos. Llevamos muchos a\u00f1os creando sitios web de alta calidad para clientes satisfechos. Un dise\u00f1o sofisticado, una gran visibilidad con mucho &#8230; <a title=\"P\u00e1ginas web\" class=\"read-more\" href=\"https:\/\/seo-experte-zurich.kleinanzeigen.marketing\/es\/paginas-web\/\" aria-label=\"M\u00e1s en P\u00e1ginas web\">Leer m\u00e1s<\/a><\/p>\n","protected":false},"author":1,"featured_media":14951,"parent":0,"menu_order":0,"comment_status":"closed","ping_status":"closed","template":"","meta":{"yasr_overall_rating":0,"yasr_post_is_review":"","yasr_auto_insert_disabled":"","yasr_review_type":""},"yasr_visitor_votes":{"stars_attributes":{"read_only":true,"span_bottom":"<div class='yasr-small-block-bold'><span class='yasr-visitor-votes-must-sign-in'>99% zufriedene Nutzer \/ Durchschnittsbewertungen unserer Klienten<\/span><\/div>"},"number_of_votes":0,"sum_votes":0},"acf":[],"yoast_head":"<!-- This site is optimized with the Yoast SEO Premium plugin v20.0 (Yoast SEO v21.8.1) - https:\/\/yoast.com\/wordpress\/plugins\/seo\/ -->\n<title>Sitios web - Para estar entre los primeros en Google<\/title>\n<meta name=\"description\" content=\"Para estar entre los primeros en Google\" \/>\n<meta name=\"robots\" content=\"index, follow, max-snippet:-1, max-image-preview:large, max-video-preview:-1\" \/>\n<link rel=\"canonical\" href=\"https:\/\/seo-experte-zurich.kleinanzeigen.marketing\/es\/paginas-web\/\" \/>\n<meta property=\"og:locale\" content=\"es_ES\" \/>\n<meta property=\"og:type\" content=\"article\" \/>\n<meta property=\"og:title\" content=\"Sitios web - Para estar entre los primeros en Google\" \/>\n<meta property=\"og:description\" content=\"Sitios web - Para estar entre los primeros en Google\" \/>\n<meta property=\"og:url\" content=\"https:\/\/seo-experte-zurich.kleinanzeigen.marketing\/es\/paginas-web\/\" \/>\n<meta property=\"og:site_name\" content=\"Los expertos en SEO de SEO Agentur Wittibschlager llevan a su empresa a lo m\u00e1s alto.\" \/>\n<meta property=\"article:modified_time\" content=\"2023-03-31T09:30:31+00:00\" \/>\n<meta property=\"og:image\" content=\"https:\/\/seo-experte-zurich.kleinanzeigen.marketing\/wp-content\/uploads\/2023\/02\/Suchmaschinenoptimierung-Zuerich-3.png\" \/>\n<meta name=\"twitter:label1\" content=\"Tiempo de lectura\" \/>\n\t<meta name=\"twitter:data1\" content=\"3 minutos\" \/>\n<meta name=\"geo.position\" content=\"47.2955821;8.6344146\" \/>\n<meta name=\"geo.region\" content=\"Suiza\" \/>\n<!-- \/ Yoast SEO Premium plugin. -->","yoast_head_json":{"title":"Sitios web - Para estar entre los primeros en Google","description":"Para estar entre los primeros en Google","robots":{"index":"index","follow":"follow","max-snippet":"max-snippet:-1","max-image-preview":"max-image-preview:large","max-video-preview":"max-video-preview:-1"},"canonical":"https:\/\/seo-experte-zurich.kleinanzeigen.marketing\/es\/paginas-web\/","og_locale":"es_ES","og_type":"article","og_title":"Sitios web - Para estar entre los primeros en Google","og_description":"Sitios web - Para estar entre los primeros en Google","og_url":"https:\/\/seo-experte-zurich.kleinanzeigen.marketing\/es\/paginas-web\/","og_site_name":"Los expertos en SEO de SEO Agentur Wittibschlager llevan a su empresa a lo m\u00e1s alto.","article_modified_time":"2023-03-31T09:30:31+00:00","og_image":[{"url":"https:\/\/seo-experte-zurich.kleinanzeigen.marketing\/wp-content\/uploads\/2023\/02\/Suchmaschinenoptimierung-Zuerich-3.png"}],"twitter_misc":{"Tiempo de lectura":"3 minutos"},"schema":{"@context":"https:\/\/schema.org","@graph":[{"@type":"WebPage","@id":"https:\/\/seo-experte-zurich.kleinanzeigen.marketing\/es\/paginas-web\/","url":"https:\/\/seo-experte-zurich.kleinanzeigen.marketing\/es\/paginas-web\/","name":"Sitios web - Para estar entre los primeros en Google","isPartOf":{"@id":"https:\/\/seo-experte-zurich.kleinanzeigen.marketing\/es\/#website"},"datePublished":"2020-12-20T15:15:49+00:00","dateModified":"2023-03-31T09:30:31+00:00","description":"Para estar entre los primeros en Google","breadcrumb":{"@id":"https:\/\/seo-experte-zurich.kleinanzeigen.marketing\/es\/paginas-web\/#breadcrumb"},"inLanguage":"es","potentialAction":[{"@type":"ReadAction","target":["https:\/\/seo-experte-zurich.kleinanzeigen.marketing\/es\/paginas-web\/"]}]},{"@type":"BreadcrumbList","@id":"https:\/\/seo-experte-zurich.kleinanzeigen.marketing\/es\/paginas-web\/#breadcrumb","itemListElement":[{"@type":"ListItem","position":1,"name":"Inicio","item":"https:\/\/seo-experte-zurich.kleinanzeigen.marketing\/es\/experto-en-seo-en-zurich\/"},{"@type":"ListItem","position":2,"name":"P\u00e1ginas web"}]},{"@type":"WebSite","@id":"https:\/\/seo-experte-zurich.kleinanzeigen.marketing\/es\/#website","url":"https:\/\/seo-experte-zurich.kleinanzeigen.marketing\/es\/","name":"Los expertos en SEO de SEO Agentur Wittibschlager llevan a su empresa a lo m\u00e1s alto.","description":"Agencia SEO Zurich: SEO - SEA - Social - Web - Dise\u00f1o - PR - Shopping - Video - Publicidad Nativa","publisher":{"@id":"https:\/\/seo-experte-zurich.kleinanzeigen.marketing\/es\/#organization"},"potentialAction":[{"@type":"SearchAction","target":{"@type":"EntryPoint","urlTemplate":"https:\/\/seo-experte-zurich.kleinanzeigen.marketing\/es\/?s={search_term_string}"},"query-input":"required name=search_term_string"}],"inLanguage":"es"},{"@type":["Organization","Place"],"@id":"https:\/\/seo-experte-zurich.kleinanzeigen.marketing\/es\/#organization","name":"Agencia SEO Wittibschlager","url":"https:\/\/seo-experte-zurich.kleinanzeigen.marketing\/es\/","logo":{"@id":"https:\/\/seo-experte-zurich.kleinanzeigen.marketing\/es\/paginas-web\/#local-main-organization-logo"},"image":{"@id":"https:\/\/seo-experte-zurich.kleinanzeigen.marketing\/es\/paginas-web\/#local-main-organization-logo"},"geo":{"@type":"GeoCoordinates","latitude":"47.2955821","longitude":"8.6344146"},"telephone":["+41 78 781 81 09","+41 78 781 81 09"],"openingHoursSpecification":[{"@type":"OpeningHoursSpecification","dayOfWeek":["Monday","Tuesday","Wednesday","Thursday","Friday","Saturday","Sunday"],"opens":"09:00","closes":"17:00"}],"email":"info@keinanzeigen.marketing"},{"@type":"ImageObject","inLanguage":"es","@id":"https:\/\/seo-experte-zurich.kleinanzeigen.marketing\/es\/paginas-web\/#local-main-organization-logo","url":"https:\/\/seo-experte-zurich.kleinanzeigen.marketing\/wp-content\/uploads\/2020\/12\/cropped-Bildschirmfoto-2020-12-06-um-20.04.19-2.png","contentUrl":"https:\/\/seo-experte-zurich.kleinanzeigen.marketing\/wp-content\/uploads\/2020\/12\/cropped-Bildschirmfoto-2020-12-06-um-20.04.19-2.png","width":1348,"height":804,"caption":"Agencia SEO Wittibschlager"},false]},"geo.position":{"lat":"47.2955821","long":"8.6344146"},"geo.region":"Suiza"},"_links":{"self":[{"href":"https:\/\/seo-experte-zurich.kleinanzeigen.marketing\/es\/wp-json\/wp\/v2\/pages\/17748"}],"collection":[{"href":"https:\/\/seo-experte-zurich.kleinanzeigen.marketing\/es\/wp-json\/wp\/v2\/pages"}],"about":[{"href":"https:\/\/seo-experte-zurich.kleinanzeigen.marketing\/es\/wp-json\/wp\/v2\/types\/page"}],"author":[{"embeddable":true,"href":"https:\/\/seo-experte-zurich.kleinanzeigen.marketing\/es\/wp-json\/wp\/v2\/users\/1"}],"replies":[{"embeddable":true,"href":"https:\/\/seo-experte-zurich.kleinanzeigen.marketing\/es\/wp-json\/wp\/v2\/comments?post=17748"}],"version-history":[{"count":0,"href":"https:\/\/seo-experte-zurich.kleinanzeigen.marketing\/es\/wp-json\/wp\/v2\/pages\/17748\/revisions"}],"wp:featuredmedia":[{"embeddable":true,"href":"https:\/\/seo-experte-zurich.kleinanzeigen.marketing\/es\/wp-json\/wp\/v2\/media\/14951"}],"wp:attachment":[{"href":"https:\/\/seo-experte-zurich.kleinanzeigen.marketing\/es\/wp-json\/wp\/v2\/media?parent=17748"}],"curies":[{"name":"wp","href":"https:\/\/api.w.org\/{rel}","templated":true}]}}