{"id":17760,"date":"2020-12-20T15:22:00","date_gmt":"2020-12-20T15:22:00","guid":{"rendered":"https:\/\/seo-experte-zurich.kleinanzeigen.marketing\/quienes-somos\/"},"modified":"2023-03-31T09:35:22","modified_gmt":"2023-03-31T09:35:22","slug":"quienes-somos","status":"publish","type":"page","link":"https:\/\/seo-experte-zurich.kleinanzeigen.marketing\/es\/quienes-somos\/","title":{"rendered":"Qui\u00e9nes somos"},"content":{"rendered":"\n<p>Sven Wittibschlager  <\/p>\n\n<ul>\n<li>Propietario de la agencia SEO Wittibschlager<\/li>\n\n\n\n<li>Experto en SEO y marketing digital  <\/li>\n\n\n\n<li>Profesor de formaci\u00f3n profesional: educaci\u00f3n general y deporte<\/li>\n\n\n\n<li>Empresario<\/li>\n<\/ul>\n\n<figure class=\"wp-block-image size-full\"><img decoding=\"async\" src=\"https:\/\/seo-experte-zurich.kleinanzeigen.marketing\/wp-content\/uploads\/2023\/02\/Bildschirm&#xAD;foto-2023-02-09-um-14.13.43.png\" alt=\"\" class=\"wp-image-11276\"\/><figcaption class=\"wp-element-caption\">  Experto SEO Zurich<\/figcaption><\/figure>\n<h2 class=\"wp-block-heading\" id=\"h-wie-man-auf-google-platz-1-kommt\">\u00bfC\u00f3mo llegar al puesto 1 de Google?<\/h2>\n\n<p>\u00bfQu\u00e9 significa el t\u00e9rmino SEO?<\/p>\n\n<p>SEO es la abreviatura de Search Engine Optimization (optimizaci\u00f3n para motores de b\u00fasqueda) en alem\u00e1n. SEO significa \u00abSearch Engine Optimisation\u00bb (optimizaci\u00f3n para motores de b\u00fasqueda) y es el sin\u00f3nimo correspondiente del t\u00e9rmino alem\u00e1n \u00abSuchmaschinenoptimierung\u00bb. Se refiere a las t\u00e9cnicas que hacen que los sitios web sean m\u00e1s visibles y consigan una mejor clasificaci\u00f3n en los resultados de b\u00fasqueda de Google y otros motores de b\u00fasqueda. Es un s\u00edmbolo de los pasos necesarios para posicionar un sitio web en la primera p\u00e1gina de la lista de resultados de Google. Es un medio eficaz para hacer avanzar a un bando.<\/p>\n\n<figure class=\"wp-block-embed is-type-wp-embed is-provider-seo-experte wp-block-embed-seo-experte\"><div class=\"wp-block-embed__wrapper\">\n<blockquote class=\"wp-embedded-content\" data-secret=\"gWAVMGuODW\"><a href=\"https:\/\/seo-experte-zurich.kleinanzeigen.marketing\/\">SEO Experte Z\u00fcrich!<\/a><\/blockquote><iframe class=\"wp-embedded-content\" sandbox=\"allow-scripts\" security=\"restricted\" style=\"position: absolute; clip: rect(1px, 1px, 1px, 1px);\" title=\"\u00abSEO Experte Z\u00fcrich!\u00bb \u2014 SEO Experten der SEO Agentur Wittibschlager bringen Ihr Unternehmen an die Spitze!\" src=\"https:\/\/seo-experte-zurich.kleinanzeigen.marketing\/embed\/#?secret=OPUcdticNK#?secret=gWAVMGuODW\" data-secret=\"gWAVMGuODW\" width=\"600\" height=\"338\" frameborder=\"0\" marginwidth=\"0\" marginheight=\"0\" scrolling=\"no\"><\/iframe>\n<\/div><\/figure>\n\n<p><a href=\"https:\/\/seo-experte-zurich.kleinanzeigen.marketing\/wie-lange-bleibt-meine-webseite-auf-google-platz-1\/\">https:\/\/seo-experte-zurich.kleinanzeigen.marketing\/wie-lange-bleibt-meine-webseite-auf-google-platz-1\/Wie<\/a>\u00bfse puede llegar al puesto 1 de Google r\u00e1pidamente?<\/p>\n\n<p><strong>\u00bfPor qu\u00e9 es tan importante aparecer en las primeras posiciones de los resultados de b\u00fasqueda de Google?<\/strong><\/p>\n\n<p>Una optimizaci\u00f3n SEO eficaz aumenta la visibilidad del sitio web en los motores de b\u00fasqueda de Google, lo que genera m\u00e1s visitantes, clientes potenciales y ventas.<\/p>\n\n<p>Es esencial aparecer en la 1\u00aa p\u00e1gina de Google para aumentar su visibilidad y llegar a m\u00e1s clientes. Esto aumenta el beneficio. Si no es as\u00ed, es como si su excelente producto permaneciera oculto en un s\u00f3tano oscuro y nadie pudiera verlo. Por lo tanto, es esencial garantizar la presencia en l\u00ednea y la capacidad de b\u00fasqueda para tener \u00e9xito en el mercado. Con el posicionamiento en la 1\u00aa p\u00e1gina de Google puede aumentar enormemente su popularidad.<\/p>\n\n<p><strong>\u00bfExisten diferentes pautas para lograr una posici\u00f3n alta en los resultados de b\u00fasqueda?<\/strong><\/p>\n\n<p>Google proporciona informaci\u00f3n en forma de documentos en los que se describe c\u00f3mo conseguir su clasificaci\u00f3n en la 1\u00aa p\u00e1gina de Google sin pagar. Una b\u00fasqueda r\u00e1pida del t\u00e9rmino \u00abintroducci\u00f3n a la optimizaci\u00f3n de motores de b\u00fasqueda\u00bb conduce directamente a este importante documento.  <\/p>\n\n<p>Existen diferentes directrices y algoritmos para los distintos motores de b\u00fasqueda, lo que significa que puede haber diferencias en los factores considerados por un motor de b\u00fasqueda para determinar la relevancia y la clasificaci\u00f3n de un sitio web. Google puede prestar m\u00e1s atenci\u00f3n a la calidad del contenido, la usabilidad y la condici\u00f3n de experto, entre otras cosas, mientras que otros motores de b\u00fasqueda dan m\u00e1s importancia a aspectos t\u00e9cnicos como los tiempos de carga o la optimizaci\u00f3n para m\u00f3viles. Por lo tanto, es esencial comprender las directrices y preferencias de cada motor de b\u00fasqueda si desea obtener una buena clasificaci\u00f3n en sus resultados.<\/p>\n\n<p>Proporciona una orientaci\u00f3n clara y detallada sobre el camino hacia el posicionamiento en la 1\u00aa p\u00e1gina. Por ejemplo, exigen que cada palabra clave se incluya en el texto una vez en negrita, una vez en cursiva, una vez en un encabezamiento H1 y una vez en un encabezamiento H2.<\/p>\n\n<figure class=\"wp-block-image size-large\"><img decoding=\"async\" width=\"1024\" height=\"416\" src=\"https:\/\/seo-experte-zurich.kleinanzeigen.marketing\/wp-content\/uploads\/2023\/02\/online-marketing-fuer-kmu-zurich-1-1024x416.png\" alt=\"\" class=\"wp-image-11027\" srcset=\"https:\/\/seo-experte-zurich.kleinanzeigen.marketing\/wp-content\/uploads\/2023\/02\/online-marketing-fuer-kmu-zurich-1-1024x416.png 1024w, https:\/\/seo-experte-zurich.kleinanzeigen.marketing\/wp-content\/uploads\/2023\/02\/online-marketing-fuer-kmu-zurich-1-300x122.png 300w, https:\/\/seo-experte-zurich.kleinanzeigen.marketing\/wp-content\/uploads\/2023\/02\/online-marketing-fuer-kmu-zurich-1-768x312.png 768w, https:\/\/seo-experte-zurich.kleinanzeigen.marketing\/wp-content\/uploads\/2023\/02\/online-marketing-fuer-kmu-zurich-1-1536x624.png 1536w, https:\/\/seo-experte-zurich.kleinanzeigen.marketing\/wp-content\/uploads\/2023\/02\/online-marketing-fuer-kmu-zurich-1.png 1822w\" sizes=\"(max-width: 1024px) 100vw, 1024px\" \/><\/figure>\n<p><strong>\u00bfC\u00f3mo llegar a la primera p\u00e1gina de Google en pocos minutos?<\/strong><\/p>\n\n<p>Para aparecer r\u00e1pidamente en la primera p\u00e1gina de Google, se puede recurrir a la publicidad de pago, la segmentaci\u00f3n por palabras clave, la aceleraci\u00f3n de la velocidad de carga de la p\u00e1gina, la creaci\u00f3n de contenidos de calidad y la creaci\u00f3n de v\u00ednculos de retroceso. Tenga en cuenta, sin embargo, que aplicar estas medidas requiere mucho tiempo y energ\u00eda y que no hay garant\u00eda de que su sitio web aparezca en un plazo determinado.<\/p>\n\n<p>Es una simple cuesti\u00f3n de saber si una agencia de SEO es realmente fiable y puede conseguir que su sitio web en la primera p\u00e1gina de Google, aunque las agencias de optimizaci\u00f3n de motores de b\u00fasqueda est\u00e1n disponibles en todas partes<\/p>\n\n<p><strong>\u00bfPuede alcanzar r\u00e1pidamente el primer puesto en Google?<\/strong><\/p>\n\n<p>Es totalmente posible progresar en la optimizaci\u00f3n para motores de b\u00fasqueda en un plazo determinado si se ofrecen contenidos relevantes y de alta calidad, se crean conexiones y se adapta el sitio web a las directrices de Google. Sin embargo, no hay garant\u00eda de que alcance el primer puesto en Google. La optimizaci\u00f3n en buscadores es un proceso continuo que requiere tiempo, trabajo y experiencia para lograr resultados sostenibles.<\/p>\n\n<p><strong>Nuestro enfoque para alcanzar objetivos r\u00e1pidamente:<\/strong><\/p>\n\n<p>Nuestro equipo SEO ha creado una lista de tres palabras clave que se ajustan exactamente a sus preferencias. Tras su aprobaci\u00f3n, un redactor experto en SEO crear\u00e1 un art\u00edculo de alta calidad de unas 1.000 palabras y 3-4 im\u00e1genes. Para que pueda estar seguro de que su contribuci\u00f3n es comprensible e impecable, se someter\u00e1 a una revisi\u00f3n intensiva el mismo d\u00eda o, como muy tarde, al d\u00eda siguiente. Si est\u00e1 satisfecho con el resultado final, nuestro equipo SEO intervendr\u00e1 y cumplir\u00e1 las especificaciones de Google, que incluyen un total de 220 factores de clasificaci\u00f3n.<\/p>\n\n<figure class=\"wp-block-embed is-type-wp-embed is-provider-seo-experte wp-block-embed-seo-experte\"><div class=\"wp-block-embed__wrapper\">\n<blockquote class=\"wp-embedded-content\" data-secret=\"LykuQTFZNS\"><a href=\"https:\/\/seo-experte-zurich.kleinanzeigen.marketing\/wie-lange-bleibt-meine-webseite-auf-google-platz-1\/\">Wie lange bleibt eine SEO-optimierte Webseite auf Google Platz 1?<\/a><\/blockquote><iframe class=\"wp-embedded-content\" sandbox=\"allow-scripts\" security=\"restricted\" style=\"position: absolute; clip: rect(1px, 1px, 1px, 1px);\" title=\"\u00abWie lange bleibt eine SEO-optimierte Webseite auf Google Platz 1?\u00bb \u2014 SEO Experten der SEO Agentur Wittibschlager bringen Ihr Unternehmen an die Spitze!\" src=\"https:\/\/seo-experte-zurich.kleinanzeigen.marketing\/wie-lange-bleibt-meine-webseite-auf-google-platz-1\/embed\/#?secret=iKmn1qUiX5#?secret=LykuQTFZNS\" data-secret=\"LykuQTFZNS\" width=\"600\" height=\"338\" frameborder=\"0\" marginwidth=\"0\" marginheight=\"0\" scrolling=\"no\"><\/iframe>\n<\/div><\/figure>\n\n<figure class=\"wp-block-image size-large\"><img decoding=\"async\" width=\"1024\" height=\"182\" src=\"https:\/\/seo-experte-zurich.kleinanzeigen.marketing\/wp-content\/uploads\/2023\/02\/seo-service-1024x182.png\" alt=\"\" class=\"wp-image-11028\" srcset=\"https:\/\/seo-experte-zurich.kleinanzeigen.marketing\/wp-content\/uploads\/2023\/02\/seo-service-1024x182.png 1024w, https:\/\/seo-experte-zurich.kleinanzeigen.marketing\/wp-content\/uploads\/2023\/02\/seo-service-300x53.png 300w, https:\/\/seo-experte-zurich.kleinanzeigen.marketing\/wp-content\/uploads\/2023\/02\/seo-service-768x136.png 768w, https:\/\/seo-experte-zurich.kleinanzeigen.marketing\/wp-content\/uploads\/2023\/02\/seo-service-1536x273.png 1536w, https:\/\/seo-experte-zurich.kleinanzeigen.marketing\/wp-content\/uploads\/2023\/02\/seo-service.png 1632w\" sizes=\"(max-width: 1024px) 100vw, 1024px\" \/><\/figure>\n<p><strong>\u00bfEs necesario utilizar contenidos, textos e im\u00e1genes optimizados para SEO para que funcione?  <\/strong><\/p>\n\n<p>Para una clasificaci\u00f3n SEO \u00f3ptima, es esencial integrar tanto texto como im\u00e1genes en su contenido. Los textos le permiten utilizar palabras y frases clave relevantes para que su presencia en la web sea m\u00e1s localizable para consultas de b\u00fasqueda espec\u00edficas. Las im\u00e1genes y los gr\u00e1ficos ayudan a que el contenido sea atractivo y atrayente, mejorando as\u00ed la experiencia del usuario. Tenga en cuenta, sin embargo, que las im\u00e1genes y los gr\u00e1ficos deben nombrarse y etiquetarse adecuadamente para ayudar a los motores de b\u00fasqueda a entender el contenido. Para atraer a su p\u00fablico objetivo y satisfacer a los motores de b\u00fasqueda, sus contenidos deben ser pertinentes y de calidad.<\/p>\n\n<p><strong>El contenido es el rey<\/strong><\/p>\n\n<p>La calidad del contenido es crucial. \u00bfPor qu\u00e9? Porque Google responde a lo que buscas. Para ofrecer una soluci\u00f3n, es importante que la presente con claridad. M\u00e1s que unas pocas frases. Cuente su historia, profundice en su experiencia y en las soluciones que propone. Por lo tanto, se recomienda utilizar al menos 800-1000 palabras e integrar tres t\u00e9rminos de b\u00fasqueda. De esta forma puede garantizar la lista de sugerencias cuando se busque su p\u00e1gina en Google.<\/p>\n\n<p><strong>\u00bfPor qu\u00e9 muchos infringen las directrices de Google?<\/strong><\/p>\n\n<p>Es esencial que interioricemos y sigamos las directrices de Google para mantener una posici\u00f3n saludable en las consultas de b\u00fasqueda y crear una experiencia de usuario positiva. La ignorancia, la premura de tiempo, el desconocimiento de las implicaciones a largo plazo o el intento de superar a la competencia pueden hacer que nuestro sitio web sea penalizado por Google, lo que a su vez puede suponer una p\u00e9rdida de tr\u00e1fico y ventas.<\/p>\n\n<p>Si quieres alcanzar el verdadero \u00e9xito, debes cumplir las expectativas de Google. Es f\u00e1cil obtener la informaci\u00f3n necesaria para ello en Internet, como en las directrices para clasificar la calidad de los resultados de b\u00fasqueda, el User Experience Playbook for Retail o la Introducci\u00f3n a la optimizaci\u00f3n de motores de b\u00fasqueda. Si sigues todo esto, conseguir\u00e1s buenos resultados, de forma f\u00e1cil y fiable.<\/p>\n\n<ul>\n<li><a href=\"http:\/\/seo-agentur-schweiz.kleinanzeigen.marketing\">Introducci\u00f3n a la optimizaci\u00f3n de motores de b\u00fasqueda<\/a> <\/li>\n\n\n\n<li><a href=\"https:\/\/www.Kleinanzeigen.marketing\/data\/documents\/User-Experience-.pdf\">Experiencia del usuario  <\/a><\/li>\n\n\n\n<li><a href=\"https:\/\/www.Kleinanzeigen.marketing\/data\/documents\/searchqualityevaluatorguidelines.pdf\">Gu\u00eda pr\u00e1ctica para el comercio minorista \/ Directrices para calificar la calidad de los resultados de b\u00fasqueda<\/a><\/li>\n<\/ul>\n\n<ul class=\"wp-block-yoast-seo-related-links\"><li><a href=\"https:\/\/seo-experte-zurich.kleinanzeigen.marketing\/arbeitsrecht\/webseiten\/\">P\u00e1ginas web<\/a><\/li><li><a href=\"https:\/\/seo-experte-zurich.kleinanzeigen.marketing\/es\/?page_id=17840\">Aumentar el \u00e9xito<\/a><\/li><li><a href=\"https:\/\/seo-experte-zurich.kleinanzeigen.marketing\/kundenreferenzen\/\">Referencias de clientes<\/a><\/li><\/ul>\n<div style='text-align:center' class='yasr-auto-insert-visitor'><!--Yasr Visitor Votes Shortcode--><div id='yasr_visitor_votes_69f6a66e3829b' class='yasr-visitor-votes'><div class=\"yasr-custom-text-vv-before yasr-custom-text-vv-before-17760\">Ratings \/ Bewertungen<\/div><div id='yasr-vv-second-row-container-69f6a66e3829b'\r\n                                        class='yasr-vv-second-row-container'><div id='yasr-visitor-votes-rater-69f6a66e3829b'\r\n                                      class='yasr-rater-stars-vv'\r\n                                      data-rater-postid='17760'\r\n                                      data-rating='0'\r\n                                      data-rater-starsize='24'\r\n                                      data-rater-readonly='true'\r\n                                      data-rater-nonce='32eececd7e'\r\n                                      data-issingular='false'\r\n                                    ><\/div><div class=\"yasr-vv-stats-text-container\" id=\"yasr-vv-stats-text-container-69f6a66e3829b\"><svg xmlns=\"https:\/\/www.w3.org\/2000\/svg\" width=\"20\" height=\"20\"\r\n                                   class=\"yasr-dashicons-visitor-stats\"\r\n                                   data-postid=\"17760\"\r\n                                   id=\"yasr-stats-dashicon-69f6a66e3829b\">\r\n                                   <path d=\"M18 18v-16h-4v16h4zM12 18v-11h-4v11h4zM6 18v-8h-4v8h4z\"><\/path>\r\n                               <\/svg><span id=\"yasr-vv-text-container-69f6a66e3829b\" class=\"yasr-vv-text-container\">[Anzahl der Bewertungen: <span id=\"yasr-vv-votes-number-container-69f6a66e3829b\">0<\/span>  Durchschnitt: <span id=\"yasr-vv-average-container-69f6a66e3829b\">0<\/span>]<\/span><\/div><div id='yasr-vv-loader-69f6a66e3829b' class='yasr-vv-container-loader'><\/div><\/div><div id='yasr-vv-bottom-container-69f6a66e3829b' class='yasr-vv-bottom-container'><div class='yasr-small-block-bold'><span class='yasr-visitor-votes-must-sign-in'>99% zufriedene Nutzer \/ Durchschnittsbewertungen unserer Klienten<\/span><\/div><\/div><\/div><!--End Yasr Visitor Votes Shortcode--><\/div>","protected":false},"excerpt":{"rendered":"<p>Sven Wittibschlager \u00bfC\u00f3mo llegar al puesto 1 de Google? \u00bfQu\u00e9 significa el t\u00e9rmino SEO? SEO es la abreviatura de Search Engine Optimization (optimizaci\u00f3n para motores de b\u00fasqueda) en alem\u00e1n. SEO significa \u00abSearch Engine Optimisation\u00bb (optimizaci\u00f3n para motores de b\u00fasqueda) y es el sin\u00f3nimo correspondiente del t\u00e9rmino alem\u00e1n \u00abSuchmaschinenoptimierung\u00bb. Se refiere a las t\u00e9cnicas que hacen &#8230; <a title=\"Qui\u00e9nes somos\" class=\"read-more\" href=\"https:\/\/seo-experte-zurich.kleinanzeigen.marketing\/es\/quienes-somos\/\" aria-label=\"M\u00e1s en Qui\u00e9nes somos\">Leer m\u00e1s<\/a><\/p>\n","protected":false},"author":1,"featured_media":14963,"parent":0,"menu_order":0,"comment_status":"closed","ping_status":"closed","template":"","meta":{"yasr_overall_rating":0,"yasr_post_is_review":"","yasr_auto_insert_disabled":"","yasr_review_type":""},"yasr_visitor_votes":{"stars_attributes":{"read_only":true,"span_bottom":"<div class='yasr-small-block-bold'><span class='yasr-visitor-votes-must-sign-in'>99% zufriedene Nutzer \/ Durchschnittsbewertungen unserer Klienten<\/span><\/div>"},"number_of_votes":0,"sum_votes":0},"acf":[],"yoast_head":"<!-- This site is optimized with the Yoast SEO Premium plugin v20.0 (Yoast SEO v21.8.1) - https:\/\/yoast.com\/wordpress\/plugins\/seo\/ -->\n<title>Sobre nosotros - Para estar entre los primeros en Google<\/title>\n<meta name=\"description\" content=\"Confirmo que estoy clasificado n\u00ba 1 por Google como &quot;experto en SEO&quot;. Mi afirmaci\u00f3n puede verificarse en cualquier momento.\" \/>\n<meta name=\"robots\" content=\"index, follow, max-snippet:-1, max-image-preview:large, max-video-preview:-1\" \/>\n<link rel=\"canonical\" href=\"https:\/\/seo-experte-zurich.kleinanzeigen.marketing\/es\/quienes-somos\/\" \/>\n<meta property=\"og:locale\" content=\"es_ES\" \/>\n<meta property=\"og:type\" content=\"article\" \/>\n<meta property=\"og:title\" content=\"Acerca de nosotros - Para estar entre los primeros en Google\" \/>\n<meta property=\"og:description\" content=\"Los expertos en SEO de la Agencia SEO Z\u00farich le llevan a lo m\u00e1s alto de los resultados de b\u00fasqueda de Google.\" \/>\n<meta property=\"og:url\" content=\"https:\/\/seo-experte-zurich.kleinanzeigen.marketing\/es\/quienes-somos\/\" \/>\n<meta property=\"og:site_name\" content=\"Los expertos en SEO de SEO Agentur Wittibschlager llevan a su empresa a lo m\u00e1s alto.\" \/>\n<meta property=\"article:modified_time\" content=\"2023-03-31T09:35:22+00:00\" \/>\n<meta property=\"og:image\" content=\"https:\/\/seo-experte-zurich.kleinanzeigen.marketing\/wp-content\/uploads\/2023\/02\/Bildschirm\u00adfoto-2023-02-28-um-12.48.01.png\" \/>\n\t<meta property=\"og:image:width\" content=\"1000\" \/>\n\t<meta property=\"og:image:height\" content=\"692\" \/>\n\t<meta property=\"og:image:type\" content=\"image\/png\" \/>\n<meta name=\"twitter:label1\" content=\"Tiempo de lectura\" \/>\n\t<meta name=\"twitter:data1\" content=\"6 minutos\" \/>\n<meta name=\"geo.position\" content=\"47.2955821;8.6344146\" \/>\n<meta name=\"geo.region\" content=\"Suiza\" \/>\n<!-- \/ Yoast SEO Premium plugin. -->","yoast_head_json":{"title":"Sobre nosotros - Para estar entre los primeros en Google","description":"Confirmo que estoy clasificado n\u00ba 1 por Google como \"experto en SEO\". Mi afirmaci\u00f3n puede verificarse en cualquier momento.","robots":{"index":"index","follow":"follow","max-snippet":"max-snippet:-1","max-image-preview":"max-image-preview:large","max-video-preview":"max-video-preview:-1"},"canonical":"https:\/\/seo-experte-zurich.kleinanzeigen.marketing\/es\/quienes-somos\/","og_locale":"es_ES","og_type":"article","og_title":"Acerca de nosotros - Para estar entre los primeros en Google","og_description":"Los expertos en SEO de la Agencia SEO Z\u00farich le llevan a lo m\u00e1s alto de los resultados de b\u00fasqueda de Google.","og_url":"https:\/\/seo-experte-zurich.kleinanzeigen.marketing\/es\/quienes-somos\/","og_site_name":"Los expertos en SEO de SEO Agentur Wittibschlager llevan a su empresa a lo m\u00e1s alto.","article_modified_time":"2023-03-31T09:35:22+00:00","og_image":[{"width":1000,"height":692,"url":"https:\/\/seo-experte-zurich.kleinanzeigen.marketing\/wp-content\/uploads\/2023\/02\/Bildschirm\u00adfoto-2023-02-28-um-12.48.01.png","type":"image\/png"}],"twitter_misc":{"Tiempo de lectura":"6 minutos"},"schema":{"@context":"https:\/\/schema.org","@graph":[{"@type":"WebPage","@id":"https:\/\/seo-experte-zurich.kleinanzeigen.marketing\/es\/quienes-somos\/","url":"https:\/\/seo-experte-zurich.kleinanzeigen.marketing\/es\/quienes-somos\/","name":"Sobre nosotros - Para estar entre los primeros en Google","isPartOf":{"@id":"https:\/\/seo-experte-zurich.kleinanzeigen.marketing\/es\/#website"},"datePublished":"2020-12-20T15:22:00+00:00","dateModified":"2023-03-31T09:35:22+00:00","description":"Confirmo que estoy clasificado n\u00ba 1 por Google como \"experto en SEO\". Mi afirmaci\u00f3n puede verificarse en cualquier momento.","breadcrumb":{"@id":"https:\/\/seo-experte-zurich.kleinanzeigen.marketing\/es\/quienes-somos\/#breadcrumb"},"inLanguage":"es","potentialAction":[{"@type":"ReadAction","target":["https:\/\/seo-experte-zurich.kleinanzeigen.marketing\/es\/quienes-somos\/"]}]},{"@type":"BreadcrumbList","@id":"https:\/\/seo-experte-zurich.kleinanzeigen.marketing\/es\/quienes-somos\/#breadcrumb","itemListElement":[{"@type":"ListItem","position":1,"name":"Inicio","item":"https:\/\/seo-experte-zurich.kleinanzeigen.marketing\/es\/experto-en-seo-en-zurich\/"},{"@type":"ListItem","position":2,"name":"Qui\u00e9nes somos"}]},{"@type":"WebSite","@id":"https:\/\/seo-experte-zurich.kleinanzeigen.marketing\/es\/#website","url":"https:\/\/seo-experte-zurich.kleinanzeigen.marketing\/es\/","name":"Los expertos en SEO de SEO Agentur Wittibschlager llevan a su empresa a lo m\u00e1s alto.","description":"Agencia SEO Zurich: SEO - SEA - Social - Web - Dise\u00f1o - PR - Shopping - Video - Publicidad Nativa","publisher":{"@id":"https:\/\/seo-experte-zurich.kleinanzeigen.marketing\/es\/#organization"},"potentialAction":[{"@type":"SearchAction","target":{"@type":"EntryPoint","urlTemplate":"https:\/\/seo-experte-zurich.kleinanzeigen.marketing\/es\/?s={search_term_string}"},"query-input":"required name=search_term_string"}],"inLanguage":"es"},{"@type":["Organization","Place"],"@id":"https:\/\/seo-experte-zurich.kleinanzeigen.marketing\/es\/#organization","name":"Agencia SEO Wittibschlager","url":"https:\/\/seo-experte-zurich.kleinanzeigen.marketing\/es\/","logo":{"@id":"https:\/\/seo-experte-zurich.kleinanzeigen.marketing\/es\/quienes-somos\/#local-main-organization-logo"},"image":{"@id":"https:\/\/seo-experte-zurich.kleinanzeigen.marketing\/es\/quienes-somos\/#local-main-organization-logo"},"geo":{"@type":"GeoCoordinates","latitude":"47.2955821","longitude":"8.6344146"},"telephone":["+41 78 781 81 09","+41 78 781 81 09"],"openingHoursSpecification":[{"@type":"OpeningHoursSpecification","dayOfWeek":["Monday","Tuesday","Wednesday","Thursday","Friday","Saturday","Sunday"],"opens":"09:00","closes":"17:00"}],"email":"info@keinanzeigen.marketing"},{"@type":"ImageObject","inLanguage":"es","@id":"https:\/\/seo-experte-zurich.kleinanzeigen.marketing\/es\/quienes-somos\/#local-main-organization-logo","url":"https:\/\/seo-experte-zurich.kleinanzeigen.marketing\/wp-content\/uploads\/2020\/12\/cropped-Bildschirmfoto-2020-12-06-um-20.04.19-2.png","contentUrl":"https:\/\/seo-experte-zurich.kleinanzeigen.marketing\/wp-content\/uploads\/2020\/12\/cropped-Bildschirmfoto-2020-12-06-um-20.04.19-2.png","width":1348,"height":804,"caption":"Agencia SEO Wittibschlager"},false]},"geo.position":{"lat":"47.2955821","long":"8.6344146"},"geo.region":"Suiza"},"_links":{"self":[{"href":"https:\/\/seo-experte-zurich.kleinanzeigen.marketing\/es\/wp-json\/wp\/v2\/pages\/17760"}],"collection":[{"href":"https:\/\/seo-experte-zurich.kleinanzeigen.marketing\/es\/wp-json\/wp\/v2\/pages"}],"about":[{"href":"https:\/\/seo-experte-zurich.kleinanzeigen.marketing\/es\/wp-json\/wp\/v2\/types\/page"}],"author":[{"embeddable":true,"href":"https:\/\/seo-experte-zurich.kleinanzeigen.marketing\/es\/wp-json\/wp\/v2\/users\/1"}],"replies":[{"embeddable":true,"href":"https:\/\/seo-experte-zurich.kleinanzeigen.marketing\/es\/wp-json\/wp\/v2\/comments?post=17760"}],"version-history":[{"count":0,"href":"https:\/\/seo-experte-zurich.kleinanzeigen.marketing\/es\/wp-json\/wp\/v2\/pages\/17760\/revisions"}],"wp:featuredmedia":[{"embeddable":true,"href":"https:\/\/seo-experte-zurich.kleinanzeigen.marketing\/es\/wp-json\/wp\/v2\/media\/14963"}],"wp:attachment":[{"href":"https:\/\/seo-experte-zurich.kleinanzeigen.marketing\/es\/wp-json\/wp\/v2\/media?parent=17760"}],"curies":[{"name":"wp","href":"https:\/\/api.w.org\/{rel}","templated":true}]}}