{"id":17766,"date":"2020-12-29T16:32:39","date_gmt":"2020-12-29T16:32:39","guid":{"rendered":"https:\/\/seo-experte-zurich.kleinanzeigen.marketing\/pie-de-imprenta\/"},"modified":"2023-03-31T09:37:37","modified_gmt":"2023-03-31T09:37:37","slug":"pie-de-imprenta","status":"publish","type":"page","link":"https:\/\/seo-experte-zurich.kleinanzeigen.marketing\/es\/pie-de-imprenta\/","title":{"rendered":"Pie de imprenta"},"content":{"rendered":"\n<h1 class=\"wp-block-heading\" id=\"h-kontakt\">Contacte con<\/h1>\n\n<p>6 de febrero de 2023 por <a href=\"https:\/\/seo-experte-zurich.kleinanzeigen.marketing\/author\/anwalt-zuerich\/\">Agencia SEO Zurich<\/a><\/p>\n\n<figure class=\"wp-block-image\"><img decoding=\"async\" src=\"https:\/\/seo-experte-zurich.kleinanzeigen.marketing\/wp-content\/uploads\/2023\/02\/Bildschirm%C2%ADfoto-2023-02-09-um-14.13.43.png\" alt=\"Experto en SEO\"\/><figcaption class=\"wp-element-caption\">Experto en SEO<\/figcaption><\/figure>\n<p>Agencia SEO Wittibschager<br\/><a rel=\"noreferrer noopener\" href=\"https:\/\/www.google.com\/maps\/place\/Grundhofstrasse+29,+8704+Herrliberg\/@47.2857786,8.619976,17z\/data=!3m1!4b1!4m6!3m5!1s0x479aa5f9766f464b:0xed2b5762822e1d91!8m2!3d47.2857786!4d8.62217!16s%2Fg%2F11c2184s21\" target=\"_blank\">Grundhofstrasse 29<\/a><br\/><a rel=\"noreferrer noopener\" href=\"https:\/\/goo.gl\/maps\/E4V4T7RahQC2FXwy6\" target=\"_blank\">8704 Herrliberg<\/a><\/p>\n\n<p><a href=\"tel:+41787818109\">+41 078 78181 09<\/a><br\/><a href=\"mailto:info@kleinanzeigen.marketing\" target=\"_blank\" rel=\"noreferrer noopener\">info@kleinanzeigen.marketing<\/a><\/p>\n\n<p>La Comisi\u00f3n Europea ofrece una plataforma para la resoluci\u00f3n de litigios en l\u00ednea.<br\/>(OS) listo: <a href=\"https:\/\/ec.europa.eu\/consumers\/odr\" target=\"_blank\" rel=\"noreferrer noopener\">https:\/\/ec.europa.eu\/consumers\/odr.<\/a><br\/>Encontrar\u00e1 nuestra direcci\u00f3n de correo electr\u00f3nico m\u00e1s arriba<br\/>en la huella.<\/p>\n\n<p>No estamos dispuestos ni obligados a participar en procedimientos de resoluci\u00f3n de litigios ante un<br\/>junta arbitral de consumo.<\/p>\n\n<h2 class=\"wp-block-heading\">Responsabilidad por el contenido<\/h2>\n\n<p>Como proveedor de servicios, estamos obligados seg\u00fan el \u00a7 7 p\u00e1rr. 1 TMG, la Ley Alemana de Telemedia (TMG) es responsable de su propio contenido en estas p\u00e1ginas de acuerdo con las leyes generales. Sin embargo, seg\u00fan los art\u00edculos 8 a 10 de la TMG, no estamos obligados a supervisar la informaci\u00f3n de terceros transmitida o almacenada ni a investigar circunstancias que indiquen una infracci\u00f3n de la ley. Aunque no tenemos tal obligaci\u00f3n, los requisitos legales para eliminar o bloquear el uso de la informaci\u00f3n siguen plenamente vigentes. Sin embargo, la responsabilidad s\u00f3lo puede entrar en vigor a partir del momento en que se tiene conocimiento de una infracci\u00f3n concreta. Si tuvi\u00e9ramos conocimiento de alguna infracci\u00f3n legal de este tipo, eliminar\u00edamos este contenido inmediatamente.<\/p>\n\n<h2 class=\"wp-block-heading\">Responsabilidad de los enlaces<\/h2>\n\n<p>Nuestra oferta proporciona enlaces a sitios web externos de terceros, cuyos contenidos est\u00e1n fuera de nuestro \u00e1mbito de influencia. En consecuencia, no podemos asumir ninguna garant\u00eda por estos contenidos externos. El responsable del contenido de las p\u00e1ginas es siempre el proveedor u operador de las mismas. Hemos comprobado que las p\u00e1ginas enlazadas no infringen la ley en el momento de establecer el enlace. Una posible infracci\u00f3n no era reconocible en ese momento. Sin embargo, el control permanente de las p\u00e1ginas enlazadas sin indicios concretos de violaci\u00f3n de la ley no es razonable. Si tenemos conocimiento de alguna infracci\u00f3n, eliminaremos dichos enlaces inmediatamente.<\/p>\n\n<h2 class=\"wp-block-heading\">Copyright<\/h2>\n\n<p>Las obras creadas por los operadores del sitio est\u00e1n sujetas a la legislaci\u00f3n alemana sobre derechos de autor. Cualquier uso fuera de los l\u00edmites de la ley de propiedad intelectual requiere el consentimiento por escrito del autor o creador respectivo. Las descargas y copias de este sitio est\u00e1n permitidas exclusivamente para uso privado. Se respetan los derechos de autor de terceros para los contenidos de este sitio que no hayan sido creados por el operador y est\u00e1n marcados en consecuencia.  <\/p>\n\n<p>Si, a pesar de todo, descubre una infracci\u00f3n de los derechos de autor, le rogamos que nos lo comunique. Si tenemos conocimiento de alguna infracci\u00f3n, eliminaremos inmediatamente el contenido correspondiente.<\/p>\n\n<p> <\/p>\n<div style='text-align:center' class='yasr-auto-insert-visitor'><!--Yasr Visitor Votes Shortcode--><div id='yasr_visitor_votes_468ecb28629a3' class='yasr-visitor-votes'><div class=\"yasr-custom-text-vv-before yasr-custom-text-vv-before-17766\">Ratings \/ Bewertungen<\/div><div id='yasr-vv-second-row-container-468ecb28629a3'\r\n                                        class='yasr-vv-second-row-container'><div id='yasr-visitor-votes-rater-468ecb28629a3'\r\n                                      class='yasr-rater-stars-vv'\r\n                                      data-rater-postid='17766'\r\n                                      data-rating='0'\r\n                                      data-rater-starsize='24'\r\n                                      data-rater-readonly='true'\r\n                                      data-rater-nonce='32eececd7e'\r\n                                      data-issingular='false'\r\n                                    ><\/div><div class=\"yasr-vv-stats-text-container\" id=\"yasr-vv-stats-text-container-468ecb28629a3\"><svg xmlns=\"https:\/\/www.w3.org\/2000\/svg\" width=\"20\" height=\"20\"\r\n                                   class=\"yasr-dashicons-visitor-stats\"\r\n                                   data-postid=\"17766\"\r\n                                   id=\"yasr-stats-dashicon-468ecb28629a3\">\r\n                                   <path d=\"M18 18v-16h-4v16h4zM12 18v-11h-4v11h4zM6 18v-8h-4v8h4z\"><\/path>\r\n                               <\/svg><span id=\"yasr-vv-text-container-468ecb28629a3\" class=\"yasr-vv-text-container\">[Anzahl der Bewertungen: <span id=\"yasr-vv-votes-number-container-468ecb28629a3\">0<\/span>  Durchschnitt: <span id=\"yasr-vv-average-container-468ecb28629a3\">0<\/span>]<\/span><\/div><div id='yasr-vv-loader-468ecb28629a3' class='yasr-vv-container-loader'><\/div><\/div><div id='yasr-vv-bottom-container-468ecb28629a3' class='yasr-vv-bottom-container'><div class='yasr-small-block-bold'><span class='yasr-visitor-votes-must-sign-in'>99% zufriedene Nutzer \/ Durchschnittsbewertungen unserer Klienten<\/span><\/div><\/div><\/div><!--End Yasr Visitor Votes Shortcode--><\/div>","protected":false},"excerpt":{"rendered":"<p>Contacte con 6 de febrero de 2023 por Agencia SEO Zurich Agencia SEO WittibschagerGrundhofstrasse 298704 Herrliberg +41 078 78181 09info@kleinanzeigen.marketing La Comisi\u00f3n Europea ofrece una plataforma para la resoluci\u00f3n de litigios en l\u00ednea.(OS) listo: https:\/\/ec.europa.eu\/consumers\/odr.Encontrar\u00e1 nuestra direcci\u00f3n de correo electr\u00f3nico m\u00e1s arribaen la huella. No estamos dispuestos ni obligados a participar en procedimientos de resoluci\u00f3n &#8230; <a title=\"Pie de imprenta\" class=\"read-more\" href=\"https:\/\/seo-experte-zurich.kleinanzeigen.marketing\/es\/pie-de-imprenta\/\" aria-label=\"M\u00e1s en Pie de imprenta\">Leer m\u00e1s<\/a><\/p>\n","protected":false},"author":1,"featured_media":0,"parent":0,"menu_order":0,"comment_status":"closed","ping_status":"closed","template":"","meta":{"yasr_overall_rating":0,"yasr_post_is_review":"","yasr_auto_insert_disabled":"","yasr_review_type":""},"yasr_visitor_votes":{"stars_attributes":{"read_only":true,"span_bottom":"<div class='yasr-small-block-bold'><span class='yasr-visitor-votes-must-sign-in'>99% zufriedene Nutzer \/ Durchschnittsbewertungen unserer Klienten<\/span><\/div>"},"number_of_votes":0,"sum_votes":0},"acf":[],"yoast_head":"<!-- This site is optimized with the Yoast SEO Premium plugin v20.0 (Yoast SEO v21.8.1) - https:\/\/yoast.com\/wordpress\/plugins\/seo\/ -->\n<title>imprimir - Experto SEO Zurich<\/title>\n<meta name=\"description\" content=\"imprimir - Experto SEO Zurich\" \/>\n<meta name=\"robots\" content=\"index, follow, max-snippet:-1, max-image-preview:large, max-video-preview:-1\" \/>\n<link rel=\"canonical\" href=\"https:\/\/seo-experte-zurich.kleinanzeigen.marketing\/es\/pie-de-imprenta\/\" \/>\n<meta property=\"og:locale\" content=\"es_ES\" \/>\n<meta property=\"og:type\" content=\"article\" \/>\n<meta property=\"og:title\" content=\"Pie de imprenta\" \/>\n<meta property=\"og:description\" content=\"imprimir - Experto SEO Zurich\" \/>\n<meta property=\"og:url\" content=\"https:\/\/seo-experte-zurich.kleinanzeigen.marketing\/es\/pie-de-imprenta\/\" \/>\n<meta property=\"og:site_name\" content=\"Los expertos en SEO de SEO Agentur Wittibschlager llevan a su empresa a lo m\u00e1s alto.\" \/>\n<meta property=\"article:modified_time\" content=\"2023-03-31T09:37:37+00:00\" \/>\n<meta property=\"og:image\" content=\"https:\/\/seo-experte-zurich.kleinanzeigen.marketing\/wp-content\/uploads\/2023\/02\/Bildschirm%C2%ADfoto-2023-02-09-um-14.13.43.png\" \/>\n<meta name=\"twitter:label1\" content=\"Tiempo de lectura\" \/>\n\t<meta name=\"twitter:data1\" content=\"2 minutos\" \/>\n<meta name=\"geo.position\" content=\"47.2955821;8.6344146\" \/>\n<meta name=\"geo.region\" content=\"Suiza\" \/>\n<!-- \/ Yoast SEO Premium plugin. -->","yoast_head_json":{"title":"imprimir - Experto SEO Zurich","description":"imprimir - Experto SEO Zurich","robots":{"index":"index","follow":"follow","max-snippet":"max-snippet:-1","max-image-preview":"max-image-preview:large","max-video-preview":"max-video-preview:-1"},"canonical":"https:\/\/seo-experte-zurich.kleinanzeigen.marketing\/es\/pie-de-imprenta\/","og_locale":"es_ES","og_type":"article","og_title":"Pie de imprenta","og_description":"imprimir - Experto SEO Zurich","og_url":"https:\/\/seo-experte-zurich.kleinanzeigen.marketing\/es\/pie-de-imprenta\/","og_site_name":"Los expertos en SEO de SEO Agentur Wittibschlager llevan a su empresa a lo m\u00e1s alto.","article_modified_time":"2023-03-31T09:37:37+00:00","og_image":[{"url":"https:\/\/seo-experte-zurich.kleinanzeigen.marketing\/wp-content\/uploads\/2023\/02\/Bildschirm%C2%ADfoto-2023-02-09-um-14.13.43.png"}],"twitter_misc":{"Tiempo de lectura":"2 minutos"},"schema":{"@context":"https:\/\/schema.org","@graph":[{"@type":"WebPage","@id":"https:\/\/seo-experte-zurich.kleinanzeigen.marketing\/es\/pie-de-imprenta\/","url":"https:\/\/seo-experte-zurich.kleinanzeigen.marketing\/es\/pie-de-imprenta\/","name":"imprimir - Experto SEO Zurich","isPartOf":{"@id":"https:\/\/seo-experte-zurich.kleinanzeigen.marketing\/es\/#website"},"datePublished":"2020-12-29T16:32:39+00:00","dateModified":"2023-03-31T09:37:37+00:00","description":"imprimir - Experto SEO Zurich","breadcrumb":{"@id":"https:\/\/seo-experte-zurich.kleinanzeigen.marketing\/es\/pie-de-imprenta\/#breadcrumb"},"inLanguage":"es","potentialAction":[{"@type":"ReadAction","target":["https:\/\/seo-experte-zurich.kleinanzeigen.marketing\/es\/pie-de-imprenta\/"]}]},{"@type":"BreadcrumbList","@id":"https:\/\/seo-experte-zurich.kleinanzeigen.marketing\/es\/pie-de-imprenta\/#breadcrumb","itemListElement":[{"@type":"ListItem","position":1,"name":"Inicio","item":"https:\/\/seo-experte-zurich.kleinanzeigen.marketing\/es\/experto-en-seo-en-zurich\/"},{"@type":"ListItem","position":2,"name":"Pie de imprenta"}]},{"@type":"WebSite","@id":"https:\/\/seo-experte-zurich.kleinanzeigen.marketing\/es\/#website","url":"https:\/\/seo-experte-zurich.kleinanzeigen.marketing\/es\/","name":"Los expertos en SEO de SEO Agentur Wittibschlager llevan a su empresa a lo m\u00e1s alto.","description":"Agencia SEO Zurich: SEO - SEA - Social - Web - Dise\u00f1o - PR - Shopping - Video - Publicidad Nativa","publisher":{"@id":"https:\/\/seo-experte-zurich.kleinanzeigen.marketing\/es\/#organization"},"potentialAction":[{"@type":"SearchAction","target":{"@type":"EntryPoint","urlTemplate":"https:\/\/seo-experte-zurich.kleinanzeigen.marketing\/es\/?s={search_term_string}"},"query-input":"required name=search_term_string"}],"inLanguage":"es"},{"@type":["Organization","Place"],"@id":"https:\/\/seo-experte-zurich.kleinanzeigen.marketing\/es\/#organization","name":"Agencia SEO Wittibschlager","url":"https:\/\/seo-experte-zurich.kleinanzeigen.marketing\/es\/","logo":{"@id":"https:\/\/seo-experte-zurich.kleinanzeigen.marketing\/es\/pie-de-imprenta\/#local-main-organization-logo"},"image":{"@id":"https:\/\/seo-experte-zurich.kleinanzeigen.marketing\/es\/pie-de-imprenta\/#local-main-organization-logo"},"geo":{"@type":"GeoCoordinates","latitude":"47.2955821","longitude":"8.6344146"},"telephone":["+41 78 781 81 09","+41 78 781 81 09"],"openingHoursSpecification":[{"@type":"OpeningHoursSpecification","dayOfWeek":["Monday","Tuesday","Wednesday","Thursday","Friday","Saturday","Sunday"],"opens":"09:00","closes":"17:00"}],"email":"info@keinanzeigen.marketing"},{"@type":"ImageObject","inLanguage":"es","@id":"https:\/\/seo-experte-zurich.kleinanzeigen.marketing\/es\/pie-de-imprenta\/#local-main-organization-logo","url":"https:\/\/seo-experte-zurich.kleinanzeigen.marketing\/wp-content\/uploads\/2020\/12\/cropped-Bildschirmfoto-2020-12-06-um-20.04.19-2.png","contentUrl":"https:\/\/seo-experte-zurich.kleinanzeigen.marketing\/wp-content\/uploads\/2020\/12\/cropped-Bildschirmfoto-2020-12-06-um-20.04.19-2.png","width":1348,"height":804,"caption":"Agencia SEO Wittibschlager"},false]},"geo.position":{"lat":"47.2955821","long":"8.6344146"},"geo.region":"Suiza"},"_links":{"self":[{"href":"https:\/\/seo-experte-zurich.kleinanzeigen.marketing\/es\/wp-json\/wp\/v2\/pages\/17766"}],"collection":[{"href":"https:\/\/seo-experte-zurich.kleinanzeigen.marketing\/es\/wp-json\/wp\/v2\/pages"}],"about":[{"href":"https:\/\/seo-experte-zurich.kleinanzeigen.marketing\/es\/wp-json\/wp\/v2\/types\/page"}],"author":[{"embeddable":true,"href":"https:\/\/seo-experte-zurich.kleinanzeigen.marketing\/es\/wp-json\/wp\/v2\/users\/1"}],"replies":[{"embeddable":true,"href":"https:\/\/seo-experte-zurich.kleinanzeigen.marketing\/es\/wp-json\/wp\/v2\/comments?post=17766"}],"version-history":[{"count":0,"href":"https:\/\/seo-experte-zurich.kleinanzeigen.marketing\/es\/wp-json\/wp\/v2\/pages\/17766\/revisions"}],"wp:attachment":[{"href":"https:\/\/seo-experte-zurich.kleinanzeigen.marketing\/es\/wp-json\/wp\/v2\/media?parent=17766"}],"curies":[{"name":"wp","href":"https:\/\/api.w.org\/{rel}","templated":true}]}}