{"id":17840,"date":"2020-11-11T10:29:29","date_gmt":"2020-11-11T10:29:29","guid":{"rendered":"https:\/\/seo-experte-zurich.kleinanzeigen.marketing\/aumentar-el-exito\/"},"modified":"2023-03-31T11:07:36","modified_gmt":"2023-03-31T11:07:36","slug":"aumentar-el-exito","status":"publish","type":"page","link":"https:\/\/seo-experte-zurich.kleinanzeigen.marketing\/es\/aumentar-el-exito\/","title":{"rendered":"Aumentar el \u00e9xito"},"content":{"rendered":"\n<h1 class=\"wp-block-heading\" id=\"h-seo-experte-zurich\">Experto SEO Zurich<\/h1>\n\n<p>\u00bfQuiere aumentar r\u00e1pidamente la seguridad y, por tanto, tambi\u00e9n el \u00e9xito de su sitio web? En s\u00f3lo unos minutos conectamos su sitio web con el protocolo seguro https para proteger a sus visitantes.  <\/p>\n\n<section id=\"72e60c\" class=\"wp-block-gutentor-m13 section-72e60c gutentor-module gutentor-module-table-of-contents\"><div class=\"grid-container\"><div class=\"g-toc\"><div class=\"g-toc-header\"><div class=\"g-toc-heading\"><div class=\"g-toc-title\">Contenido<\/div><\/div><\/div><div class=\"g-toc-body\"><ol class=\"g-ordered-list\" type=\"1\"><li><a href=\"#h-seo-experte-zurich\">Experto SEO Zurich<\/a><ol class=\"child-list\"><li><a href=\"#h-erhohung-der-sicherheit-der-webseite\">Aumentar la seguridad del sitio web<\/a><ol class=\"child-list\"><li><a href=\"#3--was-ist-ein-ssl--oder-tls-zertifikat-\">\u00bfQu\u00e9 es un certificado SSL o TLS?<\/a><\/li><\/ol><\/li><\/ol><\/li><\/ol><\/div><\/div><\/div><\/section>\n\n<h2 class=\"wp-block-heading\" id=\"h-erhohung-der-sicherheit-der-webseite\">Aumentar la seguridad del sitio web<\/h2>\n\n<p>Es importante que actualice su sitio web al protocolo de confianza HTTPS para garantizar una conexi\u00f3n segura y fiable?  <\/p>\n\n<p>HTTPS (Hypertext Transfer Protocol Secure) se utiliza para la transmisi\u00f3n segura de datos en Internet. Permite una conexi\u00f3n criptogr\u00e1ficamente segura entre un servidor web y un navegador, de modo que la informaci\u00f3n sensible, como los datos del usuario, queda protegida de accesos y manipulaciones no autorizados.<\/p>\n\n<p>Este protocolo garantiza la seguridad y autenticidad de su dominio. S\u00f3lo as\u00ed proteger\u00e1 a sus visitantes y aumentar\u00e1 su \u00e9xito. El protocolo HTTPS dispone de un certificado SSL o TLS emitido por una autoridad de certificaci\u00f3n. Esto confirma la identidad del sitio web y permite una conexi\u00f3n fiable y cifrada. Para que el navegador establezca una conexi\u00f3n HTTPS, env\u00eda una solicitud al servidor web. El servidor responde entonces con un certificado SSL o TLS, que es comprobado por el navegador. Una vez confirmado todo, se pueden transmitir los datos encriptados.<\/p>\n\n<p>\u00bfC\u00f3mo se beneficia usted, como operador de un sitio web, del protocolo HTTPS?<\/p>\n\n<ul>\n<li>Google clasificar\u00e1 mejor su p\u00e1gina.<\/li>\n\n\n\n<li>Los visitantes conf\u00edan en sus datos y su sitio web tambi\u00e9n carga m\u00e1s r\u00e1pido.  <\/li>\n\n\n\n<li>Los navegadores los clasifican como seguros, lo que los hace m\u00e1s visibles.<\/li>\n<\/ul>\n\n<p>Es evidente la utilidad del protocolo HTTPS. Actualice su sitio web al \u00faltimo est\u00e1ndar de seguridad HTTPS realizando unos peque\u00f1os ajustes. Te sorprender\u00e1n las grandes consecuencias de los peque\u00f1os cambios.<\/p>\n\n<h3 class=\"wp-block-heading\" id=\"3--was-ist-ein-ssl--oder-tls-zertifikat-\"><strong>\u00bfQu\u00e9 es un certificado SSL o TLS?<\/strong><\/h3>\n\n<p>El certificado contiene toda la informaci\u00f3n necesaria sobre el sitio web, como el nombre completo y la direcci\u00f3n de la empresa que lo respalda y una confirmaci\u00f3n validada por una autoridad de certificaci\u00f3n (CA) de confianza. La CA comprueba cuidadosamente la identidad del propietario del sitio web antes de emitir el certificado.<\/p>\n\n<p>El certificado SSL o TLS es indispensable para la transmisi\u00f3n segura de datos entre el servidor web y el navegador web. Cifra los datos y los protege del acceso no autorizado y la manipulaci\u00f3n por terceros.<\/p>\n\n<figure class=\"wp-block-embed is-type-wp-embed is-provider-seo-experte-seo-agentur wp-block-embed-seo-experte-seo-agentur\"><div class=\"wp-block-embed__wrapper\">\n<blockquote class=\"wp-embedded-content\" data-secret=\"KquOorINAj\"><a href=\"https:\/\/seo-experte-zurich.kleinanzeigen.marketing\/es\/una-posicion-destacada-en-google-se-traduce-en-un-aumento-de-las-ventas\/\">F\u00fchrt ein Top Google Ranking zur Umsatzsteigerung?<\/a><\/blockquote><iframe class=\"wp-embedded-content\" sandbox=\"allow-scripts\" security=\"restricted\" style=\"position: absolute; clip: rect(1px, 1px, 1px, 1px);\" title=\"\u00abF\u00fchrt ein Top Google Ranking zur Umsatzsteigerung?\u00bb \u2014 Los expertos en SEO de SEO Agentur Wittibschlager llevan a su empresa a lo m\u00e1s alto.\" src=\"https:\/\/seo-experte-zurich.kleinanzeigen.marketing\/es\/una-posicion-destacada-en-google-se-traduce-en-un-aumento-de-las-ventas\/embed\/#?secret=CaqcutKMZV#?secret=KquOorINAj\" data-secret=\"KquOorINAj\" width=\"600\" height=\"338\" frameborder=\"0\" marginwidth=\"0\" marginheight=\"0\" scrolling=\"no\"><\/iframe>\n<\/div><\/figure>\n\n<figure class=\"wp-block-embed is-type-wp-embed is-provider-seo-experte wp-block-embed-seo-experte\"><div class=\"wp-block-embed__wrapper\">\nhttps:\/\/seo-experte-zurich.kleinanzeigen.marketing\/arbeitsrecht\/webshops\/\n<\/div><\/figure>\n\n<figure class=\"wp-block-embed is-type-wp-embed is-provider-seo-experte wp-block-embed-seo-experte\"><div class=\"wp-block-embed__wrapper\">\nhttps:\/\/seo-experte-zurich.kleinanzeigen.marketing\/arbeitsrecht\/kontakt\/\n<\/div><\/figure>\n<div style='text-align:center' class='yasr-auto-insert-visitor'><!--Yasr Visitor Votes Shortcode--><div id='yasr_visitor_votes_a4469fe30e174' class='yasr-visitor-votes'><div class=\"yasr-custom-text-vv-before yasr-custom-text-vv-before-17840\">Ratings \/ Bewertungen<\/div><div id='yasr-vv-second-row-container-a4469fe30e174'\r\n                                        class='yasr-vv-second-row-container'><div id='yasr-visitor-votes-rater-a4469fe30e174'\r\n                                      class='yasr-rater-stars-vv'\r\n                                      data-rater-postid='17840'\r\n                                      data-rating='0'\r\n                                      data-rater-starsize='24'\r\n                                      data-rater-readonly='true'\r\n                                      data-rater-nonce='b1c557b48a'\r\n                                      data-issingular='false'\r\n                                    ><\/div><div class=\"yasr-vv-stats-text-container\" id=\"yasr-vv-stats-text-container-a4469fe30e174\"><svg xmlns=\"https:\/\/www.w3.org\/2000\/svg\" width=\"20\" height=\"20\"\r\n                                   class=\"yasr-dashicons-visitor-stats\"\r\n                                   data-postid=\"17840\"\r\n                                   id=\"yasr-stats-dashicon-a4469fe30e174\">\r\n                                   <path d=\"M18 18v-16h-4v16h4zM12 18v-11h-4v11h4zM6 18v-8h-4v8h4z\"><\/path>\r\n                               <\/svg><span id=\"yasr-vv-text-container-a4469fe30e174\" class=\"yasr-vv-text-container\">[Anzahl der Bewertungen: <span id=\"yasr-vv-votes-number-container-a4469fe30e174\">0<\/span>  Durchschnitt: <span id=\"yasr-vv-average-container-a4469fe30e174\">0<\/span>]<\/span><\/div><div id='yasr-vv-loader-a4469fe30e174' class='yasr-vv-container-loader'><\/div><\/div><div id='yasr-vv-bottom-container-a4469fe30e174' class='yasr-vv-bottom-container'><div class='yasr-small-block-bold'><span class='yasr-visitor-votes-must-sign-in'>99% zufriedene Nutzer \/ Durchschnittsbewertungen unserer Klienten<\/span><\/div><\/div><\/div><!--End Yasr Visitor Votes Shortcode--><\/div>","protected":false},"excerpt":{"rendered":"<p>Experto SEO Zurich \u00bfQuiere aumentar r\u00e1pidamente la seguridad y, por tanto, tambi\u00e9n el \u00e9xito de su sitio web? En s\u00f3lo unos minutos conectamos su sitio web con el protocolo seguro https para proteger a sus visitantes. Aumentar la seguridad del sitio web Es importante que actualice su sitio web al protocolo de confianza HTTPS para &#8230; <a title=\"Aumentar el \u00e9xito\" class=\"read-more\" href=\"https:\/\/seo-experte-zurich.kleinanzeigen.marketing\/es\/aumentar-el-exito\/\" aria-label=\"M\u00e1s en Aumentar el \u00e9xito\">Leer m\u00e1s<\/a><\/p>\n","protected":false},"author":1,"featured_media":14947,"parent":0,"menu_order":0,"comment_status":"closed","ping_status":"closed","template":"","meta":{"yasr_overall_rating":0,"yasr_post_is_review":"","yasr_auto_insert_disabled":"","yasr_review_type":""},"yasr_visitor_votes":{"stars_attributes":{"read_only":true,"span_bottom":"<div class='yasr-small-block-bold'><span class='yasr-visitor-votes-must-sign-in'>99% zufriedene Nutzer \/ Durchschnittsbewertungen unserer Klienten<\/span><\/div>"},"number_of_votes":0,"sum_votes":0},"acf":[],"yoast_head":"<!-- This site is optimized with the Yoast SEO Premium plugin v20.0 (Yoast SEO v21.8.1) - https:\/\/yoast.com\/wordpress\/plugins\/seo\/ -->\n<title>\u00c9xito creciente: m\u00e1s \u00e9xito con la mejor clasificaci\u00f3n en Google<\/title>\n<meta name=\"description\" content=\"Para un mejor posicionamiento en Google: \u2713 Seguridad \u2713 Marketing online Zurich \u2713 Consultor\u00eda SEO \u2713 Optimizaci\u00f3n para buscadores \u2713 Posicionamiento web\" \/>\n<meta name=\"robots\" content=\"index, follow, max-snippet:-1, max-image-preview:large, max-video-preview:-1\" \/>\n<link rel=\"canonical\" href=\"https:\/\/seo-experte-zurich.kleinanzeigen.marketing\/es\/aumentar-el-exito\/\" \/>\n<meta property=\"og:locale\" content=\"es_ES\" \/>\n<meta property=\"og:type\" content=\"article\" \/>\n<meta property=\"og:title\" content=\"Primera posici\u00f3n en Google\" \/>\n<meta property=\"og:description\" content=\"Para un mejor posicionamiento en Google: \u2713 Seguridad \u2713 Marketing online Zurich \u2713 Consultor\u00eda SEO \u2713 Optimizaci\u00f3n para buscadores \u2713 Posicionamiento web\" \/>\n<meta property=\"og:url\" content=\"https:\/\/seo-experte-zurich.kleinanzeigen.marketing\/es\/aumentar-el-exito\/\" \/>\n<meta property=\"og:site_name\" content=\"Los expertos en SEO de SEO Agentur Wittibschlager llevan a su empresa a lo m\u00e1s alto.\" \/>\n<meta property=\"article:modified_time\" content=\"2023-03-31T11:07:36+00:00\" \/>\n<meta property=\"og:image\" content=\"https:\/\/seo-experte-zurich.kleinanzeigen.marketing\/wp-content\/uploads\/2023\/02\/SEO-Agentur-Zuerich-3-287x300.png\" \/>\n<meta name=\"twitter:label1\" content=\"Tiempo de lectura\" \/>\n\t<meta name=\"twitter:data1\" content=\"2 minutos\" \/>\n<meta name=\"geo.position\" content=\"47.2955821;8.6344146\" \/>\n<meta name=\"geo.region\" content=\"Suiza\" \/>\n<!-- \/ Yoast SEO Premium plugin. -->","yoast_head_json":{"title":"\u00c9xito creciente: m\u00e1s \u00e9xito con la mejor clasificaci\u00f3n en Google","description":"Para un mejor posicionamiento en Google: \u2713 Seguridad \u2713 Marketing online Zurich \u2713 Consultor\u00eda SEO \u2713 Optimizaci\u00f3n para buscadores \u2713 Posicionamiento web","robots":{"index":"index","follow":"follow","max-snippet":"max-snippet:-1","max-image-preview":"max-image-preview:large","max-video-preview":"max-video-preview:-1"},"canonical":"https:\/\/seo-experte-zurich.kleinanzeigen.marketing\/es\/aumentar-el-exito\/","og_locale":"es_ES","og_type":"article","og_title":"Primera posici\u00f3n en Google","og_description":"Para un mejor posicionamiento en Google: \u2713 Seguridad \u2713 Marketing online Zurich \u2713 Consultor\u00eda SEO \u2713 Optimizaci\u00f3n para buscadores \u2713 Posicionamiento web","og_url":"https:\/\/seo-experte-zurich.kleinanzeigen.marketing\/es\/aumentar-el-exito\/","og_site_name":"Los expertos en SEO de SEO Agentur Wittibschlager llevan a su empresa a lo m\u00e1s alto.","article_modified_time":"2023-03-31T11:07:36+00:00","og_image":[{"url":"https:\/\/seo-experte-zurich.kleinanzeigen.marketing\/wp-content\/uploads\/2023\/02\/SEO-Agentur-Zuerich-3-287x300.png"}],"twitter_misc":{"Tiempo de lectura":"2 minutos"},"schema":{"@context":"https:\/\/schema.org","@graph":[{"@type":"WebPage","@id":"https:\/\/seo-experte-zurich.kleinanzeigen.marketing\/es\/aumentar-el-exito\/","url":"https:\/\/seo-experte-zurich.kleinanzeigen.marketing\/es\/aumentar-el-exito\/","name":"\u00c9xito creciente: m\u00e1s \u00e9xito con la mejor clasificaci\u00f3n en Google","isPartOf":{"@id":"https:\/\/seo-experte-zurich.kleinanzeigen.marketing\/es\/#website"},"datePublished":"2020-11-11T10:29:29+00:00","dateModified":"2023-03-31T11:07:36+00:00","description":"Para un mejor posicionamiento en Google: \u2713 Seguridad \u2713 Marketing online Zurich \u2713 Consultor\u00eda SEO \u2713 Optimizaci\u00f3n para buscadores \u2713 Posicionamiento web","breadcrumb":{"@id":"https:\/\/seo-experte-zurich.kleinanzeigen.marketing\/es\/aumentar-el-exito\/#breadcrumb"},"inLanguage":"es","potentialAction":[{"@type":"ReadAction","target":["https:\/\/seo-experte-zurich.kleinanzeigen.marketing\/es\/aumentar-el-exito\/"]}]},{"@type":"BreadcrumbList","@id":"https:\/\/seo-experte-zurich.kleinanzeigen.marketing\/es\/aumentar-el-exito\/#breadcrumb","itemListElement":[{"@type":"ListItem","position":1,"name":"Inicio","item":"https:\/\/seo-experte-zurich.kleinanzeigen.marketing\/es\/experto-en-seo-en-zurich\/"},{"@type":"ListItem","position":2,"name":"Aumentar el \u00e9xito"}]},{"@type":"WebSite","@id":"https:\/\/seo-experte-zurich.kleinanzeigen.marketing\/es\/#website","url":"https:\/\/seo-experte-zurich.kleinanzeigen.marketing\/es\/","name":"Los expertos en SEO de SEO Agentur Wittibschlager llevan a su empresa a lo m\u00e1s alto.","description":"Agencia SEO Zurich: SEO - SEA - Social - Web - Dise\u00f1o - PR - Shopping - Video - Publicidad Nativa","publisher":{"@id":"https:\/\/seo-experte-zurich.kleinanzeigen.marketing\/es\/#organization"},"potentialAction":[{"@type":"SearchAction","target":{"@type":"EntryPoint","urlTemplate":"https:\/\/seo-experte-zurich.kleinanzeigen.marketing\/es\/?s={search_term_string}"},"query-input":"required name=search_term_string"}],"inLanguage":"es"},{"@type":["Organization","Place"],"@id":"https:\/\/seo-experte-zurich.kleinanzeigen.marketing\/es\/#organization","name":"Agencia SEO Wittibschlager","url":"https:\/\/seo-experte-zurich.kleinanzeigen.marketing\/es\/","logo":{"@id":"https:\/\/seo-experte-zurich.kleinanzeigen.marketing\/es\/aumentar-el-exito\/#local-main-organization-logo"},"image":{"@id":"https:\/\/seo-experte-zurich.kleinanzeigen.marketing\/es\/aumentar-el-exito\/#local-main-organization-logo"},"geo":{"@type":"GeoCoordinates","latitude":"47.2955821","longitude":"8.6344146"},"telephone":["+41 78 781 81 09","+41 78 781 81 09"],"openingHoursSpecification":[{"@type":"OpeningHoursSpecification","dayOfWeek":["Monday","Tuesday","Wednesday","Thursday","Friday","Saturday","Sunday"],"opens":"09:00","closes":"17:00"}],"email":"info@keinanzeigen.marketing"},{"@type":"ImageObject","inLanguage":"es","@id":"https:\/\/seo-experte-zurich.kleinanzeigen.marketing\/es\/aumentar-el-exito\/#local-main-organization-logo","url":"https:\/\/seo-experte-zurich.kleinanzeigen.marketing\/wp-content\/uploads\/2020\/12\/cropped-Bildschirmfoto-2020-12-06-um-20.04.19-2.png","contentUrl":"https:\/\/seo-experte-zurich.kleinanzeigen.marketing\/wp-content\/uploads\/2020\/12\/cropped-Bildschirmfoto-2020-12-06-um-20.04.19-2.png","width":1348,"height":804,"caption":"Agencia SEO Wittibschlager"},false]},"geo.position":{"lat":"47.2955821","long":"8.6344146"},"geo.region":"Suiza"},"_links":{"self":[{"href":"https:\/\/seo-experte-zurich.kleinanzeigen.marketing\/es\/wp-json\/wp\/v2\/pages\/17840"}],"collection":[{"href":"https:\/\/seo-experte-zurich.kleinanzeigen.marketing\/es\/wp-json\/wp\/v2\/pages"}],"about":[{"href":"https:\/\/seo-experte-zurich.kleinanzeigen.marketing\/es\/wp-json\/wp\/v2\/types\/page"}],"author":[{"embeddable":true,"href":"https:\/\/seo-experte-zurich.kleinanzeigen.marketing\/es\/wp-json\/wp\/v2\/users\/1"}],"replies":[{"embeddable":true,"href":"https:\/\/seo-experte-zurich.kleinanzeigen.marketing\/es\/wp-json\/wp\/v2\/comments?post=17840"}],"version-history":[{"count":0,"href":"https:\/\/seo-experte-zurich.kleinanzeigen.marketing\/es\/wp-json\/wp\/v2\/pages\/17840\/revisions"}],"wp:featuredmedia":[{"embeddable":true,"href":"https:\/\/seo-experte-zurich.kleinanzeigen.marketing\/es\/wp-json\/wp\/v2\/media\/14947"}],"wp:attachment":[{"href":"https:\/\/seo-experte-zurich.kleinanzeigen.marketing\/es\/wp-json\/wp\/v2\/media?parent=17840"}],"curies":[{"name":"wp","href":"https:\/\/api.w.org\/{rel}","templated":true}]}}