{"id":18624,"date":"2023-02-06T10:43:36","date_gmt":"2023-02-06T10:43:36","guid":{"rendered":"https:\/\/seo-experte-zurich.kleinanzeigen.marketing\/referencias-de-clientes-resenas-en-google\/"},"modified":"2023-03-31T17:07:53","modified_gmt":"2023-03-31T17:07:53","slug":"referencias-de-clientes-resenas-en-google","status":"publish","type":"page","link":"https:\/\/seo-experte-zurich.kleinanzeigen.marketing\/es\/referencias-de-clientes-resenas-en-google\/","title":{"rendered":"Referencias de clientes: Rese\u00f1as en Google"},"content":{"rendered":"\n<p>\u00bfSe da cuenta de que su excelente producto o servicio no obtiene la respuesta deseada en Internet?  <\/p>\n\n<p>Las opiniones de Google pueden desempe\u00f1ar un papel esencial en la captaci\u00f3n de clientes, ya que ayudan a los clientes potenciales a decidir si apoyan o no a una empresa. Las referencias de otras empresas tambi\u00e9n pueden facilitarle la captaci\u00f3n de nuevos clientes en el futuro y crear una sensaci\u00f3n de confianza.<\/p>\n\n<figure class=\"wp-block-image size-large\"><img decoding=\"async\" src=\"https:\/\/seo-experte-zurich.kleinanzeigen.marketing\/wp-content\/uploads\/2023\/01\/Bildschirm&#xAD;foto-2023-01-17-um-11.24.05-1024x254.png\" alt=\"Un experto en SEO crea buenas valoraciones en Google  \" class=\"wp-image-9613\"\/><figcaption class=\"wp-element-caption\">225 clientes dan la m\u00e1xima puntuaci\u00f3n a nuestros expertos en SEO.<\/figcaption><\/figure>\n<p>Las rese\u00f1as de Google pueden desempe\u00f1ar un papel importante en la captaci\u00f3n de clientes, ya que ayudan a los clientes potenciales a tomar decisiones y contribuyen a que la empresa goce de una excelente reputaci\u00f3n. Por lo tanto, es muy importante asegurarse de que la empresa recibe un gran n\u00famero de cr\u00edticas positivas y de que las cr\u00edticas negativas se responden de forma profesional y cuidadosa.<\/p>\n\n<p>Las nuevas empresas y los negocios sin presencia en Internet pueden tener dificultades para hacerse un hueco en la red si tienen una base de clientes limitada y compiten con rivales ya establecidos. Especialmente en sectores muy competitivos, puede ser un verdadero reto atraer clientes y crear una base de clientes sin referencias. Es un ciclo que hay que romper.<\/p>\n\n<p>Nuestros expertos en SEO tienen amplia experiencia en ayudar a las empresas a crear una imagen positiva en Internet. Obtenemos para usted las mejores referencias y testimonios de clientes, que proceden de personas o empresas reales.<\/p>\n\n<ul class=\"wp-block-yoast-seo-related-links\"><li><a href=\"https:\/\/seo-experte-zurich.kleinanzeigen.marketing\/arbeitsrecht\/webshops\/\">Tiendas web<\/a><\/li><li><a href=\"https:\/\/seo-experte-zurich.kleinanzeigen.marketing\/arbeitsrecht\/webseiten\/\">P\u00e1ginas web<\/a><\/li><li><a href=\"https:\/\/seo-experte-zurich.kleinanzeigen.marketing\/arbeitsrecht\/kontakt\/\">Contacte con<\/a><\/li><\/ul>\n<div style='text-align:center' class='yasr-auto-insert-visitor'><!--Yasr Visitor Votes Shortcode--><div id='yasr_visitor_votes_b99251e86144b' class='yasr-visitor-votes'><div class=\"yasr-custom-text-vv-before yasr-custom-text-vv-before-18624\">Ratings \/ Bewertungen<\/div><div id='yasr-vv-second-row-container-b99251e86144b'\r\n                                        class='yasr-vv-second-row-container'><div id='yasr-visitor-votes-rater-b99251e86144b'\r\n                                      class='yasr-rater-stars-vv'\r\n                                      data-rater-postid='18624'\r\n                                      data-rating='0'\r\n                                      data-rater-starsize='24'\r\n                                      data-rater-readonly='true'\r\n                                      data-rater-nonce='32eececd7e'\r\n                                      data-issingular='false'\r\n                                    ><\/div><div class=\"yasr-vv-stats-text-container\" id=\"yasr-vv-stats-text-container-b99251e86144b\"><svg xmlns=\"https:\/\/www.w3.org\/2000\/svg\" width=\"20\" height=\"20\"\r\n                                   class=\"yasr-dashicons-visitor-stats\"\r\n                                   data-postid=\"18624\"\r\n                                   id=\"yasr-stats-dashicon-b99251e86144b\">\r\n                                   <path d=\"M18 18v-16h-4v16h4zM12 18v-11h-4v11h4zM6 18v-8h-4v8h4z\"><\/path>\r\n                               <\/svg><span id=\"yasr-vv-text-container-b99251e86144b\" class=\"yasr-vv-text-container\">[Anzahl der Bewertungen: <span id=\"yasr-vv-votes-number-container-b99251e86144b\">0<\/span>  Durchschnitt: <span id=\"yasr-vv-average-container-b99251e86144b\">0<\/span>]<\/span><\/div><div id='yasr-vv-loader-b99251e86144b' class='yasr-vv-container-loader'><\/div><\/div><div id='yasr-vv-bottom-container-b99251e86144b' class='yasr-vv-bottom-container'><div class='yasr-small-block-bold'><span class='yasr-visitor-votes-must-sign-in'>99% zufriedene Nutzer \/ Durchschnittsbewertungen unserer Klienten<\/span><\/div><\/div><\/div><!--End Yasr Visitor Votes Shortcode--><\/div>","protected":false},"excerpt":{"rendered":"<p>\u00bfSe da cuenta de que su excelente producto o servicio no obtiene la respuesta deseada en Internet? Las opiniones de Google pueden desempe\u00f1ar un papel esencial en la captaci\u00f3n de clientes, ya que ayudan a los clientes potenciales a decidir si apoyan o no a una empresa. Las referencias de otras empresas tambi\u00e9n pueden facilitarle &#8230; <a title=\"Referencias de clientes: Rese\u00f1as en Google\" class=\"read-more\" href=\"https:\/\/seo-experte-zurich.kleinanzeigen.marketing\/es\/referencias-de-clientes-resenas-en-google\/\" aria-label=\"M\u00e1s en Referencias de clientes: Rese\u00f1as en Google\">Leer m\u00e1s<\/a><\/p>\n","protected":false},"author":1,"featured_media":15003,"parent":0,"menu_order":0,"comment_status":"closed","ping_status":"closed","template":"","meta":{"yasr_overall_rating":0,"yasr_post_is_review":"","yasr_auto_insert_disabled":"","yasr_review_type":""},"yasr_visitor_votes":{"stars_attributes":{"read_only":true,"span_bottom":"<div class='yasr-small-block-bold'><span class='yasr-visitor-votes-must-sign-in'>99% zufriedene Nutzer \/ Durchschnittsbewertungen unserer Klienten<\/span><\/div>"},"number_of_votes":0,"sum_votes":0},"acf":[],"yoast_head":"<!-- This site is optimized with the Yoast SEO Premium plugin v20.0 (Yoast SEO v21.8.1) - https:\/\/yoast.com\/wordpress\/plugins\/seo\/ -->\n<title>Referencias de clientes - Para estar entre los primeros en Google<\/title>\n<meta name=\"description\" content=\"Para estar entre los primeros en Google\" \/>\n<meta name=\"robots\" content=\"index, follow, max-snippet:-1, max-image-preview:large, max-video-preview:-1\" \/>\n<link rel=\"canonical\" href=\"https:\/\/seo-experte-zurich.kleinanzeigen.marketing\/es\/referencias-de-clientes-resenas-en-google\/\" \/>\n<meta property=\"og:locale\" content=\"es_ES\" \/>\n<meta property=\"og:type\" content=\"article\" \/>\n<meta property=\"og:title\" content=\"Referencias de clientes - Para estar entre los primeros en Google\" \/>\n<meta property=\"og:description\" content=\"Para estar entre los primeros en Google\" \/>\n<meta property=\"og:url\" content=\"https:\/\/seo-experte-zurich.kleinanzeigen.marketing\/es\/referencias-de-clientes-resenas-en-google\/\" \/>\n<meta property=\"og:site_name\" content=\"Los expertos en SEO de SEO Agentur Wittibschlager llevan a su empresa a lo m\u00e1s alto.\" \/>\n<meta property=\"article:modified_time\" content=\"2023-03-31T17:07:53+00:00\" \/>\n<meta property=\"og:image\" content=\"https:\/\/seo-experte-zurich.kleinanzeigen.marketing\/wp-content\/uploads\/2023\/02\/seo-experte-zurich-schweiz.png\" \/>\n<meta name=\"twitter:label1\" content=\"Tiempo de lectura\" \/>\n\t<meta name=\"twitter:data1\" content=\"1 minuto\" \/>\n<meta name=\"geo.position\" content=\"47.2955821;8.6344146\" \/>\n<meta name=\"geo.region\" content=\"Suiza\" \/>\n<!-- \/ Yoast SEO Premium plugin. -->","yoast_head_json":{"title":"Referencias de clientes - Para estar entre los primeros en Google","description":"Para estar entre los primeros en Google","robots":{"index":"index","follow":"follow","max-snippet":"max-snippet:-1","max-image-preview":"max-image-preview:large","max-video-preview":"max-video-preview:-1"},"canonical":"https:\/\/seo-experte-zurich.kleinanzeigen.marketing\/es\/referencias-de-clientes-resenas-en-google\/","og_locale":"es_ES","og_type":"article","og_title":"Referencias de clientes - Para estar entre los primeros en Google","og_description":"Para estar entre los primeros en Google","og_url":"https:\/\/seo-experte-zurich.kleinanzeigen.marketing\/es\/referencias-de-clientes-resenas-en-google\/","og_site_name":"Los expertos en SEO de SEO Agentur Wittibschlager llevan a su empresa a lo m\u00e1s alto.","article_modified_time":"2023-03-31T17:07:53+00:00","og_image":[{"url":"https:\/\/seo-experte-zurich.kleinanzeigen.marketing\/wp-content\/uploads\/2023\/02\/seo-experte-zurich-schweiz.png"}],"twitter_misc":{"Tiempo de lectura":"1 minuto"},"schema":{"@context":"https:\/\/schema.org","@graph":[{"@type":"WebPage","@id":"https:\/\/seo-experte-zurich.kleinanzeigen.marketing\/es\/referencias-de-clientes-resenas-en-google\/","url":"https:\/\/seo-experte-zurich.kleinanzeigen.marketing\/es\/referencias-de-clientes-resenas-en-google\/","name":"Referencias de clientes - Para estar entre los primeros en Google","isPartOf":{"@id":"https:\/\/seo-experte-zurich.kleinanzeigen.marketing\/es\/#website"},"datePublished":"2023-02-06T10:43:36+00:00","dateModified":"2023-03-31T17:07:53+00:00","description":"Para estar entre los primeros en Google","breadcrumb":{"@id":"https:\/\/seo-experte-zurich.kleinanzeigen.marketing\/es\/referencias-de-clientes-resenas-en-google\/#breadcrumb"},"inLanguage":"es","potentialAction":[{"@type":"ReadAction","target":["https:\/\/seo-experte-zurich.kleinanzeigen.marketing\/es\/referencias-de-clientes-resenas-en-google\/"]}]},{"@type":"BreadcrumbList","@id":"https:\/\/seo-experte-zurich.kleinanzeigen.marketing\/es\/referencias-de-clientes-resenas-en-google\/#breadcrumb","itemListElement":[{"@type":"ListItem","position":1,"name":"Inicio","item":"https:\/\/seo-experte-zurich.kleinanzeigen.marketing\/es\/experto-en-seo-en-zurich\/"},{"@type":"ListItem","position":2,"name":"Referencias de clientes: Rese\u00f1as en Google"}]},{"@type":"WebSite","@id":"https:\/\/seo-experte-zurich.kleinanzeigen.marketing\/es\/#website","url":"https:\/\/seo-experte-zurich.kleinanzeigen.marketing\/es\/","name":"Los expertos en SEO de SEO Agentur Wittibschlager llevan a su empresa a lo m\u00e1s alto.","description":"Agencia SEO Zurich: SEO - SEA - Social - Web - Dise\u00f1o - PR - Shopping - Video - Publicidad Nativa","publisher":{"@id":"https:\/\/seo-experte-zurich.kleinanzeigen.marketing\/es\/#organization"},"potentialAction":[{"@type":"SearchAction","target":{"@type":"EntryPoint","urlTemplate":"https:\/\/seo-experte-zurich.kleinanzeigen.marketing\/es\/?s={search_term_string}"},"query-input":"required name=search_term_string"}],"inLanguage":"es"},{"@type":["Organization","Place"],"@id":"https:\/\/seo-experte-zurich.kleinanzeigen.marketing\/es\/#organization","name":"Agencia SEO Wittibschlager","url":"https:\/\/seo-experte-zurich.kleinanzeigen.marketing\/es\/","logo":{"@id":"https:\/\/seo-experte-zurich.kleinanzeigen.marketing\/es\/referencias-de-clientes-resenas-en-google\/#local-main-organization-logo"},"image":{"@id":"https:\/\/seo-experte-zurich.kleinanzeigen.marketing\/es\/referencias-de-clientes-resenas-en-google\/#local-main-organization-logo"},"geo":{"@type":"GeoCoordinates","latitude":"47.2955821","longitude":"8.6344146"},"telephone":["+41 78 781 81 09","+41 78 781 81 09"],"openingHoursSpecification":[{"@type":"OpeningHoursSpecification","dayOfWeek":["Monday","Tuesday","Wednesday","Thursday","Friday","Saturday","Sunday"],"opens":"09:00","closes":"17:00"}],"email":"info@keinanzeigen.marketing"},{"@type":"ImageObject","inLanguage":"es","@id":"https:\/\/seo-experte-zurich.kleinanzeigen.marketing\/es\/referencias-de-clientes-resenas-en-google\/#local-main-organization-logo","url":"https:\/\/seo-experte-zurich.kleinanzeigen.marketing\/wp-content\/uploads\/2020\/12\/cropped-Bildschirmfoto-2020-12-06-um-20.04.19-2.png","contentUrl":"https:\/\/seo-experte-zurich.kleinanzeigen.marketing\/wp-content\/uploads\/2020\/12\/cropped-Bildschirmfoto-2020-12-06-um-20.04.19-2.png","width":1348,"height":804,"caption":"Agencia SEO Wittibschlager"},false]},"geo.position":{"lat":"47.2955821","long":"8.6344146"},"geo.region":"Suiza"},"_links":{"self":[{"href":"https:\/\/seo-experte-zurich.kleinanzeigen.marketing\/es\/wp-json\/wp\/v2\/pages\/18624"}],"collection":[{"href":"https:\/\/seo-experte-zurich.kleinanzeigen.marketing\/es\/wp-json\/wp\/v2\/pages"}],"about":[{"href":"https:\/\/seo-experte-zurich.kleinanzeigen.marketing\/es\/wp-json\/wp\/v2\/types\/page"}],"author":[{"embeddable":true,"href":"https:\/\/seo-experte-zurich.kleinanzeigen.marketing\/es\/wp-json\/wp\/v2\/users\/1"}],"replies":[{"embeddable":true,"href":"https:\/\/seo-experte-zurich.kleinanzeigen.marketing\/es\/wp-json\/wp\/v2\/comments?post=18624"}],"version-history":[{"count":0,"href":"https:\/\/seo-experte-zurich.kleinanzeigen.marketing\/es\/wp-json\/wp\/v2\/pages\/18624\/revisions"}],"wp:featuredmedia":[{"embeddable":true,"href":"https:\/\/seo-experte-zurich.kleinanzeigen.marketing\/es\/wp-json\/wp\/v2\/media\/15003"}],"wp:attachment":[{"href":"https:\/\/seo-experte-zurich.kleinanzeigen.marketing\/es\/wp-json\/wp\/v2\/media?parent=18624"}],"curies":[{"name":"wp","href":"https:\/\/api.w.org\/{rel}","templated":true}]}}