{"id":18434,"date":"2020-11-11T10:29:29","date_gmt":"2020-11-11T10:29:29","guid":{"rendered":"https:\/\/seo-experte-zurich.kleinanzeigen.marketing\/augmentation-du-succes\/"},"modified":"2023-03-31T16:55:57","modified_gmt":"2023-03-31T16:55:57","slug":"augmentation-du-succes","status":"publish","type":"page","link":"https:\/\/seo-experte-zurich.kleinanzeigen.marketing\/fr\/augmentation-du-succes\/","title":{"rendered":"Augmentation du succ\u00e8s"},"content":{"rendered":"\n<h1 class=\"wp-block-heading\" id=\"h-seo-experte-zurich\">Expert SEO Zurich<\/h1>\n\n<p>Vous souhaitez augmenter rapidement la s\u00e9curit\u00e9 et donc le succ\u00e8s de votre site web ? En quelques minutes, nous connectons pour vous votre site web au protocole s\u00e9curis\u00e9 https afin de prot\u00e9ger vos visiteurs !  <\/p>\n\n<section id=\"72e60c\" class=\"wp-block-gutentor-m13 section-72e60c gutentor-module gutentor-module-table-of-contents\"><div class=\"grid-container\"><div class=\"g-toc\"><div class=\"g-toc-header\"><div class=\"g-toc-heading\"><div class=\"g-toc-title\">Contenu<\/div><\/div><\/div><div class=\"g-toc-body\"><ol class=\"g-ordered-list\" type=\"1\"><li><a href=\"#h-seo-experte-zurich\">Expert SEO Zurich<\/a><ol class=\"child-list\"><li><a href=\"#h-erhohung-der-sicherheit-der-webseite\">Augmentation de la s\u00e9curit\u00e9 du site web<\/a><ol class=\"child-list\"><li><a href=\"#3--was-ist-ein-ssl--oder-tls-zertifikat-\">Qu&rsquo;est-ce qu&rsquo;un certificat SSL ou TLS ?<\/a><\/li><\/ol><\/li><\/ol><\/li><\/ol><\/div><\/div><\/div><\/section>\n\n<h2 class=\"wp-block-heading\" id=\"h-erhohung-der-sicherheit-der-webseite\">Augmentation de la s\u00e9curit\u00e9 du site web<\/h2>\n\n<p>Il est important de mettre \u00e0 jour votre site web vers le protocole de confiance HTTPS afin d&rsquo;\u00e9tablir une connexion s\u00fbre et fiable ?  <\/p>\n\n<p>HTTPS (Hypertext Transfer Protocol Secure) sert \u00e0 s\u00e9curiser le transfert de donn\u00e9es sur Internet. Il permet une connexion s\u00e9curis\u00e9e par cryptographie entre un serveur web et un navigateur web, de sorte que les informations sensibles telles que les donn\u00e9es des utilisateurs sont prot\u00e9g\u00e9es contre les acc\u00e8s non autoris\u00e9s et les manipulations.<\/p>\n\n<p>Ce protocole garantit la s\u00e9curit\u00e9 et l&rsquo;authenticit\u00e9 de votre domaine. C&rsquo;est la seule fa\u00e7on de prot\u00e9ger vos visiteurs et d&rsquo;augmenter ainsi votre succ\u00e8s. Le protocole HTTPS dispose d&rsquo;un certificat SSL ou TLS d\u00e9livr\u00e9 par une autorit\u00e9 de certification. Cela permet de confirmer l&rsquo;identit\u00e9 du site et d&rsquo;\u00e9tablir une connexion fiable et crypt\u00e9e. Pour que le navigateur puisse \u00e9tablir une connexion HTTPS, il envoie une requ\u00eate au serveur web. Le serveur r\u00e9pond alors avec un certificat SSL ou TLS, qui est v\u00e9rifi\u00e9 par le navigateur. Une fois que tout a \u00e9t\u00e9 confirm\u00e9, les donn\u00e9es crypt\u00e9es peuvent \u00eatre transmises.<\/p>\n\n<p>Quels sont les avantages du protocole HTTPS pour les exploitants de sites web ?<\/p>\n\n<ul>\n<li>Google \u00e9value votre site plus haut.<\/li>\n\n\n\n<li>Les visiteurs font confiance \u00e0 vos donn\u00e9es et votre site web se charge aussi plus rapidement.  <\/li>\n\n\n\n<li>Les navigateurs les classent comme s\u00fbrs, ce qui les rend plus visibles.<\/li>\n<\/ul>\n\n<p>L&rsquo;utilit\u00e9 du protocole HTTPS est \u00e9vidente. Mettez \u00e0 jour votre site web avec la derni\u00e8re norme de s\u00e9curit\u00e9 HTTPS en effectuant quelques petites adaptations. Vous serez enthousiasm\u00e9 par les grandes cons\u00e9quences de ces petits changements.<\/p>\n\n<h3 class=\"wp-block-heading\" id=\"3--was-ist-ein-ssl--oder-tls-zertifikat-\"><strong>Qu&rsquo;est-ce qu&rsquo;un certificat SSL ou TLS ?<\/strong><\/h3>\n\n<p>Le certificat contient toutes les informations n\u00e9cessaires sur le site web, comme le nom complet et l&rsquo;adresse de l&rsquo;entreprise qui se trouve derri\u00e8re, ainsi qu&rsquo;une confirmation valid\u00e9e par une autorit\u00e9 de certification (AC) de confiance. L&rsquo;AC examine soigneusement l&rsquo;identit\u00e9 du propri\u00e9taire du site avant de d\u00e9livrer le certificat.<\/p>\n\n<p>Le certificat SSL ou TLS est indispensable pour un transfert de donn\u00e9es s\u00e9curis\u00e9 entre le serveur web et le navigateur web. Il crypte les donn\u00e9es et les prot\u00e8ge contre les acc\u00e8s non autoris\u00e9s et les manipulations par des tiers.<\/p>\n\n<figure class=\"wp-block-embed is-type-wp-embed is-provider-seo-experte-seo-agentur wp-block-embed-seo-experte-seo-agentur\"><div class=\"wp-block-embed__wrapper\">\n<blockquote class=\"wp-embedded-content\" data-secret=\"5GbdXqbuNF\"><a href=\"https:\/\/seo-experte-zurich.kleinanzeigen.marketing\/mehr-umsatz-mit-google-platz-1\/\">F\u00fchrt ein Top Google Ranking zur Umsatzsteigerung?<\/a><\/blockquote><iframe class=\"wp-embedded-content\" sandbox=\"allow-scripts\" security=\"restricted\" style=\"position: absolute; clip: rect(1px, 1px, 1px, 1px);\" title=\"\u00ab\u00a0F\u00fchrt ein Top Google Ranking zur Umsatzsteigerung?\u00a0\u00bb &#8212; SEO Experten der SEO Agentur Wittibschlager bringen Ihr Unternehmen an die Spitze!\" src=\"https:\/\/seo-experte-zurich.kleinanzeigen.marketing\/mehr-umsatz-mit-google-platz-1\/embed\/#?secret=fdjDRueK2d#?secret=5GbdXqbuNF\" data-secret=\"5GbdXqbuNF\" width=\"600\" height=\"338\" frameborder=\"0\" marginwidth=\"0\" marginheight=\"0\" scrolling=\"no\"><\/iframe>\n<\/div><\/figure>\n\n<figure class=\"wp-block-embed is-type-wp-embed is-provider-seo-experte wp-block-embed-seo-experte\"><div class=\"wp-block-embed__wrapper\">\nhttps:\/\/seo-experte-zurich.kleinanzeigen.marketing\/arbeitsrecht\/webshops\/\n<\/div><\/figure>\n\n<figure class=\"wp-block-embed is-type-wp-embed is-provider-seo-experte wp-block-embed-seo-experte\"><div class=\"wp-block-embed__wrapper\">\nhttps:\/\/seo-experte-zurich.kleinanzeigen.marketing\/arbeitsrecht\/kontakt\/\n<\/div><\/figure>\n<div style='text-align:center' class='yasr-auto-insert-visitor'><!--Yasr Visitor Votes Shortcode--><div id='yasr_visitor_votes_8230c2965e402' class='yasr-visitor-votes'><div class=\"yasr-custom-text-vv-before yasr-custom-text-vv-before-18434\">Ratings \/ Bewertungen<\/div><div id='yasr-vv-second-row-container-8230c2965e402'\r\n                                        class='yasr-vv-second-row-container'><div id='yasr-visitor-votes-rater-8230c2965e402'\r\n                                      class='yasr-rater-stars-vv'\r\n                                      data-rater-postid='18434'\r\n                                      data-rating='0'\r\n                                      data-rater-starsize='24'\r\n                                      data-rater-readonly='true'\r\n                                      data-rater-nonce='fe86919df6'\r\n                                      data-issingular='false'\r\n                                    ><\/div><div class=\"yasr-vv-stats-text-container\" id=\"yasr-vv-stats-text-container-8230c2965e402\"><svg xmlns=\"https:\/\/www.w3.org\/2000\/svg\" width=\"20\" height=\"20\"\r\n                                   class=\"yasr-dashicons-visitor-stats\"\r\n                                   data-postid=\"18434\"\r\n                                   id=\"yasr-stats-dashicon-8230c2965e402\">\r\n                                   <path d=\"M18 18v-16h-4v16h4zM12 18v-11h-4v11h4zM6 18v-8h-4v8h4z\"><\/path>\r\n                               <\/svg><span id=\"yasr-vv-text-container-8230c2965e402\" class=\"yasr-vv-text-container\">[Anzahl der Bewertungen: <span id=\"yasr-vv-votes-number-container-8230c2965e402\">0<\/span>  Durchschnitt: <span id=\"yasr-vv-average-container-8230c2965e402\">0<\/span>]<\/span><\/div><div id='yasr-vv-loader-8230c2965e402' class='yasr-vv-container-loader'><\/div><\/div><div id='yasr-vv-bottom-container-8230c2965e402' class='yasr-vv-bottom-container'><div class='yasr-small-block-bold'><span class='yasr-visitor-votes-must-sign-in'>99% zufriedene Nutzer \/ Durchschnittsbewertungen unserer Klienten<\/span><\/div><\/div><\/div><!--End Yasr Visitor Votes Shortcode--><\/div>","protected":false},"excerpt":{"rendered":"<p>Expert SEO Zurich Vous souhaitez augmenter rapidement la s\u00e9curit\u00e9 et donc le succ\u00e8s de votre site web ? En quelques minutes, nous connectons pour vous votre site web au protocole s\u00e9curis\u00e9 https afin de prot\u00e9ger vos visiteurs ! Augmentation de la s\u00e9curit\u00e9 du site web Il est important de mettre \u00e0 jour votre site web &#8230; <a title=\"Augmentation du succ\u00e8s\" class=\"read-more\" href=\"https:\/\/seo-experte-zurich.kleinanzeigen.marketing\/fr\/augmentation-du-succes\/\" aria-label=\"En savoir plus sur Augmentation du succ\u00e8s\">Lire la suite<\/a><\/p>\n","protected":false},"author":1,"featured_media":17304,"parent":0,"menu_order":0,"comment_status":"closed","ping_status":"closed","template":"","meta":{"yasr_overall_rating":0,"yasr_post_is_review":"","yasr_auto_insert_disabled":"","yasr_review_type":""},"yasr_visitor_votes":{"stars_attributes":{"read_only":true,"span_bottom":"<div class='yasr-small-block-bold'><span class='yasr-visitor-votes-must-sign-in'>99% zufriedene Nutzer \/ Durchschnittsbewertungen unserer Klienten<\/span><\/div>"},"number_of_votes":0,"sum_votes":0},"acf":[],"yoast_head":"<!-- This site is optimized with the Yoast SEO Premium plugin v20.0 (Yoast SEO v21.8.1) - https:\/\/yoast.com\/wordpress\/plugins\/seo\/ -->\n<title>Augmentation du succ\u00e8s - plus de succ\u00e8s avec un top classement sur Google<\/title>\n<meta name=\"description\" content=\"Pour un classement au top sur Google : \u2713 S\u00e9curit\u00e9 \u2713 Marketing en ligne Zurich \u2713 Conseil SEO \u2713 Optimisation du moteur de recherche \u2713 Classement du site web\" \/>\n<meta name=\"robots\" content=\"index, follow, max-snippet:-1, max-image-preview:large, max-video-preview:-1\" \/>\n<link rel=\"canonical\" href=\"https:\/\/seo-experte-zurich.kleinanzeigen.marketing\/fr\/augmentation-du-succes\/\" \/>\n<meta property=\"og:locale\" content=\"fr_FR\" \/>\n<meta property=\"og:type\" content=\"article\" \/>\n<meta property=\"og:title\" content=\"Meilleur classement sur Google\" \/>\n<meta property=\"og:description\" content=\"Pour un classement au top sur Google : \u2713 S\u00e9curit\u00e9 \u2713 Marketing en ligne Zurich \u2713 Conseil SEO \u2713 Optimisation du moteur de recherche \u2713 Classement du site web\" \/>\n<meta property=\"og:url\" content=\"https:\/\/seo-experte-zurich.kleinanzeigen.marketing\/fr\/augmentation-du-succes\/\" \/>\n<meta property=\"og:site_name\" content=\"Les experts en SEO de l&#039;agence de r\u00e9f\u00e9rencement Wittibschlager placent votre entreprise au sommet !\" \/>\n<meta property=\"article:modified_time\" content=\"2023-03-31T16:55:57+00:00\" \/>\n<meta property=\"og:image\" content=\"https:\/\/seo-experte-zurich.kleinanzeigen.marketing\/wp-content\/uploads\/2023\/02\/SEO-Agentur-Zuerich-3-287x300.png\" \/>\n<meta name=\"twitter:label1\" content=\"Dur\u00e9e de lecture estim\u00e9e\" \/>\n\t<meta name=\"twitter:data1\" content=\"2 minutes\" \/>\n<meta name=\"geo.position\" content=\"47.2955821;8.6344146\" \/>\n<meta name=\"geo.region\" content=\"Suisse\" \/>\n<!-- \/ Yoast SEO Premium plugin. -->","yoast_head_json":{"title":"Augmentation du succ\u00e8s - plus de succ\u00e8s avec un top classement sur Google","description":"Pour un classement au top sur Google : \u2713 S\u00e9curit\u00e9 \u2713 Marketing en ligne Zurich \u2713 Conseil SEO \u2713 Optimisation du moteur de recherche \u2713 Classement du site web","robots":{"index":"index","follow":"follow","max-snippet":"max-snippet:-1","max-image-preview":"max-image-preview:large","max-video-preview":"max-video-preview:-1"},"canonical":"https:\/\/seo-experte-zurich.kleinanzeigen.marketing\/fr\/augmentation-du-succes\/","og_locale":"fr_FR","og_type":"article","og_title":"Meilleur classement sur Google","og_description":"Pour un classement au top sur Google : \u2713 S\u00e9curit\u00e9 \u2713 Marketing en ligne Zurich \u2713 Conseil SEO \u2713 Optimisation du moteur de recherche \u2713 Classement du site web","og_url":"https:\/\/seo-experte-zurich.kleinanzeigen.marketing\/fr\/augmentation-du-succes\/","og_site_name":"Les experts en SEO de l'agence de r\u00e9f\u00e9rencement Wittibschlager placent votre entreprise au sommet !","article_modified_time":"2023-03-31T16:55:57+00:00","og_image":[{"url":"https:\/\/seo-experte-zurich.kleinanzeigen.marketing\/wp-content\/uploads\/2023\/02\/SEO-Agentur-Zuerich-3-287x300.png"}],"twitter_misc":{"Dur\u00e9e de lecture estim\u00e9e":"2 minutes"},"schema":{"@context":"https:\/\/schema.org","@graph":[{"@type":"WebPage","@id":"https:\/\/seo-experte-zurich.kleinanzeigen.marketing\/fr\/augmentation-du-succes\/","url":"https:\/\/seo-experte-zurich.kleinanzeigen.marketing\/fr\/augmentation-du-succes\/","name":"Augmentation du succ\u00e8s - plus de succ\u00e8s avec un top classement sur Google","isPartOf":{"@id":"https:\/\/seo-experte-zurich.kleinanzeigen.marketing\/fr\/#website"},"datePublished":"2020-11-11T10:29:29+00:00","dateModified":"2023-03-31T16:55:57+00:00","description":"Pour un classement au top sur Google : \u2713 S\u00e9curit\u00e9 \u2713 Marketing en ligne Zurich \u2713 Conseil SEO \u2713 Optimisation du moteur de recherche \u2713 Classement du site web","breadcrumb":{"@id":"https:\/\/seo-experte-zurich.kleinanzeigen.marketing\/fr\/augmentation-du-succes\/#breadcrumb"},"inLanguage":"fr-FR","potentialAction":[{"@type":"ReadAction","target":["https:\/\/seo-experte-zurich.kleinanzeigen.marketing\/fr\/augmentation-du-succes\/"]}]},{"@type":"BreadcrumbList","@id":"https:\/\/seo-experte-zurich.kleinanzeigen.marketing\/fr\/augmentation-du-succes\/#breadcrumb","itemListElement":[{"@type":"ListItem","position":1,"name":"Accueil","item":"https:\/\/seo-experte-zurich.kleinanzeigen.marketing\/fr\/expert-seo-zurich\/"},{"@type":"ListItem","position":2,"name":"Augmentation du succ\u00e8s"}]},{"@type":"WebSite","@id":"https:\/\/seo-experte-zurich.kleinanzeigen.marketing\/fr\/#website","url":"https:\/\/seo-experte-zurich.kleinanzeigen.marketing\/fr\/","name":"Les experts en SEO de l'agence de r\u00e9f\u00e9rencement Wittibschlager placent votre entreprise au sommet !","description":"Agence SEO Zurich : SEO - SEA - Social - Web - Design - PR - Shopping - Vid\u00e9o - Native Advertising","publisher":{"@id":"https:\/\/seo-experte-zurich.kleinanzeigen.marketing\/fr\/#organization"},"potentialAction":[{"@type":"SearchAction","target":{"@type":"EntryPoint","urlTemplate":"https:\/\/seo-experte-zurich.kleinanzeigen.marketing\/fr\/?s={search_term_string}"},"query-input":"required name=search_term_string"}],"inLanguage":"fr-FR"},{"@type":["Organization","Place"],"@id":"https:\/\/seo-experte-zurich.kleinanzeigen.marketing\/fr\/#organization","name":"Agence de r\u00e9f\u00e9rencement Wittibschlager","url":"https:\/\/seo-experte-zurich.kleinanzeigen.marketing\/fr\/","logo":{"@id":"https:\/\/seo-experte-zurich.kleinanzeigen.marketing\/fr\/augmentation-du-succes\/#local-main-organization-logo"},"image":{"@id":"https:\/\/seo-experte-zurich.kleinanzeigen.marketing\/fr\/augmentation-du-succes\/#local-main-organization-logo"},"geo":{"@type":"GeoCoordinates","latitude":"47.2955821","longitude":"8.6344146"},"telephone":["+41 78 781 81 09","+41 78 781 81 09"],"openingHoursSpecification":[{"@type":"OpeningHoursSpecification","dayOfWeek":["Monday","Tuesday","Wednesday","Thursday","Friday","Saturday","Sunday"],"opens":"09:00","closes":"17:00"}],"email":"info@keinanzeigen.marketing"},{"@type":"ImageObject","inLanguage":"fr-FR","@id":"https:\/\/seo-experte-zurich.kleinanzeigen.marketing\/fr\/augmentation-du-succes\/#local-main-organization-logo","url":"https:\/\/seo-experte-zurich.kleinanzeigen.marketing\/wp-content\/uploads\/2020\/12\/cropped-Bildschirmfoto-2020-12-06-um-20.04.19-2.png","contentUrl":"https:\/\/seo-experte-zurich.kleinanzeigen.marketing\/wp-content\/uploads\/2020\/12\/cropped-Bildschirmfoto-2020-12-06-um-20.04.19-2.png","width":1348,"height":804,"caption":"Agence de r\u00e9f\u00e9rencement Wittibschlager"},false]},"geo.position":{"lat":"47.2955821","long":"8.6344146"},"geo.region":"Suisse"},"_links":{"self":[{"href":"https:\/\/seo-experte-zurich.kleinanzeigen.marketing\/fr\/wp-json\/wp\/v2\/pages\/18434"}],"collection":[{"href":"https:\/\/seo-experte-zurich.kleinanzeigen.marketing\/fr\/wp-json\/wp\/v2\/pages"}],"about":[{"href":"https:\/\/seo-experte-zurich.kleinanzeigen.marketing\/fr\/wp-json\/wp\/v2\/types\/page"}],"author":[{"embeddable":true,"href":"https:\/\/seo-experte-zurich.kleinanzeigen.marketing\/fr\/wp-json\/wp\/v2\/users\/1"}],"replies":[{"embeddable":true,"href":"https:\/\/seo-experte-zurich.kleinanzeigen.marketing\/fr\/wp-json\/wp\/v2\/comments?post=18434"}],"version-history":[{"count":0,"href":"https:\/\/seo-experte-zurich.kleinanzeigen.marketing\/fr\/wp-json\/wp\/v2\/pages\/18434\/revisions"}],"wp:featuredmedia":[{"embeddable":true,"href":"https:\/\/seo-experte-zurich.kleinanzeigen.marketing\/fr\/wp-json\/wp\/v2\/media\/17304"}],"wp:attachment":[{"href":"https:\/\/seo-experte-zurich.kleinanzeigen.marketing\/fr\/wp-json\/wp\/v2\/media?parent=18434"}],"curies":[{"name":"wp","href":"https:\/\/api.w.org\/{rel}","templated":true}]}}