{"id":18529,"date":"2020-12-20T15:11:47","date_gmt":"2020-12-20T15:11:47","guid":{"rendered":"https:\/\/seo-experte-zurich.kleinanzeigen.marketing\/boutiques-en-ligne\/"},"modified":"2023-03-31T16:58:38","modified_gmt":"2023-03-31T16:58:38","slug":"boutiques-en-ligne","status":"publish","type":"page","link":"https:\/\/seo-experte-zurich.kleinanzeigen.marketing\/fr\/boutiques-en-ligne\/","title":{"rendered":"Boutiques en ligne"},"content":{"rendered":"\n<p>Vous n&rsquo;avez pas encore r\u00e9ussi \u00e0 obtenir des r\u00e9sultats avec votre boutique en ligne ? Vous avez envie d&rsquo;un moyen efficace de pr\u00e9senter vos produits et services et de les vendre ?  <\/p>\n\n<p>Il est indispensable d&rsquo;utiliser le SEO pour la cr\u00e9ation d&rsquo;une boutique en ligne afin d&rsquo;\u00e9crire une histoire \u00e0 succ\u00e8s. Une boutique en ligne bien optimis\u00e9e a plus de chances d&rsquo;\u00eatre trouv\u00e9e facilement, de g\u00e9n\u00e9rer du trafic, de r\u00e9aliser des conversions et de construire une marque forte. C&rsquo;est pourquoi une strat\u00e9gie professionnelle de r\u00e9f\u00e9rencement est un \u00e9l\u00e9ment essentiel pour le succ\u00e8s d&rsquo;une boutique en ligne.<\/p>\n\n<p>Nos boutiques en ligne repr\u00e9sentent \u00e0 coup s\u00fbr la solution optimale ! Nos clients actuels sont extr\u00eamement satisfaits des boutiques en ligne que nous proposons, qui ont \u00e9t\u00e9 cr\u00e9\u00e9es de mani\u00e8re professionnelle et sur mesure. Les ventes de nos clients parlent d&rsquo;elles-m\u00eames !<\/p>\n\n<p>Que vous soyez un cr\u00e9ateur d&rsquo;entreprise ayant besoin d&rsquo;une boutique en ligne ou que vous souhaitiez transf\u00e9rer vos activit\u00e9s commerciales actuelles sur Internet, nous offrons \u00e0 tous une excellente solution pour obtenir plus de clients que pr\u00e9vu.<\/p>\n\n<p>Contactez-nous d\u00e8s aujourd&rsquo;hui, nous sommes l\u00e0 pour vous aider !<\/p>\n\n<section id=\"section-e8cd97d3-e918-4a98-b609-ab4a2cb93e1f\" class=\"wp-block-gutentor-divider section-e8cd97d3-e918-4a98-b609-ab4a2cb93e1f gutentor-element gutentor-section gutentor-divider text-center\"><div class=\"grid-container\"><div class=\"gutentor-divider-box\"><span><svg xmlns=\"http:\/\/www.w3.org\/2000\/svg\" viewbox=\"0 0 240 40\" preserveaspectratio=\"none\"><path d=\"M56.2 20c5.3-.1 10.6-.2 16-.3l16-.2c10.6-.1 21.3-.1 31.9-.2 10.6.1 21.3 0 31.9.1l16 .2c5.3.1 10.6.2 16 .3-5.3.1-10.6.2-16 .3l-16 .2c-10.6.1-21.3.1-31.9.1-10.6-.1-21.3 0-31.9-.2l-16-.2c-5.4.1-10.7 0-16-.1z\"><\/path><\/svg><\/span><\/div><\/div><\/section>\n\n<figure class=\"wp-block-image size-large\"><img decoding=\"async\" width=\"1024\" height=\"416\" src=\"https:\/\/seo-experte-zurich.kleinanzeigen.marketing\/wp-content\/uploads\/2023\/02\/online-marketing-fuer-kmu-zurich-1024x416.png\" alt=\"Boutiques d'experts en SEO\" class=\"wp-image-10942\" srcset=\"https:\/\/seo-experte-zurich.kleinanzeigen.marketing\/wp-content\/uploads\/2023\/02\/online-marketing-fuer-kmu-zurich-1024x416.png 1024w, https:\/\/seo-experte-zurich.kleinanzeigen.marketing\/wp-content\/uploads\/2023\/02\/online-marketing-fuer-kmu-zurich-300x122.png 300w, https:\/\/seo-experte-zurich.kleinanzeigen.marketing\/wp-content\/uploads\/2023\/02\/online-marketing-fuer-kmu-zurich-768x312.png 768w, https:\/\/seo-experte-zurich.kleinanzeigen.marketing\/wp-content\/uploads\/2023\/02\/online-marketing-fuer-kmu-zurich-1536x624.png 1536w, https:\/\/seo-experte-zurich.kleinanzeigen.marketing\/wp-content\/uploads\/2023\/02\/online-marketing-fuer-kmu-zurich.png 1822w\" sizes=\"(max-width: 1024px) 100vw, 1024px\" \/><figcaption class=\"wp-element-caption\">Expert en SEO<\/figcaption><\/figure>\n<div class=\"wp-block-yoast-seo-local-address\"><div id=\"wpseo_location-\" class=\"wpseo-location\"><h3><span class=\"wpseo-business-name\">Agence de r\u00e9f\u00e9rencement Wittibschlager<\/span><\/h3><div class=\"wpseo-address-wrapper\"><\/div><span class=\"wpseo-phone\">T\u00e9l\u00e9phone: <a href=\"tel:+41787818109\" class=\"tel\"><span>+41 78 781 81 09<\/span><\/a><\/span><br\/><span class=\"wpseo-email\">E-mail: <a href=\"mailto:inf&#111;&#064;&#107;&#101;&#105;&#110;&#097;&#110;z&#101;i&#103;e&#110;&#046;ma&#114;k&#101;ting\">inf&#111;&#64;&#107;e&#105;n&#97;nz&#101;ig&#101;&#110;.m&#97;&#114;k&#101;&#116;&#105;n&#103;<\/a><\/span><br\/><\/div><\/div>\n\n<p><strong>Heures d&rsquo;ouverture<\/strong><\/p>\n\n<div class=\"wp-block-yoast-seo-local-map\"><div id=\"map_canvas\" class=\"wpseo-map-canvas\" style=\"max-width: 100%; width: 400px; height: 300px;\"><ul><li><a href=\"https:\/\/seo-experte-zurich.kleinanzeigen.marketing\/\">Agence de r\u00e9f\u00e9rencement Wittibschlager<\/a><\/li><\/ul><\/div><\/div>\n\n<h3 class=\"wp-block-heading\" id=\"9-%C3%B6ffnungszeiten\">Heures d&rsquo;ouverture de l&rsquo;agence SEO Wittibschlager<\/h3>\n\n<div class=\"wp-block-yoast-seo-local-opening-hours\"><div class=\"wpseo-opening-hours-wrapper\"><table class=\"wpseo-opening-hours\" id =\"wpseo-opening-hours-\"><tr><td class=\"day\">Lundi<\/td><td class=\"time\"><span>9:00 AM - 5:00 PM<\/span><\/td><\/tr><tr><td class=\"day\">Mardi<\/td><td class=\"time\"><span>9:00 AM - 5:00 PM<\/span><\/td><\/tr><tr><td class=\"day\">Mercredi<\/td><td class=\"time\"><span>9:00 AM - 5:00 PM<\/span><\/td><\/tr><tr><td class=\"day\">Jeudi<\/td><td class=\"time\"><span>9:00 AM - 5:00 PM<\/span><\/td><\/tr><tr><td class=\"day\">Vendredi<\/td><td class=\"time\"><span>9:00 AM - 5:00 PM<\/span><\/td><\/tr><tr><td class=\"day\">Samedi<\/td><td class=\"time\"><span>9:00 AM - 5:00 PM<\/span><\/td><\/tr><tr><td class=\"day\">Dimanche<\/td><td class=\"time\"><span>9:00 AM - 5:00 PM<\/span><\/td><\/tr><\/table><\/div><\/div>\n\n<h2 class=\"wp-block-heading\" id=\"9-einige-informationen-%C3%BCber-z%C3%BCrich\">Quelques informations sur Zurich<\/h2>\n\n<iframe src=\"https:\/\/www.google.com\/maps\/embed?pb=!1m14!1m8!1m3!1d21614.35484617606!2d8.54129!3d47.376932!3m2!1i1024!2i768!4f13.1!3m3!1m2!1s0x47900b9749bea219%3A0xe66e8df1e71fdc03!2sZ%C3%BCrich%2C%20Schweiz!5e0!3m2!1sde!2sus!4v1679729717728!5m2!1sde!2sus\" width=\"600\" height=\"450\" style=\"border:0;\" allowfullscreen=\"\" loading=\"lazy\" referrerpolicy=\"no-referrer-when-downgrade\"><\/iframe>\n\n<p><strong>Plus d&rsquo;infos<\/strong><\/p>\n\n<ul class=\"wp-block-yoast-seo-related-links\"><li><a href=\"https:\/\/seo-experte-zurich.kleinanzeigen.marketing\/seo\/\">SEO &#8211; Optimisation des moteurs de recherche<\/a><\/li><li><a href=\"https:\/\/seo-experte-zurich.kleinanzeigen.marketing\/webseiten\/\">Sites web<\/a><\/li><li><a href=\"https:\/\/seo-experte-zurich.kleinanzeigen.marketing\/kundenreferenzen\/\">T\u00e9moignages de clients : R\u00e9actions de Google<\/a><\/li><li><a href=\"https:\/\/seo-experte-zurich.kleinanzeigen.marketing\/fr\/augmentation-du-succes\/\">Augmentation du succ\u00e8s<\/a><\/li><li><a href=\"https:\/\/seo-experte-zurich.kleinanzeigen.marketing\/ueber-uns\/\">\u00c0 propos de nous<\/a><\/li><\/ul>\n<div style='text-align:center' class='yasr-auto-insert-visitor'><!--Yasr Visitor Votes Shortcode--><div id='yasr_visitor_votes_29e6e28315cbb' class='yasr-visitor-votes'><div class=\"yasr-custom-text-vv-before yasr-custom-text-vv-before-18529\">Ratings \/ Bewertungen<\/div><div id='yasr-vv-second-row-container-29e6e28315cbb'\r\n                                        class='yasr-vv-second-row-container'><div id='yasr-visitor-votes-rater-29e6e28315cbb'\r\n                                      class='yasr-rater-stars-vv'\r\n                                      data-rater-postid='18529'\r\n                                      data-rating='0'\r\n                                      data-rater-starsize='24'\r\n                                      data-rater-readonly='true'\r\n                                      data-rater-nonce='0b3b98c63b'\r\n                                      data-issingular='false'\r\n                                    ><\/div><div class=\"yasr-vv-stats-text-container\" id=\"yasr-vv-stats-text-container-29e6e28315cbb\"><svg xmlns=\"https:\/\/www.w3.org\/2000\/svg\" width=\"20\" height=\"20\"\r\n                                   class=\"yasr-dashicons-visitor-stats\"\r\n                                   data-postid=\"18529\"\r\n                                   id=\"yasr-stats-dashicon-29e6e28315cbb\">\r\n                                   <path d=\"M18 18v-16h-4v16h4zM12 18v-11h-4v11h4zM6 18v-8h-4v8h4z\"><\/path>\r\n                               <\/svg><span id=\"yasr-vv-text-container-29e6e28315cbb\" class=\"yasr-vv-text-container\">[Anzahl der Bewertungen: <span id=\"yasr-vv-votes-number-container-29e6e28315cbb\">0<\/span>  Durchschnitt: <span id=\"yasr-vv-average-container-29e6e28315cbb\">0<\/span>]<\/span><\/div><div id='yasr-vv-loader-29e6e28315cbb' class='yasr-vv-container-loader'><\/div><\/div><div id='yasr-vv-bottom-container-29e6e28315cbb' class='yasr-vv-bottom-container'><div class='yasr-small-block-bold'><span class='yasr-visitor-votes-must-sign-in'>99% zufriedene Nutzer \/ Durchschnittsbewertungen unserer Klienten<\/span><\/div><\/div><\/div><!--End Yasr Visitor Votes Shortcode--><\/div>","protected":false},"excerpt":{"rendered":"<p>Vous n&rsquo;avez pas encore r\u00e9ussi \u00e0 obtenir des r\u00e9sultats avec votre boutique en ligne ? Vous avez envie d&rsquo;un moyen efficace de pr\u00e9senter vos produits et services et de les vendre ? Il est indispensable d&rsquo;utiliser le SEO pour la cr\u00e9ation d&rsquo;une boutique en ligne afin d&rsquo;\u00e9crire une histoire \u00e0 succ\u00e8s. Une boutique en ligne &#8230; <a title=\"Boutiques en ligne\" class=\"read-more\" href=\"https:\/\/seo-experte-zurich.kleinanzeigen.marketing\/fr\/boutiques-en-ligne\/\" aria-label=\"En savoir plus sur Boutiques en ligne\">Lire la suite<\/a><\/p>\n","protected":false},"author":1,"featured_media":17307,"parent":0,"menu_order":0,"comment_status":"closed","ping_status":"closed","template":"","meta":{"yasr_overall_rating":0,"yasr_post_is_review":"","yasr_auto_insert_disabled":"","yasr_review_type":""},"yasr_visitor_votes":{"stars_attributes":{"read_only":true,"span_bottom":"<div class='yasr-small-block-bold'><span class='yasr-visitor-votes-must-sign-in'>99% zufriedene Nutzer \/ Durchschnittsbewertungen unserer Klienten<\/span><\/div>"},"number_of_votes":0,"sum_votes":0},"acf":[],"yoast_head":"<!-- This site is optimized with the Yoast SEO Premium plugin v20.0 (Yoast SEO v21.8.1) - https:\/\/yoast.com\/wordpress\/plugins\/seo\/ -->\n<title>Boutiques en ligne - Pour un classement au top de Google<\/title>\n<meta name=\"description\" content=\"Boutiques en ligne - Pour un classement au top de Google\" \/>\n<meta name=\"robots\" content=\"index, follow, max-snippet:-1, max-image-preview:large, max-video-preview:-1\" \/>\n<link rel=\"canonical\" href=\"https:\/\/seo-experte-zurich.kleinanzeigen.marketing\/fr\/boutiques-en-ligne\/\" \/>\n<meta property=\"og:locale\" content=\"fr_FR\" \/>\n<meta property=\"og:type\" content=\"article\" \/>\n<meta property=\"og:title\" content=\"Boutiques en ligne - Pour un classement au top de Google\" \/>\n<meta property=\"og:description\" content=\"Boutiques en ligne - Pour un classement au top de Google\" \/>\n<meta property=\"og:url\" content=\"https:\/\/seo-experte-zurich.kleinanzeigen.marketing\/fr\/boutiques-en-ligne\/\" \/>\n<meta property=\"og:site_name\" content=\"Les experts en SEO de l&#039;agence de r\u00e9f\u00e9rencement Wittibschlager placent votre entreprise au sommet !\" \/>\n<meta property=\"article:modified_time\" content=\"2023-03-31T16:58:38+00:00\" \/>\n<meta property=\"og:image\" content=\"https:\/\/seo-experte-zurich.kleinanzeigen.marketing\/wp-content\/uploads\/2023\/02\/seo-ranking-prufen-1.png\" \/>\n<meta name=\"twitter:label1\" content=\"Dur\u00e9e de lecture estim\u00e9e\" \/>\n\t<meta name=\"twitter:data1\" content=\"2 minutes\" \/>\n<meta name=\"geo.position\" content=\"47.2955821;8.6344146\" \/>\n<meta name=\"geo.region\" content=\"Suisse\" \/>\n<!-- \/ Yoast SEO Premium plugin. -->","yoast_head_json":{"title":"Boutiques en ligne - Pour un classement au top de Google","description":"Boutiques en ligne - Pour un classement au top de Google","robots":{"index":"index","follow":"follow","max-snippet":"max-snippet:-1","max-image-preview":"max-image-preview:large","max-video-preview":"max-video-preview:-1"},"canonical":"https:\/\/seo-experte-zurich.kleinanzeigen.marketing\/fr\/boutiques-en-ligne\/","og_locale":"fr_FR","og_type":"article","og_title":"Boutiques en ligne - Pour un classement au top de Google","og_description":"Boutiques en ligne - Pour un classement au top de Google","og_url":"https:\/\/seo-experte-zurich.kleinanzeigen.marketing\/fr\/boutiques-en-ligne\/","og_site_name":"Les experts en SEO de l'agence de r\u00e9f\u00e9rencement Wittibschlager placent votre entreprise au sommet !","article_modified_time":"2023-03-31T16:58:38+00:00","og_image":[{"url":"https:\/\/seo-experte-zurich.kleinanzeigen.marketing\/wp-content\/uploads\/2023\/02\/seo-ranking-prufen-1.png"}],"twitter_misc":{"Dur\u00e9e de lecture estim\u00e9e":"2 minutes"},"schema":{"@context":"https:\/\/schema.org","@graph":[{"@type":"WebPage","@id":"https:\/\/seo-experte-zurich.kleinanzeigen.marketing\/fr\/boutiques-en-ligne\/","url":"https:\/\/seo-experte-zurich.kleinanzeigen.marketing\/fr\/boutiques-en-ligne\/","name":"Boutiques en ligne - Pour un classement au top de Google","isPartOf":{"@id":"https:\/\/seo-experte-zurich.kleinanzeigen.marketing\/fr\/#website"},"datePublished":"2020-12-20T15:11:47+00:00","dateModified":"2023-03-31T16:58:38+00:00","description":"Boutiques en ligne - Pour un classement au top de Google","breadcrumb":{"@id":"https:\/\/seo-experte-zurich.kleinanzeigen.marketing\/fr\/boutiques-en-ligne\/#breadcrumb"},"inLanguage":"fr-FR","potentialAction":[{"@type":"ReadAction","target":["https:\/\/seo-experte-zurich.kleinanzeigen.marketing\/fr\/boutiques-en-ligne\/"]}]},{"@type":"BreadcrumbList","@id":"https:\/\/seo-experte-zurich.kleinanzeigen.marketing\/fr\/boutiques-en-ligne\/#breadcrumb","itemListElement":[{"@type":"ListItem","position":1,"name":"Accueil","item":"https:\/\/seo-experte-zurich.kleinanzeigen.marketing\/fr\/expert-seo-zurich\/"},{"@type":"ListItem","position":2,"name":"Boutiques en ligne"}]},{"@type":"WebSite","@id":"https:\/\/seo-experte-zurich.kleinanzeigen.marketing\/fr\/#website","url":"https:\/\/seo-experte-zurich.kleinanzeigen.marketing\/fr\/","name":"Les experts en SEO de l'agence de r\u00e9f\u00e9rencement Wittibschlager placent votre entreprise au sommet !","description":"Agence SEO Zurich : SEO - SEA - Social - Web - Design - PR - Shopping - Vid\u00e9o - Native Advertising","publisher":{"@id":"https:\/\/seo-experte-zurich.kleinanzeigen.marketing\/fr\/#organization"},"potentialAction":[{"@type":"SearchAction","target":{"@type":"EntryPoint","urlTemplate":"https:\/\/seo-experte-zurich.kleinanzeigen.marketing\/fr\/?s={search_term_string}"},"query-input":"required name=search_term_string"}],"inLanguage":"fr-FR"},{"@type":["Organization","Place"],"@id":"https:\/\/seo-experte-zurich.kleinanzeigen.marketing\/fr\/#organization","name":"Agence de r\u00e9f\u00e9rencement Wittibschlager","url":"https:\/\/seo-experte-zurich.kleinanzeigen.marketing\/fr\/","logo":{"@id":"https:\/\/seo-experte-zurich.kleinanzeigen.marketing\/fr\/boutiques-en-ligne\/#local-main-organization-logo"},"image":{"@id":"https:\/\/seo-experte-zurich.kleinanzeigen.marketing\/fr\/boutiques-en-ligne\/#local-main-organization-logo"},"geo":{"@type":"GeoCoordinates","latitude":"47.2955821","longitude":"8.6344146"},"telephone":["+41 78 781 81 09","+41 78 781 81 09"],"openingHoursSpecification":[{"@type":"OpeningHoursSpecification","dayOfWeek":["Monday","Tuesday","Wednesday","Thursday","Friday","Saturday","Sunday"],"opens":"09:00","closes":"17:00"}],"email":"info@keinanzeigen.marketing"},{"@type":"ImageObject","inLanguage":"fr-FR","@id":"https:\/\/seo-experte-zurich.kleinanzeigen.marketing\/fr\/boutiques-en-ligne\/#local-main-organization-logo","url":"https:\/\/seo-experte-zurich.kleinanzeigen.marketing\/wp-content\/uploads\/2020\/12\/cropped-Bildschirmfoto-2020-12-06-um-20.04.19-2.png","contentUrl":"https:\/\/seo-experte-zurich.kleinanzeigen.marketing\/wp-content\/uploads\/2020\/12\/cropped-Bildschirmfoto-2020-12-06-um-20.04.19-2.png","width":1348,"height":804,"caption":"Agence de r\u00e9f\u00e9rencement Wittibschlager"},false]},"geo.position":{"lat":"47.2955821","long":"8.6344146"},"geo.region":"Suisse"},"_links":{"self":[{"href":"https:\/\/seo-experte-zurich.kleinanzeigen.marketing\/fr\/wp-json\/wp\/v2\/pages\/18529"}],"collection":[{"href":"https:\/\/seo-experte-zurich.kleinanzeigen.marketing\/fr\/wp-json\/wp\/v2\/pages"}],"about":[{"href":"https:\/\/seo-experte-zurich.kleinanzeigen.marketing\/fr\/wp-json\/wp\/v2\/types\/page"}],"author":[{"embeddable":true,"href":"https:\/\/seo-experte-zurich.kleinanzeigen.marketing\/fr\/wp-json\/wp\/v2\/users\/1"}],"replies":[{"embeddable":true,"href":"https:\/\/seo-experte-zurich.kleinanzeigen.marketing\/fr\/wp-json\/wp\/v2\/comments?post=18529"}],"version-history":[{"count":0,"href":"https:\/\/seo-experte-zurich.kleinanzeigen.marketing\/fr\/wp-json\/wp\/v2\/pages\/18529\/revisions"}],"wp:featuredmedia":[{"embeddable":true,"href":"https:\/\/seo-experte-zurich.kleinanzeigen.marketing\/fr\/wp-json\/wp\/v2\/media\/17307"}],"wp:attachment":[{"href":"https:\/\/seo-experte-zurich.kleinanzeigen.marketing\/fr\/wp-json\/wp\/v2\/media?parent=18529"}],"curies":[{"name":"wp","href":"https:\/\/api.w.org\/{rel}","templated":true}]}}