{"id":18621,"date":"2023-02-06T10:43:36","date_gmt":"2023-02-06T10:43:36","guid":{"rendered":"https:\/\/seo-experte-zurich.kleinanzeigen.marketing\/temoignages-de-clients-reactions-de-google\/"},"modified":"2023-03-31T17:07:51","modified_gmt":"2023-03-31T17:07:51","slug":"temoignages-de-clients-reactions-de-google","status":"publish","type":"page","link":"https:\/\/seo-experte-zurich.kleinanzeigen.marketing\/fr\/temoignages-de-clients-reactions-de-google\/","title":{"rendered":"T\u00e9moignages de clients : R\u00e9actions de Google"},"content":{"rendered":"\n<p>Vous constatez que votre excellent produit ou service de premi\u00e8re qualit\u00e9 n&rsquo;obtient pas l&rsquo;\u00e9cho souhait\u00e9 sur Internet ?  <\/p>\n\n<p>Les avis Google peuvent jouer un r\u00f4le essentiel dans l&rsquo;acquisition de clients, car ils aident les clients potentiels \u00e0 d\u00e9cider s&rsquo;ils soutiennent ou non un commerce. Les r\u00e9f\u00e9rences d&rsquo;autres entreprises peuvent en outre contribuer \u00e0 faciliter l&rsquo;acquisition de nouveaux clients \u00e0 l&rsquo;avenir et \u00e0 cr\u00e9er un climat de confiance.<\/p>\n\n<figure class=\"wp-block-image size-large\"><img decoding=\"async\" src=\"https:\/\/seo-experte-zurich.kleinanzeigen.marketing\/wp-content\/uploads\/2023\/01\/Bildschirm&#xAD;foto-2023-01-17-um-11.24.05-1024x254.png\" alt=\"L'expert SEO cr&#xE9;e de bonnes &#xE9;valuations Google  \" class=\"wp-image-9613\"\/><figcaption class=\"wp-element-caption\">225 clients attribuent la meilleure note \u00e0 nos experts en SEO !<\/figcaption><\/figure>\n<p>Les avis Google peuvent jouer un r\u00f4le important dans l&rsquo;acquisition de clients, car ils aident les clients potentiels \u00e0 prendre une d\u00e9cision et contribuent \u00e0 une excellente r\u00e9putation de l&rsquo;entreprise. Il est donc essentiel de veiller \u00e0 ce que l&rsquo;entreprise re\u00e7oive un grand nombre d&rsquo;\u00e9valuations positives et que les \u00e9valuations n\u00e9gatives soient trait\u00e9es avec professionnalisme et soin.<\/p>\n\n<p>Les startups et les entreprises qui n&rsquo;ont pas de pr\u00e9sence en ligne peuvent avoir du mal \u00e0 s&rsquo;implanter sur Internet si leur base de clients est limit\u00e9e et si elles sont confront\u00e9es \u00e0 une concurrence bien \u00e9tablie. Dans les secteurs tr\u00e8s concurrentiels en particulier, attirer des clients et se constituer une base de client\u00e8le peut s&rsquo;av\u00e9rer un v\u00e9ritable d\u00e9fi en l&rsquo;absence de r\u00e9f\u00e9rences. C&rsquo;est un cercle vicieux qu&rsquo;il faut briser !<\/p>\n\n<p>Nos experts en r\u00e9f\u00e9rencement ont une grande exp\u00e9rience pour aider les entreprises \u00e0 se construire une image positive en ligne. Nous obtenons pour vous les meilleures r\u00e9f\u00e9rences et t\u00e9moignages de clients, qui proviennent de personnes ou d&rsquo;entreprises r\u00e9elles !<\/p>\n\n<ul class=\"wp-block-yoast-seo-related-links\"><li><a href=\"https:\/\/seo-experte-zurich.kleinanzeigen.marketing\/arbeitsrecht\/webshops\/\">Boutiques en ligne<\/a><\/li><li><a href=\"https:\/\/seo-experte-zurich.kleinanzeigen.marketing\/arbeitsrecht\/webseiten\/\">Sites web<\/a><\/li><li><a href=\"https:\/\/seo-experte-zurich.kleinanzeigen.marketing\/arbeitsrecht\/kontakt\/\">Contact<\/a><\/li><\/ul>\n<div style='text-align:center' class='yasr-auto-insert-visitor'><!--Yasr Visitor Votes Shortcode--><div id='yasr_visitor_votes_bb90ea0e5a536' class='yasr-visitor-votes'><div class=\"yasr-custom-text-vv-before yasr-custom-text-vv-before-18621\">Ratings \/ Bewertungen<\/div><div id='yasr-vv-second-row-container-bb90ea0e5a536'\r\n                                        class='yasr-vv-second-row-container'><div id='yasr-visitor-votes-rater-bb90ea0e5a536'\r\n                                      class='yasr-rater-stars-vv'\r\n                                      data-rater-postid='18621'\r\n                                      data-rating='0'\r\n                                      data-rater-starsize='24'\r\n                                      data-rater-readonly='true'\r\n                                      data-rater-nonce='0b3b98c63b'\r\n                                      data-issingular='false'\r\n                                    ><\/div><div class=\"yasr-vv-stats-text-container\" id=\"yasr-vv-stats-text-container-bb90ea0e5a536\"><svg xmlns=\"https:\/\/www.w3.org\/2000\/svg\" width=\"20\" height=\"20\"\r\n                                   class=\"yasr-dashicons-visitor-stats\"\r\n                                   data-postid=\"18621\"\r\n                                   id=\"yasr-stats-dashicon-bb90ea0e5a536\">\r\n                                   <path d=\"M18 18v-16h-4v16h4zM12 18v-11h-4v11h4zM6 18v-8h-4v8h4z\"><\/path>\r\n                               <\/svg><span id=\"yasr-vv-text-container-bb90ea0e5a536\" class=\"yasr-vv-text-container\">[Anzahl der Bewertungen: <span id=\"yasr-vv-votes-number-container-bb90ea0e5a536\">0<\/span>  Durchschnitt: <span id=\"yasr-vv-average-container-bb90ea0e5a536\">0<\/span>]<\/span><\/div><div id='yasr-vv-loader-bb90ea0e5a536' class='yasr-vv-container-loader'><\/div><\/div><div id='yasr-vv-bottom-container-bb90ea0e5a536' class='yasr-vv-bottom-container'><div class='yasr-small-block-bold'><span class='yasr-visitor-votes-must-sign-in'>99% zufriedene Nutzer \/ Durchschnittsbewertungen unserer Klienten<\/span><\/div><\/div><\/div><!--End Yasr Visitor Votes Shortcode--><\/div>","protected":false},"excerpt":{"rendered":"<p>Vous constatez que votre excellent produit ou service de premi\u00e8re qualit\u00e9 n&rsquo;obtient pas l&rsquo;\u00e9cho souhait\u00e9 sur Internet ? Les avis Google peuvent jouer un r\u00f4le essentiel dans l&rsquo;acquisition de clients, car ils aident les clients potentiels \u00e0 d\u00e9cider s&rsquo;ils soutiennent ou non un commerce. Les r\u00e9f\u00e9rences d&rsquo;autres entreprises peuvent en outre contribuer \u00e0 faciliter l&rsquo;acquisition &#8230; <a title=\"T\u00e9moignages de clients : R\u00e9actions de Google\" class=\"read-more\" href=\"https:\/\/seo-experte-zurich.kleinanzeigen.marketing\/fr\/temoignages-de-clients-reactions-de-google\/\" aria-label=\"En savoir plus sur T\u00e9moignages de clients : R\u00e9actions de Google\">Lire la suite<\/a><\/p>\n","protected":false},"author":1,"featured_media":17388,"parent":0,"menu_order":0,"comment_status":"closed","ping_status":"closed","template":"","meta":{"yasr_overall_rating":0,"yasr_post_is_review":"","yasr_auto_insert_disabled":"","yasr_review_type":""},"yasr_visitor_votes":{"stars_attributes":{"read_only":true,"span_bottom":"<div class='yasr-small-block-bold'><span class='yasr-visitor-votes-must-sign-in'>99% zufriedene Nutzer \/ Durchschnittsbewertungen unserer Klienten<\/span><\/div>"},"number_of_votes":0,"sum_votes":0},"acf":[],"yoast_head":"<!-- This site is optimized with the Yoast SEO Premium plugin v20.0 (Yoast SEO v21.8.1) - https:\/\/yoast.com\/wordpress\/plugins\/seo\/ -->\n<title>T\u00e9moignages de clients - Pour un classement au top sur Google<\/title>\n<meta name=\"description\" content=\"Pour un classement au top sur Google\" \/>\n<meta name=\"robots\" content=\"index, follow, max-snippet:-1, max-image-preview:large, max-video-preview:-1\" \/>\n<link rel=\"canonical\" href=\"https:\/\/seo-experte-zurich.kleinanzeigen.marketing\/fr\/temoignages-de-clients-reactions-de-google\/\" \/>\n<meta property=\"og:locale\" content=\"fr_FR\" \/>\n<meta property=\"og:type\" content=\"article\" \/>\n<meta property=\"og:title\" content=\"T\u00e9moignages de clients - Pour un classement au top sur Google\" \/>\n<meta property=\"og:description\" content=\"Pour un classement au top sur Google\" \/>\n<meta property=\"og:url\" content=\"https:\/\/seo-experte-zurich.kleinanzeigen.marketing\/fr\/temoignages-de-clients-reactions-de-google\/\" \/>\n<meta property=\"og:site_name\" content=\"Les experts en SEO de l&#039;agence de r\u00e9f\u00e9rencement Wittibschlager placent votre entreprise au sommet !\" \/>\n<meta property=\"article:modified_time\" content=\"2023-03-31T17:07:51+00:00\" \/>\n<meta property=\"og:image\" content=\"https:\/\/seo-experte-zurich.kleinanzeigen.marketing\/wp-content\/uploads\/2023\/02\/seo-experte-zurich-schweiz.png\" \/>\n<meta name=\"twitter:label1\" content=\"Dur\u00e9e de lecture estim\u00e9e\" \/>\n\t<meta name=\"twitter:data1\" content=\"1 minute\" \/>\n<meta name=\"geo.position\" content=\"47.2955821;8.6344146\" \/>\n<meta name=\"geo.region\" content=\"Suisse\" \/>\n<!-- \/ Yoast SEO Premium plugin. -->","yoast_head_json":{"title":"T\u00e9moignages de clients - Pour un classement au top sur Google","description":"Pour un classement au top sur Google","robots":{"index":"index","follow":"follow","max-snippet":"max-snippet:-1","max-image-preview":"max-image-preview:large","max-video-preview":"max-video-preview:-1"},"canonical":"https:\/\/seo-experte-zurich.kleinanzeigen.marketing\/fr\/temoignages-de-clients-reactions-de-google\/","og_locale":"fr_FR","og_type":"article","og_title":"T\u00e9moignages de clients - Pour un classement au top sur Google","og_description":"Pour un classement au top sur Google","og_url":"https:\/\/seo-experte-zurich.kleinanzeigen.marketing\/fr\/temoignages-de-clients-reactions-de-google\/","og_site_name":"Les experts en SEO de l'agence de r\u00e9f\u00e9rencement Wittibschlager placent votre entreprise au sommet !","article_modified_time":"2023-03-31T17:07:51+00:00","og_image":[{"url":"https:\/\/seo-experte-zurich.kleinanzeigen.marketing\/wp-content\/uploads\/2023\/02\/seo-experte-zurich-schweiz.png"}],"twitter_misc":{"Dur\u00e9e de lecture estim\u00e9e":"1 minute"},"schema":{"@context":"https:\/\/schema.org","@graph":[{"@type":"WebPage","@id":"https:\/\/seo-experte-zurich.kleinanzeigen.marketing\/fr\/temoignages-de-clients-reactions-de-google\/","url":"https:\/\/seo-experte-zurich.kleinanzeigen.marketing\/fr\/temoignages-de-clients-reactions-de-google\/","name":"T\u00e9moignages de clients - Pour un classement au top sur Google","isPartOf":{"@id":"https:\/\/seo-experte-zurich.kleinanzeigen.marketing\/fr\/#website"},"datePublished":"2023-02-06T10:43:36+00:00","dateModified":"2023-03-31T17:07:51+00:00","description":"Pour un classement au top sur Google","breadcrumb":{"@id":"https:\/\/seo-experte-zurich.kleinanzeigen.marketing\/fr\/temoignages-de-clients-reactions-de-google\/#breadcrumb"},"inLanguage":"fr-FR","potentialAction":[{"@type":"ReadAction","target":["https:\/\/seo-experte-zurich.kleinanzeigen.marketing\/fr\/temoignages-de-clients-reactions-de-google\/"]}]},{"@type":"BreadcrumbList","@id":"https:\/\/seo-experte-zurich.kleinanzeigen.marketing\/fr\/temoignages-de-clients-reactions-de-google\/#breadcrumb","itemListElement":[{"@type":"ListItem","position":1,"name":"Accueil","item":"https:\/\/seo-experte-zurich.kleinanzeigen.marketing\/fr\/expert-seo-zurich\/"},{"@type":"ListItem","position":2,"name":"T\u00e9moignages de clients : R\u00e9actions de Google"}]},{"@type":"WebSite","@id":"https:\/\/seo-experte-zurich.kleinanzeigen.marketing\/fr\/#website","url":"https:\/\/seo-experte-zurich.kleinanzeigen.marketing\/fr\/","name":"Les experts en SEO de l'agence de r\u00e9f\u00e9rencement Wittibschlager placent votre entreprise au sommet !","description":"Agence SEO Zurich : SEO - SEA - Social - Web - Design - PR - Shopping - Vid\u00e9o - Native Advertising","publisher":{"@id":"https:\/\/seo-experte-zurich.kleinanzeigen.marketing\/fr\/#organization"},"potentialAction":[{"@type":"SearchAction","target":{"@type":"EntryPoint","urlTemplate":"https:\/\/seo-experte-zurich.kleinanzeigen.marketing\/fr\/?s={search_term_string}"},"query-input":"required name=search_term_string"}],"inLanguage":"fr-FR"},{"@type":["Organization","Place"],"@id":"https:\/\/seo-experte-zurich.kleinanzeigen.marketing\/fr\/#organization","name":"Agence de r\u00e9f\u00e9rencement Wittibschlager","url":"https:\/\/seo-experte-zurich.kleinanzeigen.marketing\/fr\/","logo":{"@id":"https:\/\/seo-experte-zurich.kleinanzeigen.marketing\/fr\/temoignages-de-clients-reactions-de-google\/#local-main-organization-logo"},"image":{"@id":"https:\/\/seo-experte-zurich.kleinanzeigen.marketing\/fr\/temoignages-de-clients-reactions-de-google\/#local-main-organization-logo"},"geo":{"@type":"GeoCoordinates","latitude":"47.2955821","longitude":"8.6344146"},"telephone":["+41 78 781 81 09","+41 78 781 81 09"],"openingHoursSpecification":[{"@type":"OpeningHoursSpecification","dayOfWeek":["Monday","Tuesday","Wednesday","Thursday","Friday","Saturday","Sunday"],"opens":"09:00","closes":"17:00"}],"email":"info@keinanzeigen.marketing"},{"@type":"ImageObject","inLanguage":"fr-FR","@id":"https:\/\/seo-experte-zurich.kleinanzeigen.marketing\/fr\/temoignages-de-clients-reactions-de-google\/#local-main-organization-logo","url":"https:\/\/seo-experte-zurich.kleinanzeigen.marketing\/wp-content\/uploads\/2020\/12\/cropped-Bildschirmfoto-2020-12-06-um-20.04.19-2.png","contentUrl":"https:\/\/seo-experte-zurich.kleinanzeigen.marketing\/wp-content\/uploads\/2020\/12\/cropped-Bildschirmfoto-2020-12-06-um-20.04.19-2.png","width":1348,"height":804,"caption":"Agence de r\u00e9f\u00e9rencement Wittibschlager"},false]},"geo.position":{"lat":"47.2955821","long":"8.6344146"},"geo.region":"Suisse"},"_links":{"self":[{"href":"https:\/\/seo-experte-zurich.kleinanzeigen.marketing\/fr\/wp-json\/wp\/v2\/pages\/18621"}],"collection":[{"href":"https:\/\/seo-experte-zurich.kleinanzeigen.marketing\/fr\/wp-json\/wp\/v2\/pages"}],"about":[{"href":"https:\/\/seo-experte-zurich.kleinanzeigen.marketing\/fr\/wp-json\/wp\/v2\/types\/page"}],"author":[{"embeddable":true,"href":"https:\/\/seo-experte-zurich.kleinanzeigen.marketing\/fr\/wp-json\/wp\/v2\/users\/1"}],"replies":[{"embeddable":true,"href":"https:\/\/seo-experte-zurich.kleinanzeigen.marketing\/fr\/wp-json\/wp\/v2\/comments?post=18621"}],"version-history":[{"count":0,"href":"https:\/\/seo-experte-zurich.kleinanzeigen.marketing\/fr\/wp-json\/wp\/v2\/pages\/18621\/revisions"}],"wp:featuredmedia":[{"embeddable":true,"href":"https:\/\/seo-experte-zurich.kleinanzeigen.marketing\/fr\/wp-json\/wp\/v2\/media\/17388"}],"wp:attachment":[{"href":"https:\/\/seo-experte-zurich.kleinanzeigen.marketing\/fr\/wp-json\/wp\/v2\/media?parent=18621"}],"curies":[{"name":"wp","href":"https:\/\/api.w.org\/{rel}","templated":true}]}}