{"id":18771,"date":"2020-12-20T15:15:49","date_gmt":"2020-12-20T15:15:49","guid":{"rendered":"https:\/\/seo-experte-zurich.kleinanzeigen.marketing\/sites-web\/"},"modified":"2023-03-31T20:18:21","modified_gmt":"2023-03-31T20:18:21","slug":"sites-web","status":"publish","type":"page","link":"https:\/\/seo-experte-zurich.kleinanzeigen.marketing\/fr\/sites-web\/","title":{"rendered":"Sites web"},"content":{"rendered":"\n<p><strong>R\u00e9aliser son propre site web<\/strong><\/p>\n\n<p>Vous r\u00eavez depuis longtemps de cr\u00e9er votre propre pr\u00e9sence sur le web ? Avez-vous une id\u00e9e claire du r\u00e9sultat que vous souhaitez obtenir ? Nos experts en SEO vous aident \u00e0 atteindre vos objectifs !<\/p>\n\n<p>Depuis de nombreuses ann\u00e9es, nous cr\u00e9ons des sites web de qualit\u00e9 pour des clients satisfaits. Un design exigeant, une grande visibilit\u00e9 avec beaucoup de trafic et la satisfaction de nos clients sont nos exigences.<\/p>\n\n<p>Nos pages web optimis\u00e9es pour le r\u00e9f\u00e9rencement ont un certain nombre de facteurs qui pourraient contribuer \u00e0 votre succ\u00e8s. Nous misons sur les facteurs SEO suivants :<\/p>\n\n<ul>\n<li><strong>Recherche de mots-cl\u00e9s<\/strong>: une bonne recherche de mots-cl\u00e9s est un \u00e9l\u00e9ment essentiel pour une gestion r\u00e9ussie du r\u00e9f\u00e9rencement. Il est n\u00e9cessaire de comprendre quels mots de recherche les clients potentiels utilisent pour trouver les produits ou services fournis par l&rsquo;entreprise.<\/li>\n\n\n\n<li><strong>Optimisation on-page :<\/strong> toutes les strat\u00e9gies mises en place sur le site web pour satisfaire les moteurs de recherche et les utilisateurs sont appel\u00e9es optimisation on-page. Cela implique le choix de mots-cl\u00e9s pertinents et cibl\u00e9s, une navigation conviviale, une construction rapide des pages et un design attrayant.<\/li>\n\n\n\n<li><strong>Contenu de haute qualit\u00e9 :<\/strong> un site web optimis\u00e9 pour le r\u00e9f\u00e9rencement, compos\u00e9 de contenus de haute qualit\u00e9, pertinents et uniques, adapt\u00e9s au groupe cible vis\u00e9, est structur\u00e9 de mani\u00e8re optimale et optimis\u00e9 \u00e0 l&rsquo;aide des bons mots-cl\u00e9s.<\/li>\n\n\n\n<li><strong>Liens :<\/strong> un excellent site web optimis\u00e9 pour le r\u00e9f\u00e9rencement fait usage d&rsquo;une strat\u00e9gie de liens \u00e9quilibr\u00e9e, qui comprend des liens internes et externes. Les liens internes aident l&rsquo;utilisateur \u00e0 s&rsquo;orienter sur le site et favorisent la convivialit\u00e9. Les liens externes augmentent la confiance dans le site web et prot\u00e8gent l&rsquo;optimisation des moteurs de recherche.<\/li>\n\n\n\n<li><strong>Convivialit\u00e9 mobile :<\/strong> un site web parfaitement adapt\u00e9 aux appareils mobiles et optimis\u00e9 pour le r\u00e9f\u00e9rencement permet une navigation facile et une exp\u00e9rience utilisateur agr\u00e9able.<\/li>\n\n\n\n<li><strong>Optimisation technique :<\/strong> un site web remarquablement optimis\u00e9 aupr\u00e8s des moteurs de recherche est parfaitement \u00e9quip\u00e9 sur le plan technique. Cela implique notamment un temps de r\u00e9ponse rapide, une utilisation correcte des balises HTML et une structure exacte.<\/li>\n<\/ul>\n\n<p>Gagnez de nouveaux clients, augmentez votre chiffre d&rsquo;affaires et misez sur des sites web optimis\u00e9s pour le r\u00e9f\u00e9rencement ! Nous nous ferons un plaisir de vous aider ! Saisissez d\u00e8s maintenant l&rsquo;opportunit\u00e9 de changer votre vie gr\u00e2ce \u00e0 votre site web. Augmentez votre succ\u00e8s et gagnez plus de clients via votre site web !<\/p>\n\n<figure class=\"wp-block-image size-large\"><img decoding=\"async\" width=\"1024\" height=\"416\" src=\"https:\/\/seo-experte-zurich.kleinanzeigen.marketing\/wp-content\/uploads\/2023\/02\/online-marketing-fuer-kmu-zurich-1024x416.png\" alt=\"Un expert en SEO cr&#xE9;e des sites web de qualit&#xE9;\" class=\"wp-image-10942\" srcset=\"https:\/\/seo-experte-zurich.kleinanzeigen.marketing\/wp-content\/uploads\/2023\/02\/online-marketing-fuer-kmu-zurich-1024x416.png 1024w, https:\/\/seo-experte-zurich.kleinanzeigen.marketing\/wp-content\/uploads\/2023\/02\/online-marketing-fuer-kmu-zurich-300x122.png 300w, https:\/\/seo-experte-zurich.kleinanzeigen.marketing\/wp-content\/uploads\/2023\/02\/online-marketing-fuer-kmu-zurich-768x312.png 768w, https:\/\/seo-experte-zurich.kleinanzeigen.marketing\/wp-content\/uploads\/2023\/02\/online-marketing-fuer-kmu-zurich-1536x624.png 1536w, https:\/\/seo-experte-zurich.kleinanzeigen.marketing\/wp-content\/uploads\/2023\/02\/online-marketing-fuer-kmu-zurich.png 1822w\" sizes=\"(max-width: 1024px) 100vw, 1024px\" \/><figcaption class=\"wp-element-caption\">Expert en SEO<\/figcaption><\/figure>\n<div class=\"wp-block-yoast-seo-local-address\"><div id=\"wpseo_location-\" class=\"wpseo-location\"><h3><span class=\"wpseo-business-name\">Agence de r\u00e9f\u00e9rencement Wittibschlager<\/span><\/h3><div class=\"wpseo-address-wrapper\"><\/div><span class=\"wpseo-phone\">T\u00e9l\u00e9phone: <a href=\"tel:+41787818109\" class=\"tel\"><span>+41 78 781 81 09<\/span><\/a><\/span><br\/><span class=\"wpseo-email\">E-mail: <a href=\"mailto:i&#110;f&#111;&#064;&#107;&#101;&#105;&#110;&#097;&#110;&#122;&#101;ig&#101;n.mar&#107;&#101;tin&#103;\">&#105;&#110;fo&#64;ke&#105;n&#97;&#110;&#122;&#101;&#105;gen&#46;&#109;a&#114;&#107;e&#116;i&#110;g<\/a><\/span><br\/><\/div><\/div>\n\n<p><strong>Heures d&rsquo;ouverture<\/strong><\/p>\n\n<div class=\"wp-block-yoast-seo-local-map\"><div id=\"map_canvas\" class=\"wpseo-map-canvas\" style=\"max-width: 100%; width: 400px; height: 300px;\"><ul><li><a href=\"https:\/\/seo-experte-zurich.kleinanzeigen.marketing\/\">Agence de r\u00e9f\u00e9rencement Wittibschlager<\/a><\/li><\/ul><\/div><\/div>\n\n<h3 class=\"wp-block-heading\" id=\"9-%C3%B6ffnungszeiten\">Heures d&rsquo;ouverture de l&rsquo;agence SEO Wittibschlager<\/h3>\n\n<div class=\"wp-block-yoast-seo-local-opening-hours\"><div class=\"wpseo-opening-hours-wrapper\"><table class=\"wpseo-opening-hours\" id =\"wpseo-opening-hours-\"><tr><td class=\"day\">Lundi<\/td><td class=\"time\"><span>9:00 AM - 5:00 PM<\/span><\/td><\/tr><tr><td class=\"day\">Mardi<\/td><td class=\"time\"><span>9:00 AM - 5:00 PM<\/span><\/td><\/tr><tr><td class=\"day\">Mercredi<\/td><td class=\"time\"><span>9:00 AM - 5:00 PM<\/span><\/td><\/tr><tr><td class=\"day\">Jeudi<\/td><td class=\"time\"><span>9:00 AM - 5:00 PM<\/span><\/td><\/tr><tr><td class=\"day\">Vendredi<\/td><td class=\"time\"><span>9:00 AM - 5:00 PM<\/span><\/td><\/tr><tr><td class=\"day\">Samedi<\/td><td class=\"time\"><span>9:00 AM - 5:00 PM<\/span><\/td><\/tr><tr><td class=\"day\">Dimanche<\/td><td class=\"time\"><span>9:00 AM - 5:00 PM<\/span><\/td><\/tr><\/table><\/div><\/div>\n\n<h2 class=\"wp-block-heading\" id=\"9-einige-informationen-%C3%BCber-z%C3%BCrich\">Quelques informations sur Zurich<\/h2>\n\n<iframe src=\"https:\/\/www.google.com\/maps\/embed?pb=!1m14!1m8!1m3!1d21614.35484617606!2d8.54129!3d47.376932!3m2!1i1024!2i768!4f13.1!3m3!1m2!1s0x47900b9749bea219%3A0xe66e8df1e71fdc03!2sZ%C3%BCrich%2C%20Schweiz!5e0!3m2!1sde!2sus!4v1679729717728!5m2!1sde!2sus\" width=\"600\" height=\"450\" style=\"border:0;\" allowfullscreen=\"\" loading=\"lazy\" referrerpolicy=\"no-referrer-when-downgrade\"><\/iframe>\n\n<p><strong>Plus d&rsquo;infos<\/strong><\/p>\n\n<ul class=\"wp-block-yoast-seo-related-links\"><li><a href=\"https:\/\/seo-experte-zurich.kleinanzeigen.marketing\/fr\/seo-optimisation-des-moteurs-de-recherche\/\">SEO &#8211; Optimisation des moteurs de recherche<\/a><\/li><li><a href=\"https:\/\/seo-experte-zurich.kleinanzeigen.marketing\/fr\/optimisation-pour-les-moteurs-de-recherche-de-lagence-seo-zurich\/\">Optimisation pour les moteurs de recherche de l&rsquo;agence SEO Zurich<\/a><\/li><li><a href=\"https:\/\/seo-experte-zurich.kleinanzeigen.marketing\/fr\/temoignages-de-clients-reactions-de-google\/\">T\u00e9moignages de clients : R\u00e9actions de Google<\/a><\/li><li><a href=\"https:\/\/seo-experte-zurich.kleinanzeigen.marketing\/fr\/augmentation-du-succes\/\">Augmentation du succ\u00e8s<\/a><\/li><li><a href=\"https:\/\/seo-experte-zurich.kleinanzeigen.marketing\/fr\/boutiques-en-ligne\/\">Boutiques en ligne<\/a><\/li><\/ul>\n<div style='text-align:center' class='yasr-auto-insert-visitor'><!--Yasr Visitor Votes Shortcode--><div id='yasr_visitor_votes_a9c6eb83da799' class='yasr-visitor-votes'><div class=\"yasr-custom-text-vv-before yasr-custom-text-vv-before-18771\">Ratings \/ Bewertungen<\/div><div id='yasr-vv-second-row-container-a9c6eb83da799'\r\n                                        class='yasr-vv-second-row-container'><div id='yasr-visitor-votes-rater-a9c6eb83da799'\r\n                                      class='yasr-rater-stars-vv'\r\n                                      data-rater-postid='18771'\r\n                                      data-rating='0'\r\n                                      data-rater-starsize='24'\r\n                                      data-rater-readonly='true'\r\n                                      data-rater-nonce='0b3b98c63b'\r\n                                      data-issingular='false'\r\n                                    ><\/div><div class=\"yasr-vv-stats-text-container\" id=\"yasr-vv-stats-text-container-a9c6eb83da799\"><svg xmlns=\"https:\/\/www.w3.org\/2000\/svg\" width=\"20\" height=\"20\"\r\n                                   class=\"yasr-dashicons-visitor-stats\"\r\n                                   data-postid=\"18771\"\r\n                                   id=\"yasr-stats-dashicon-a9c6eb83da799\">\r\n                                   <path d=\"M18 18v-16h-4v16h4zM12 18v-11h-4v11h4zM6 18v-8h-4v8h4z\"><\/path>\r\n                               <\/svg><span id=\"yasr-vv-text-container-a9c6eb83da799\" class=\"yasr-vv-text-container\">[Anzahl der Bewertungen: <span id=\"yasr-vv-votes-number-container-a9c6eb83da799\">0<\/span>  Durchschnitt: <span id=\"yasr-vv-average-container-a9c6eb83da799\">0<\/span>]<\/span><\/div><div id='yasr-vv-loader-a9c6eb83da799' class='yasr-vv-container-loader'><\/div><\/div><div id='yasr-vv-bottom-container-a9c6eb83da799' class='yasr-vv-bottom-container'><div class='yasr-small-block-bold'><span class='yasr-visitor-votes-must-sign-in'>99% zufriedene Nutzer \/ Durchschnittsbewertungen unserer Klienten<\/span><\/div><\/div><\/div><!--End Yasr Visitor Votes Shortcode--><\/div>","protected":false},"excerpt":{"rendered":"<p>R\u00e9aliser son propre site web Vous r\u00eavez depuis longtemps de cr\u00e9er votre propre pr\u00e9sence sur le web ? Avez-vous une id\u00e9e claire du r\u00e9sultat que vous souhaitez obtenir ? Nos experts en SEO vous aident \u00e0 atteindre vos objectifs ! Depuis de nombreuses ann\u00e9es, nous cr\u00e9ons des sites web de qualit\u00e9 pour des clients satisfaits. &#8230; <a title=\"Sites web\" class=\"read-more\" href=\"https:\/\/seo-experte-zurich.kleinanzeigen.marketing\/fr\/sites-web\/\" aria-label=\"En savoir plus sur Sites web\">Lire la suite<\/a><\/p>\n","protected":false},"author":1,"featured_media":17310,"parent":0,"menu_order":0,"comment_status":"closed","ping_status":"closed","template":"","meta":{"yasr_overall_rating":0,"yasr_post_is_review":"","yasr_auto_insert_disabled":"","yasr_review_type":""},"yasr_visitor_votes":{"stars_attributes":{"read_only":true,"span_bottom":"<div class='yasr-small-block-bold'><span class='yasr-visitor-votes-must-sign-in'>99% zufriedene Nutzer \/ Durchschnittsbewertungen unserer Klienten<\/span><\/div>"},"number_of_votes":0,"sum_votes":0},"acf":[],"yoast_head":"<!-- This site is optimized with the Yoast SEO Premium plugin v20.0 (Yoast SEO v21.8.1) - https:\/\/yoast.com\/wordpress\/plugins\/seo\/ -->\n<title>Sites web - Pour un classement au top de Google<\/title>\n<meta name=\"description\" content=\"Pour un classement au top sur Google\" \/>\n<meta name=\"robots\" content=\"index, follow, max-snippet:-1, max-image-preview:large, max-video-preview:-1\" \/>\n<link rel=\"canonical\" href=\"https:\/\/seo-experte-zurich.kleinanzeigen.marketing\/fr\/sites-web\/\" \/>\n<meta property=\"og:locale\" content=\"fr_FR\" \/>\n<meta property=\"og:type\" content=\"article\" \/>\n<meta property=\"og:title\" content=\"Sites web - Pour un classement au top de Google\" \/>\n<meta property=\"og:description\" content=\"Sites web - Pour un classement au top de Google\" \/>\n<meta property=\"og:url\" content=\"https:\/\/seo-experte-zurich.kleinanzeigen.marketing\/fr\/sites-web\/\" \/>\n<meta property=\"og:site_name\" content=\"Les experts en SEO de l&#039;agence de r\u00e9f\u00e9rencement Wittibschlager placent votre entreprise au sommet !\" \/>\n<meta property=\"article:modified_time\" content=\"2023-03-31T20:18:21+00:00\" \/>\n<meta property=\"og:image\" content=\"https:\/\/seo-experte-zurich.kleinanzeigen.marketing\/wp-content\/uploads\/2023\/02\/Suchmaschinenoptimierung-Zuerich-3.png\" \/>\n<meta name=\"twitter:label1\" content=\"Dur\u00e9e de lecture estim\u00e9e\" \/>\n\t<meta name=\"twitter:data1\" content=\"3 minutes\" \/>\n<meta name=\"geo.position\" content=\"47.2955821;8.6344146\" \/>\n<meta name=\"geo.region\" content=\"Suisse\" \/>\n<!-- \/ Yoast SEO Premium plugin. -->","yoast_head_json":{"title":"Sites web - Pour un classement au top de Google","description":"Pour un classement au top sur Google","robots":{"index":"index","follow":"follow","max-snippet":"max-snippet:-1","max-image-preview":"max-image-preview:large","max-video-preview":"max-video-preview:-1"},"canonical":"https:\/\/seo-experte-zurich.kleinanzeigen.marketing\/fr\/sites-web\/","og_locale":"fr_FR","og_type":"article","og_title":"Sites web - Pour un classement au top de Google","og_description":"Sites web - Pour un classement au top de Google","og_url":"https:\/\/seo-experte-zurich.kleinanzeigen.marketing\/fr\/sites-web\/","og_site_name":"Les experts en SEO de l'agence de r\u00e9f\u00e9rencement Wittibschlager placent votre entreprise au sommet !","article_modified_time":"2023-03-31T20:18:21+00:00","og_image":[{"url":"https:\/\/seo-experte-zurich.kleinanzeigen.marketing\/wp-content\/uploads\/2023\/02\/Suchmaschinenoptimierung-Zuerich-3.png"}],"twitter_misc":{"Dur\u00e9e de lecture estim\u00e9e":"3 minutes"},"schema":{"@context":"https:\/\/schema.org","@graph":[{"@type":"WebPage","@id":"https:\/\/seo-experte-zurich.kleinanzeigen.marketing\/fr\/sites-web\/","url":"https:\/\/seo-experte-zurich.kleinanzeigen.marketing\/fr\/sites-web\/","name":"Sites web - Pour un classement au top de Google","isPartOf":{"@id":"https:\/\/seo-experte-zurich.kleinanzeigen.marketing\/fr\/#website"},"datePublished":"2020-12-20T15:15:49+00:00","dateModified":"2023-03-31T20:18:21+00:00","description":"Pour un classement au top sur Google","breadcrumb":{"@id":"https:\/\/seo-experte-zurich.kleinanzeigen.marketing\/fr\/sites-web\/#breadcrumb"},"inLanguage":"fr-FR","potentialAction":[{"@type":"ReadAction","target":["https:\/\/seo-experte-zurich.kleinanzeigen.marketing\/fr\/sites-web\/"]}]},{"@type":"BreadcrumbList","@id":"https:\/\/seo-experte-zurich.kleinanzeigen.marketing\/fr\/sites-web\/#breadcrumb","itemListElement":[{"@type":"ListItem","position":1,"name":"Accueil","item":"https:\/\/seo-experte-zurich.kleinanzeigen.marketing\/fr\/expert-seo-zurich\/"},{"@type":"ListItem","position":2,"name":"Sites web"}]},{"@type":"WebSite","@id":"https:\/\/seo-experte-zurich.kleinanzeigen.marketing\/fr\/#website","url":"https:\/\/seo-experte-zurich.kleinanzeigen.marketing\/fr\/","name":"Les experts en SEO de l'agence de r\u00e9f\u00e9rencement Wittibschlager placent votre entreprise au sommet !","description":"Agence SEO Zurich : SEO - SEA - Social - Web - Design - PR - Shopping - Vid\u00e9o - Native Advertising","publisher":{"@id":"https:\/\/seo-experte-zurich.kleinanzeigen.marketing\/fr\/#organization"},"potentialAction":[{"@type":"SearchAction","target":{"@type":"EntryPoint","urlTemplate":"https:\/\/seo-experte-zurich.kleinanzeigen.marketing\/fr\/?s={search_term_string}"},"query-input":"required name=search_term_string"}],"inLanguage":"fr-FR"},{"@type":["Organization","Place"],"@id":"https:\/\/seo-experte-zurich.kleinanzeigen.marketing\/fr\/#organization","name":"Agence de r\u00e9f\u00e9rencement Wittibschlager","url":"https:\/\/seo-experte-zurich.kleinanzeigen.marketing\/fr\/","logo":{"@id":"https:\/\/seo-experte-zurich.kleinanzeigen.marketing\/fr\/sites-web\/#local-main-organization-logo"},"image":{"@id":"https:\/\/seo-experte-zurich.kleinanzeigen.marketing\/fr\/sites-web\/#local-main-organization-logo"},"geo":{"@type":"GeoCoordinates","latitude":"47.2955821","longitude":"8.6344146"},"telephone":["+41 78 781 81 09","+41 78 781 81 09"],"openingHoursSpecification":[{"@type":"OpeningHoursSpecification","dayOfWeek":["Monday","Tuesday","Wednesday","Thursday","Friday","Saturday","Sunday"],"opens":"09:00","closes":"17:00"}],"email":"info@keinanzeigen.marketing"},{"@type":"ImageObject","inLanguage":"fr-FR","@id":"https:\/\/seo-experte-zurich.kleinanzeigen.marketing\/fr\/sites-web\/#local-main-organization-logo","url":"https:\/\/seo-experte-zurich.kleinanzeigen.marketing\/wp-content\/uploads\/2020\/12\/cropped-Bildschirmfoto-2020-12-06-um-20.04.19-2.png","contentUrl":"https:\/\/seo-experte-zurich.kleinanzeigen.marketing\/wp-content\/uploads\/2020\/12\/cropped-Bildschirmfoto-2020-12-06-um-20.04.19-2.png","width":1348,"height":804,"caption":"Agence de r\u00e9f\u00e9rencement Wittibschlager"},false]},"geo.position":{"lat":"47.2955821","long":"8.6344146"},"geo.region":"Suisse"},"_links":{"self":[{"href":"https:\/\/seo-experte-zurich.kleinanzeigen.marketing\/fr\/wp-json\/wp\/v2\/pages\/18771"}],"collection":[{"href":"https:\/\/seo-experte-zurich.kleinanzeigen.marketing\/fr\/wp-json\/wp\/v2\/pages"}],"about":[{"href":"https:\/\/seo-experte-zurich.kleinanzeigen.marketing\/fr\/wp-json\/wp\/v2\/types\/page"}],"author":[{"embeddable":true,"href":"https:\/\/seo-experte-zurich.kleinanzeigen.marketing\/fr\/wp-json\/wp\/v2\/users\/1"}],"replies":[{"embeddable":true,"href":"https:\/\/seo-experte-zurich.kleinanzeigen.marketing\/fr\/wp-json\/wp\/v2\/comments?post=18771"}],"version-history":[{"count":0,"href":"https:\/\/seo-experte-zurich.kleinanzeigen.marketing\/fr\/wp-json\/wp\/v2\/pages\/18771\/revisions"}],"wp:featuredmedia":[{"embeddable":true,"href":"https:\/\/seo-experte-zurich.kleinanzeigen.marketing\/fr\/wp-json\/wp\/v2\/media\/17310"}],"wp:attachment":[{"href":"https:\/\/seo-experte-zurich.kleinanzeigen.marketing\/fr\/wp-json\/wp\/v2\/media?parent=18771"}],"curies":[{"name":"wp","href":"https:\/\/api.w.org\/{rel}","templated":true}]}}