{"id":18778,"date":"2020-12-29T16:32:39","date_gmt":"2020-12-29T16:32:39","guid":{"rendered":"https:\/\/seo-experte-zurich.kleinanzeigen.marketing\/mentions-legales\/"},"modified":"2023-03-31T20:18:43","modified_gmt":"2023-03-31T20:18:43","slug":"mentions-legales","status":"publish","type":"page","link":"https:\/\/seo-experte-zurich.kleinanzeigen.marketing\/fr\/mentions-legales\/","title":{"rendered":"Mentions l\u00e9gales"},"content":{"rendered":"\n<h1 class=\"wp-block-heading\" id=\"h-kontakt\">Contact<\/h1>\n\n<p>f\u00e9vrier 6, 2023 par <a href=\"https:\/\/seo-experte-zurich.kleinanzeigen.marketing\/author\/anwalt-zuerich\/\">Agence SEO Zurich<\/a><\/p>\n\n<figure class=\"wp-block-image\"><img decoding=\"async\" src=\"https:\/\/seo-experte-zurich.kleinanzeigen.marketing\/wp-content\/uploads\/2023\/02\/Bildschirm%C2%ADfoto-2023-02-09-um-14.13.43.png\" alt=\"Expert en SEO\"\/><figcaption class=\"wp-element-caption\">Expert en SEO<\/figcaption><\/figure>\n<p>Agence SEO Wittibschager<br\/><a rel=\"noreferrer noopener\" href=\"https:\/\/www.google.com\/maps\/place\/Grundhofstrasse+29,+8704+Herrliberg\/@47.2857786,8.619976,17z\/data=!3m1!4b1!4m6!3m5!1s0x479aa5f9766f464b:0xed2b5762822e1d91!8m2!3d47.2857786!4d8.62217!16s%2Fg%2F11c2184s21\" target=\"_blank\">29, rue Grundhof<\/a><br\/><a rel=\"noreferrer noopener\" href=\"https:\/\/goo.gl\/maps\/E4V4T7RahQC2FXwy6\" target=\"_blank\">8704 Herrliberg<\/a><\/p>\n\n<p><a href=\"tel:+41787818109\">+41 078 78181 09<\/a><br\/><a href=\"mailto:info@kleinanzeigen.marketing\" target=\"_blank\" rel=\"noreferrer noopener\">info@kleinanzeigen.marketing<\/a><\/p>\n\n<p>La Commission europ\u00e9enne propose une plateforme de r\u00e8glement en ligne des litiges<br\/>(OS) est pr\u00eat <a href=\"https:\/\/ec.europa.eu\/consumers\/odr\" target=\"_blank\" rel=\"noreferrer noopener\">: https:\/\/ec.europa.eu\/consumers\/odr.<\/a><br\/>Vous trouverez notre adresse e-mail ci-dessus<br\/>dans les mentions l\u00e9gales.<\/p>\n\n<p>Nous ne sommes pas dispos\u00e9s ou oblig\u00e9s de participer \u00e0 des proc\u00e9dures de r\u00e8glement des litiges devant une instance de m\u00e9diation.<br\/>\u00e0 un organisme de conciliation des consommateurs.<\/p>\n\n<h2 class=\"wp-block-heading\">Responsabilit\u00e9 du contenu<\/h2>\n\n<p>En tant que prestataire de services, nous sommes tenus, conform\u00e9ment au \u00a7 7 al. 1 TMG pour ses propres contenus sur ces pages selon les lois g\u00e9n\u00e9rales. Selon les \u00a7\u00a7 8 \u00e0 10 de la TMG, nous ne sommes toutefois pas tenus de surveiller les informations externes transmises ou enregistr\u00e9es ou de rechercher des circonstances qui d\u00e9signent une infraction \u00e0 la loi. Bien que nous n&rsquo;ayons pas une telle obligation, les exigences l\u00e9gales de suppression ou de blocage de l&rsquo;utilisation des informations restent pleinement valables. Toutefois, la responsabilit\u00e9 ne peut \u00eatre engag\u00e9e qu&rsquo;\u00e0 partir du moment o\u00f9 une infraction concr\u00e8te est connue. Si nous prenons connaissance de telles violations de la loi, nous supprimerons imm\u00e9diatement ces contenus.<\/p>\n\n<h2 class=\"wp-block-heading\">Responsabilit\u00e9 pour les liens<\/h2>\n\n<p>Notre offre propose des renvois vers des sites web externes de tiers dont le contenu \u00e9chappe \u00e0 notre influence. Par cons\u00e9quent, nous ne pouvons pas nous porter garants de ces contenus externes. Le fournisseur ou l&rsquo;exploitant respectif des pages est toujours responsable de leur contenu. Nous avons v\u00e9rifi\u00e9 les pages li\u00e9es au moment de la connexion afin de d\u00e9tecter d&rsquo;\u00e9ventuelles violations de la loi. Une \u00e9ventuelle violation du droit n&rsquo;\u00e9tait pas reconnaissable \u00e0 ce moment-l\u00e0. Une surveillance permanente des pages li\u00e9es sans indices concrets d&rsquo;une violation de la loi ne peut toutefois pas \u00eatre raisonnablement exig\u00e9e. Si nous prenons connaissance de violations de la loi, nous supprimerons imm\u00e9diatement de tels liens.<\/p>\n\n<h2 class=\"wp-block-heading\">Droit d&rsquo;auteur<\/h2>\n\n<p>Les \u0153uvres cr\u00e9\u00e9es par les exploitants du site sont soumises au droit d&rsquo;auteur allemand. Toute utilisation en dehors des limites du droit d&rsquo;auteur n\u00e9cessite l&rsquo;accord \u00e9crit de l&rsquo;auteur ou du cr\u00e9ateur concern\u00e9. Les t\u00e9l\u00e9chargements et les copies de cette page sont exclusivement autoris\u00e9s \u00e0 des fins priv\u00e9es. Les contenus de cette page qui n&rsquo;ont pas \u00e9t\u00e9 cr\u00e9\u00e9s par l&rsquo;exploitant respectent les droits d&rsquo;auteur de tiers et sont signal\u00e9s en cons\u00e9quence.  <\/p>\n\n<p>Si vous constatez n\u00e9anmoins une violation des droits d&rsquo;auteur, nous vous prions de nous en informer. D\u00e8s que nous aurons connaissance d&rsquo;une violation de la loi, nous retirerons imm\u00e9diatement les contenus concern\u00e9s.<\/p>\n\n<p> <\/p>\n<div style='text-align:center' class='yasr-auto-insert-visitor'><!--Yasr Visitor Votes Shortcode--><div id='yasr_visitor_votes_639933ae26828' class='yasr-visitor-votes'><div class=\"yasr-custom-text-vv-before yasr-custom-text-vv-before-18778\">Ratings \/ Bewertungen<\/div><div id='yasr-vv-second-row-container-639933ae26828'\r\n                                        class='yasr-vv-second-row-container'><div id='yasr-visitor-votes-rater-639933ae26828'\r\n                                      class='yasr-rater-stars-vv'\r\n                                      data-rater-postid='18778'\r\n                                      data-rating='0'\r\n                                      data-rater-starsize='24'\r\n                                      data-rater-readonly='true'\r\n                                      data-rater-nonce='0b3b98c63b'\r\n                                      data-issingular='false'\r\n                                    ><\/div><div class=\"yasr-vv-stats-text-container\" id=\"yasr-vv-stats-text-container-639933ae26828\"><svg xmlns=\"https:\/\/www.w3.org\/2000\/svg\" width=\"20\" height=\"20\"\r\n                                   class=\"yasr-dashicons-visitor-stats\"\r\n                                   data-postid=\"18778\"\r\n                                   id=\"yasr-stats-dashicon-639933ae26828\">\r\n                                   <path d=\"M18 18v-16h-4v16h4zM12 18v-11h-4v11h4zM6 18v-8h-4v8h4z\"><\/path>\r\n                               <\/svg><span id=\"yasr-vv-text-container-639933ae26828\" class=\"yasr-vv-text-container\">[Anzahl der Bewertungen: <span id=\"yasr-vv-votes-number-container-639933ae26828\">0<\/span>  Durchschnitt: <span id=\"yasr-vv-average-container-639933ae26828\">0<\/span>]<\/span><\/div><div id='yasr-vv-loader-639933ae26828' class='yasr-vv-container-loader'><\/div><\/div><div id='yasr-vv-bottom-container-639933ae26828' class='yasr-vv-bottom-container'><div class='yasr-small-block-bold'><span class='yasr-visitor-votes-must-sign-in'>99% zufriedene Nutzer \/ Durchschnittsbewertungen unserer Klienten<\/span><\/div><\/div><\/div><!--End Yasr Visitor Votes Shortcode--><\/div>","protected":false},"excerpt":{"rendered":"<p>Contact f\u00e9vrier 6, 2023 par Agence SEO Zurich Agence SEO Wittibschager29, rue Grundhof8704 Herrliberg +41 078 78181 09info@kleinanzeigen.marketing La Commission europ\u00e9enne propose une plateforme de r\u00e8glement en ligne des litiges(OS) est pr\u00eat : https:\/\/ec.europa.eu\/consumers\/odr.Vous trouverez notre adresse e-mail ci-dessusdans les mentions l\u00e9gales. Nous ne sommes pas dispos\u00e9s ou oblig\u00e9s de participer \u00e0 des proc\u00e9dures de &#8230; <a title=\"Mentions l\u00e9gales\" class=\"read-more\" href=\"https:\/\/seo-experte-zurich.kleinanzeigen.marketing\/fr\/mentions-legales\/\" aria-label=\"En savoir plus sur Mentions l\u00e9gales\">Lire la suite<\/a><\/p>\n","protected":false},"author":1,"featured_media":0,"parent":0,"menu_order":0,"comment_status":"closed","ping_status":"closed","template":"","meta":{"yasr_overall_rating":0,"yasr_post_is_review":"","yasr_auto_insert_disabled":"","yasr_review_type":""},"yasr_visitor_votes":{"stars_attributes":{"read_only":true,"span_bottom":"<div class='yasr-small-block-bold'><span class='yasr-visitor-votes-must-sign-in'>99% zufriedene Nutzer \/ Durchschnittsbewertungen unserer Klienten<\/span><\/div>"},"number_of_votes":0,"sum_votes":0},"acf":[],"yoast_head":"<!-- This site is optimized with the Yoast SEO Premium plugin v20.0 (Yoast SEO v21.8.1) - https:\/\/yoast.com\/wordpress\/plugins\/seo\/ -->\n<title>impressum - Expert SEO Zurich<\/title>\n<meta name=\"description\" content=\"impressum - Expert SEO Zurich\" \/>\n<meta name=\"robots\" content=\"index, follow, max-snippet:-1, max-image-preview:large, max-video-preview:-1\" \/>\n<link rel=\"canonical\" href=\"https:\/\/seo-experte-zurich.kleinanzeigen.marketing\/fr\/mentions-legales\/\" \/>\n<meta property=\"og:locale\" content=\"fr_FR\" \/>\n<meta property=\"og:type\" content=\"article\" \/>\n<meta property=\"og:title\" content=\"Mentions l\u00e9gales\" \/>\n<meta property=\"og:description\" content=\"impressum - Expert SEO Zurich\" \/>\n<meta property=\"og:url\" content=\"https:\/\/seo-experte-zurich.kleinanzeigen.marketing\/fr\/mentions-legales\/\" \/>\n<meta property=\"og:site_name\" content=\"Les experts en SEO de l&#039;agence de r\u00e9f\u00e9rencement Wittibschlager placent votre entreprise au sommet !\" \/>\n<meta property=\"article:modified_time\" content=\"2023-03-31T20:18:43+00:00\" \/>\n<meta property=\"og:image\" content=\"https:\/\/seo-experte-zurich.kleinanzeigen.marketing\/wp-content\/uploads\/2023\/02\/Bildschirm%C2%ADfoto-2023-02-09-um-14.13.43.png\" \/>\n<meta name=\"twitter:label1\" content=\"Dur\u00e9e de lecture estim\u00e9e\" \/>\n\t<meta name=\"twitter:data1\" content=\"2 minutes\" \/>\n<meta name=\"geo.position\" content=\"47.2955821;8.6344146\" \/>\n<meta name=\"geo.region\" content=\"Suisse\" \/>\n<!-- \/ Yoast SEO Premium plugin. -->","yoast_head_json":{"title":"impressum - Expert SEO Zurich","description":"impressum - Expert SEO Zurich","robots":{"index":"index","follow":"follow","max-snippet":"max-snippet:-1","max-image-preview":"max-image-preview:large","max-video-preview":"max-video-preview:-1"},"canonical":"https:\/\/seo-experte-zurich.kleinanzeigen.marketing\/fr\/mentions-legales\/","og_locale":"fr_FR","og_type":"article","og_title":"Mentions l\u00e9gales","og_description":"impressum - Expert SEO Zurich","og_url":"https:\/\/seo-experte-zurich.kleinanzeigen.marketing\/fr\/mentions-legales\/","og_site_name":"Les experts en SEO de l'agence de r\u00e9f\u00e9rencement Wittibschlager placent votre entreprise au sommet !","article_modified_time":"2023-03-31T20:18:43+00:00","og_image":[{"url":"https:\/\/seo-experte-zurich.kleinanzeigen.marketing\/wp-content\/uploads\/2023\/02\/Bildschirm%C2%ADfoto-2023-02-09-um-14.13.43.png"}],"twitter_misc":{"Dur\u00e9e de lecture estim\u00e9e":"2 minutes"},"schema":{"@context":"https:\/\/schema.org","@graph":[{"@type":"WebPage","@id":"https:\/\/seo-experte-zurich.kleinanzeigen.marketing\/fr\/mentions-legales\/","url":"https:\/\/seo-experte-zurich.kleinanzeigen.marketing\/fr\/mentions-legales\/","name":"impressum - Expert SEO Zurich","isPartOf":{"@id":"https:\/\/seo-experte-zurich.kleinanzeigen.marketing\/fr\/#website"},"datePublished":"2020-12-29T16:32:39+00:00","dateModified":"2023-03-31T20:18:43+00:00","description":"impressum - Expert SEO Zurich","breadcrumb":{"@id":"https:\/\/seo-experte-zurich.kleinanzeigen.marketing\/fr\/mentions-legales\/#breadcrumb"},"inLanguage":"fr-FR","potentialAction":[{"@type":"ReadAction","target":["https:\/\/seo-experte-zurich.kleinanzeigen.marketing\/fr\/mentions-legales\/"]}]},{"@type":"BreadcrumbList","@id":"https:\/\/seo-experte-zurich.kleinanzeigen.marketing\/fr\/mentions-legales\/#breadcrumb","itemListElement":[{"@type":"ListItem","position":1,"name":"Accueil","item":"https:\/\/seo-experte-zurich.kleinanzeigen.marketing\/fr\/expert-seo-zurich\/"},{"@type":"ListItem","position":2,"name":"Mentions l\u00e9gales"}]},{"@type":"WebSite","@id":"https:\/\/seo-experte-zurich.kleinanzeigen.marketing\/fr\/#website","url":"https:\/\/seo-experte-zurich.kleinanzeigen.marketing\/fr\/","name":"Les experts en SEO de l'agence de r\u00e9f\u00e9rencement Wittibschlager placent votre entreprise au sommet !","description":"Agence SEO Zurich : SEO - SEA - Social - Web - Design - PR - Shopping - Vid\u00e9o - Native Advertising","publisher":{"@id":"https:\/\/seo-experte-zurich.kleinanzeigen.marketing\/fr\/#organization"},"potentialAction":[{"@type":"SearchAction","target":{"@type":"EntryPoint","urlTemplate":"https:\/\/seo-experte-zurich.kleinanzeigen.marketing\/fr\/?s={search_term_string}"},"query-input":"required name=search_term_string"}],"inLanguage":"fr-FR"},{"@type":["Organization","Place"],"@id":"https:\/\/seo-experte-zurich.kleinanzeigen.marketing\/fr\/#organization","name":"Agence de r\u00e9f\u00e9rencement Wittibschlager","url":"https:\/\/seo-experte-zurich.kleinanzeigen.marketing\/fr\/","logo":{"@id":"https:\/\/seo-experte-zurich.kleinanzeigen.marketing\/fr\/mentions-legales\/#local-main-organization-logo"},"image":{"@id":"https:\/\/seo-experte-zurich.kleinanzeigen.marketing\/fr\/mentions-legales\/#local-main-organization-logo"},"geo":{"@type":"GeoCoordinates","latitude":"47.2955821","longitude":"8.6344146"},"telephone":["+41 78 781 81 09","+41 78 781 81 09"],"openingHoursSpecification":[{"@type":"OpeningHoursSpecification","dayOfWeek":["Monday","Tuesday","Wednesday","Thursday","Friday","Saturday","Sunday"],"opens":"09:00","closes":"17:00"}],"email":"info@keinanzeigen.marketing"},{"@type":"ImageObject","inLanguage":"fr-FR","@id":"https:\/\/seo-experte-zurich.kleinanzeigen.marketing\/fr\/mentions-legales\/#local-main-organization-logo","url":"https:\/\/seo-experte-zurich.kleinanzeigen.marketing\/wp-content\/uploads\/2020\/12\/cropped-Bildschirmfoto-2020-12-06-um-20.04.19-2.png","contentUrl":"https:\/\/seo-experte-zurich.kleinanzeigen.marketing\/wp-content\/uploads\/2020\/12\/cropped-Bildschirmfoto-2020-12-06-um-20.04.19-2.png","width":1348,"height":804,"caption":"Agence de r\u00e9f\u00e9rencement Wittibschlager"},false]},"geo.position":{"lat":"47.2955821","long":"8.6344146"},"geo.region":"Suisse"},"_links":{"self":[{"href":"https:\/\/seo-experte-zurich.kleinanzeigen.marketing\/fr\/wp-json\/wp\/v2\/pages\/18778"}],"collection":[{"href":"https:\/\/seo-experte-zurich.kleinanzeigen.marketing\/fr\/wp-json\/wp\/v2\/pages"}],"about":[{"href":"https:\/\/seo-experte-zurich.kleinanzeigen.marketing\/fr\/wp-json\/wp\/v2\/types\/page"}],"author":[{"embeddable":true,"href":"https:\/\/seo-experte-zurich.kleinanzeigen.marketing\/fr\/wp-json\/wp\/v2\/users\/1"}],"replies":[{"embeddable":true,"href":"https:\/\/seo-experte-zurich.kleinanzeigen.marketing\/fr\/wp-json\/wp\/v2\/comments?post=18778"}],"version-history":[{"count":0,"href":"https:\/\/seo-experte-zurich.kleinanzeigen.marketing\/fr\/wp-json\/wp\/v2\/pages\/18778\/revisions"}],"wp:attachment":[{"href":"https:\/\/seo-experte-zurich.kleinanzeigen.marketing\/fr\/wp-json\/wp\/v2\/media?parent=18778"}],"curies":[{"name":"wp","href":"https:\/\/api.w.org\/{rel}","templated":true}]}}