{"id":18794,"date":"2020-12-20T15:22:00","date_gmt":"2020-12-20T15:22:00","guid":{"rendered":"https:\/\/seo-experte-zurich.kleinanzeigen.marketing\/a-propos-de-nous\/"},"modified":"2023-03-31T20:19:02","modified_gmt":"2023-03-31T20:19:02","slug":"a-propos-de-nous","status":"publish","type":"page","link":"https:\/\/seo-experte-zurich.kleinanzeigen.marketing\/fr\/a-propos-de-nous\/","title":{"rendered":"\u00c0 propos de nous"},"content":{"rendered":"\n<p>Sven Wittibschlager <\/p>\n\n<ul>\n<li>Propri\u00e9taire de l&rsquo;agence SEO Wittibschlager<\/li>\n\n\n\n<li>Expert en SEO &amp; marketing num\u00e9rique  <\/li>\n\n\n\n<li>Enseignant en \u00e9cole professionnelle : culture g\u00e9n\u00e9rale &amp; sport<\/li>\n\n\n\n<li>Entrepreneur<\/li>\n<\/ul>\n\n<figure class=\"wp-block-image size-full\"><img decoding=\"async\" src=\"https:\/\/seo-experte-zurich.kleinanzeigen.marketing\/wp-content\/uploads\/2023\/02\/Bildschirm&#xAD;foto-2023-02-09-um-14.13.43.png\" alt=\"\" class=\"wp-image-11276\"\/><figcaption class=\"wp-element-caption\"> Expert SEO Zurich<\/figcaption><\/figure>\n<h2 class=\"wp-block-heading\" id=\"h-wie-man-auf-google-platz-1-kommt\">Comment arriver en premi\u00e8re position sur Google ?<\/h2>\n\n<p>Que signifie le terme SEO ?<\/p>\n\n<p>SEO est l&rsquo;abr\u00e9viation de \u00ab\u00a0Search Engine Optimization\u00a0\u00bb (optimisation pour les moteurs de recherche) en fran\u00e7ais. SEO signifie \u00ab\u00a0Search Engine Optimization\u00a0\u00bb et est le synonyme correspondant de l&rsquo;expression fran\u00e7aise \u00ab\u00a0optimisation des moteurs de recherche\u00a0\u00bb. Il d\u00e9signe les techniques qui permettent aux sites web d&rsquo;\u00eatre plus visibles et d&rsquo;obtenir un meilleur classement dans les r\u00e9sultats de recherche de Google et d&rsquo;autres moteurs de recherche. Il symbolise les \u00e9tapes n\u00e9cessaires pour positionner un site web sur la premi\u00e8re page de la liste de r\u00e9sultats de Google. C&rsquo;est un moyen efficace de faire avancer un site.<\/p>\n\n<figure class=\"wp-block-embed is-type-wp-embed is-provider-seo-experte wp-block-embed-seo-experte\"><div class=\"wp-block-embed__wrapper\">\n<blockquote class=\"wp-embedded-content\" data-secret=\"HT4S235ShU\"><a href=\"https:\/\/seo-experte-zurich.kleinanzeigen.marketing\/fr\/\">Expert SEO Zurich !<\/a><\/blockquote><iframe class=\"wp-embedded-content\" sandbox=\"allow-scripts\" security=\"restricted\" style=\"position: absolute; clip: rect(1px, 1px, 1px, 1px);\" title=\"\u00ab\u00a0Expert SEO Zurich !\u00a0\u00bb &#8212; SEO Experten der SEO Agentur Wittibschlager bringen Ihr Unternehmen an die Spitze!\" src=\"https:\/\/seo-experte-zurich.kleinanzeigen.marketing\/fr\/embed\/#?secret=7VTkE2bdwX#?secret=HT4S235ShU\" data-secret=\"HT4S235ShU\" width=\"600\" height=\"338\" frameborder=\"0\" marginwidth=\"0\" marginheight=\"0\" scrolling=\"no\"><\/iframe>\n<\/div><\/figure>\n\n<p><a href=\"https:\/\/seo-experte-zurich.kleinanzeigen.marketing\/fr\/combien-de-temps-un-site-web-optimise-pour-le-referencement-reste-t-il-en-premiere-position-sur-google\/\">https:\/\/seo-experte-zurich.kleinanzeigen.marketing\/wie-lange-bleibt-meine-webseite-auf-google-platz-1\/Wie<\/a>Comment arriver rapidement \u00e0 la premi\u00e8re place sur Google ?<\/p>\n\n<p><strong>Pourquoi est-il si important d&rsquo;appara\u00eetre dans les premiers rangs des r\u00e9sultats de recherche Google ?<\/strong><\/p>\n\n<p>Une optimisation SEO efficace augmente la visibilit\u00e9 du site web dans les moteurs de recherche de Google, ce qui g\u00e9n\u00e8re plus de visiteurs, de clients potentiels et de chiffre d&rsquo;affaires.<\/p>\n\n<p>Il est indispensable d&rsquo;appara\u00eetre en 1\u00e8re page de Google pour augmenter ta visibilit\u00e9 et atteindre plus de clients. Cela permet d&rsquo;augmenter les b\u00e9n\u00e9fices. Si ce n&rsquo;est pas le cas, c&rsquo;est comme si ton produit exceptionnel restait cach\u00e9 dans une cave obscure et que personne ne pouvait le voir. C&rsquo;est pourquoi il faut absolument assurer la pr\u00e9sence et la trouvabilit\u00e9 en ligne pour r\u00e9ussir sur le march\u00e9. En te pla\u00e7ant sur la premi\u00e8re page de Google, tu peux augmenter consid\u00e9rablement ta popularit\u00e9.<\/p>\n\n<p><strong>Existe-t-il diff\u00e9rentes directives pour obtenir une position \u00e9lev\u00e9e dans les r\u00e9sultats de recherche ?<\/strong><\/p>\n\n<p>Google met \u00e0 disposition des informations sous forme de documents qui d\u00e9crivent comment obtenir son positionnement sur la 1\u00e8re page de Google sans payer. Une recherche rapide avec le mot-cl\u00e9 \u00ab\u00a0Introduction \u00e0 l&rsquo;optimisation pour les moteurs de recherche\u00a0\u00bb permet d&rsquo;acc\u00e9der directement \u00e0 ce document important.  <\/p>\n\n<p>Il existe diff\u00e9rentes directives et algorithmes pour diff\u00e9rents moteurs de recherche, ce qui signifie qu&rsquo;il peut y avoir des diff\u00e9rences dans les facteurs pris en compte par un moteur de recherche pour d\u00e9terminer la pertinence et le classement d&rsquo;un site web. Google peut notamment accorder plus d&rsquo;attention \u00e0 la qualit\u00e9 du contenu, \u00e0 la convivialit\u00e9 et au statut d&rsquo;expert, tandis que d&rsquo;autres moteurs de recherche accordent plus d&rsquo;importance aux aspects techniques tels que le temps de chargement ou l&rsquo;optimisation mobile. Il est donc indispensable de comprendre les directives et les pr\u00e9f\u00e9rences de chaque moteur de recherche si l&rsquo;on veut obtenir un bon classement dans ses r\u00e9sultats.<\/p>\n\n<p>Il fournit des instructions claires et d\u00e9taill\u00e9es sur la mani\u00e8re de se placer en 1\u00e8re page. Par exemple, ils exigent que chaque mot-cl\u00e9 soit contenu une fois en gras, une fois en italique, une fois dans un titre H1 et une fois dans un titre H2 dans le texte.<\/p>\n\n<figure class=\"wp-block-image size-large\"><img decoding=\"async\" width=\"1024\" height=\"416\" src=\"https:\/\/seo-experte-zurich.kleinanzeigen.marketing\/wp-content\/uploads\/2023\/02\/online-marketing-fuer-kmu-zurich-1-1024x416.png\" alt=\"\" class=\"wp-image-11027\" srcset=\"https:\/\/seo-experte-zurich.kleinanzeigen.marketing\/wp-content\/uploads\/2023\/02\/online-marketing-fuer-kmu-zurich-1-1024x416.png 1024w, https:\/\/seo-experte-zurich.kleinanzeigen.marketing\/wp-content\/uploads\/2023\/02\/online-marketing-fuer-kmu-zurich-1-300x122.png 300w, https:\/\/seo-experte-zurich.kleinanzeigen.marketing\/wp-content\/uploads\/2023\/02\/online-marketing-fuer-kmu-zurich-1-768x312.png 768w, https:\/\/seo-experte-zurich.kleinanzeigen.marketing\/wp-content\/uploads\/2023\/02\/online-marketing-fuer-kmu-zurich-1-1536x624.png 1536w, https:\/\/seo-experte-zurich.kleinanzeigen.marketing\/wp-content\/uploads\/2023\/02\/online-marketing-fuer-kmu-zurich-1.png 1822w\" sizes=\"(max-width: 1024px) 100vw, 1024px\" \/><\/figure>\n<p><strong>Comment faire pour \u00eatre sur la premi\u00e8re page de Google en quelques minutes ?<\/strong><\/p>\n\n<p>Pour appara\u00eetre rapidement sur la premi\u00e8re page de Google, on peut proc\u00e9der par l&rsquo;utilisation de la publicit\u00e9 payante, le ciblage de mots-cl\u00e9s, l&rsquo;acc\u00e9l\u00e9ration de la vitesse de chargement des pages, la cr\u00e9ation de contenus qualitatifs et la cr\u00e9ation de backlinks. Note toutefois que la mise en \u0153uvre de ces mesures demande beaucoup de temps et d&rsquo;efforts et qu&rsquo;il n&rsquo;y a aucune garantie que ton site web apparaisse dans un d\u00e9lai concret.<\/p>\n\n<p>C&rsquo;est une question simple de savoir si une agence de r\u00e9f\u00e9rencement est vraiment fiable et peut placer votre site web en premi\u00e8re page de Google, m\u00eame si les agences d&rsquo;optimisation pour les moteurs de recherche sont disponibles partout.<\/p>\n\n<p><strong>Peut-on atteindre rapidement la premi\u00e8re place sur Google ?<\/strong><\/p>\n\n<p>Il est tout \u00e0 fait possible de progresser en mati\u00e8re d&rsquo;optimisation pour les moteurs de recherche dans un laps de temps donn\u00e9 en proposant un contenu pertinent et de qualit\u00e9, en cr\u00e9ant des liens et en adaptant son site web aux directives de Google. Cependant, il n&rsquo;y a aucune garantie d&rsquo;atteindre la premi\u00e8re place sur Google. L&rsquo;optimisation pour les moteurs de recherche est un processus continu qui n\u00e9cessite du temps, du travail et des connaissances sp\u00e9cialis\u00e9es pour obtenir des r\u00e9sultats durables.<\/p>\n\n<p><strong>Notre approche pour atteindre rapidement les objectifs :<\/strong><\/p>\n\n<p>Notre \u00e9quipe SEO a \u00e9tabli une liste de trois termes de recherche correspondant exactement \u00e0 vos pr\u00e9f\u00e9rences. Apr\u00e8s votre accord, un auteur SEO exp\u00e9riment\u00e9 r\u00e9digera un article de haute qualit\u00e9, compos\u00e9 d&rsquo;environ 1.000 mots et de 3-4 images. Pour que vous puissiez \u00eatre s\u00fbr que votre contribution est compr\u00e9hensible et irr\u00e9prochable, elle est soumise \u00e0 un contr\u00f4le intensif le jour m\u00eame ou au plus tard le lendemain. Si vous \u00eates satisfait du r\u00e9sultat final, notre \u00e9quipe SEO interviendra pour r\u00e9pondre aux exigences de Google, ce qui comprend un total de 220 facteurs de classement.<\/p>\n\n<figure class=\"wp-block-embed is-type-wp-embed is-provider-seo-experte wp-block-embed-seo-experte\"><div class=\"wp-block-embed__wrapper\">\n<blockquote class=\"wp-embedded-content\" data-secret=\"Wh3lwnEVbZ\"><a href=\"https:\/\/seo-experte-zurich.kleinanzeigen.marketing\/wie-lange-bleibt-meine-webseite-auf-google-platz-1\/\">Wie lange bleibt eine SEO-optimierte Webseite auf Google Platz 1?<\/a><\/blockquote><iframe class=\"wp-embedded-content\" sandbox=\"allow-scripts\" security=\"restricted\" style=\"position: absolute; clip: rect(1px, 1px, 1px, 1px);\" title=\"\u00ab\u00a0Wie lange bleibt eine SEO-optimierte Webseite auf Google Platz 1?\u00a0\u00bb &#8212; SEO Experten der SEO Agentur Wittibschlager bringen Ihr Unternehmen an die Spitze!\" src=\"https:\/\/seo-experte-zurich.kleinanzeigen.marketing\/wie-lange-bleibt-meine-webseite-auf-google-platz-1\/embed\/#?secret=UrDFFiKVR0#?secret=Wh3lwnEVbZ\" data-secret=\"Wh3lwnEVbZ\" width=\"600\" height=\"338\" frameborder=\"0\" marginwidth=\"0\" marginheight=\"0\" scrolling=\"no\"><\/iframe>\n<\/div><\/figure>\n\n<figure class=\"wp-block-image size-large\"><img decoding=\"async\" width=\"1024\" height=\"182\" src=\"https:\/\/seo-experte-zurich.kleinanzeigen.marketing\/wp-content\/uploads\/2023\/02\/seo-service-1024x182.png\" alt=\"\" class=\"wp-image-11028\" srcset=\"https:\/\/seo-experte-zurich.kleinanzeigen.marketing\/wp-content\/uploads\/2023\/02\/seo-service-1024x182.png 1024w, https:\/\/seo-experte-zurich.kleinanzeigen.marketing\/wp-content\/uploads\/2023\/02\/seo-service-300x53.png 300w, https:\/\/seo-experte-zurich.kleinanzeigen.marketing\/wp-content\/uploads\/2023\/02\/seo-service-768x136.png 768w, https:\/\/seo-experte-zurich.kleinanzeigen.marketing\/wp-content\/uploads\/2023\/02\/seo-service-1536x273.png 1536w, https:\/\/seo-experte-zurich.kleinanzeigen.marketing\/wp-content\/uploads\/2023\/02\/seo-service.png 1632w\" sizes=\"(max-width: 1024px) 100vw, 1024px\" \/><\/figure>\n<p><strong>Est-il n\u00e9cessaire d&rsquo;utiliser un contenu, un texte et des images optimis\u00e9s pour le r\u00e9f\u00e9rencement afin que cela fonctionne ?  <\/strong><\/p>\n\n<p>Pour un classement SEO optimal, il est essentiel d&rsquo;int\u00e9grer \u00e0 la fois du texte et des images dans votre contenu. Les textes permettent d&rsquo;utiliser des mots-cl\u00e9s et des expressions pertinents afin de rendre votre pr\u00e9sence sur le web plus facile \u00e0 trouver pour certaines requ\u00eates. Les images et les graphiques contribuent \u00e0 rendre votre contenu attrayant et accueillant, am\u00e9liorant ainsi l&rsquo;exp\u00e9rience de l&rsquo;utilisateur. Notez toutefois que les images et les graphiques doivent \u00eatre nomm\u00e9s en cons\u00e9quence et munis de balises Alt afin d&rsquo;aider les moteurs de recherche \u00e0 comprendre le contenu. Pour int\u00e9resser votre groupe cible et satisfaire les moteurs de recherche, votre contenu doit \u00eatre pertinent et de qualit\u00e9.<\/p>\n\n<p><strong>Le contenu est roi<\/strong><\/p>\n\n<p>La qualit\u00e9 de ton contenu est essentielle. Pourquoi ? Parce que Google r\u00e9pond \u00e0 ce que l&rsquo;on cherche. Pour que tu puisses proposer une solution, il est important que tu la pr\u00e9sentes clairement. Plus que quelques phrases. Raconte ton histoire, aborde ton expertise et tes propositions de solutions. Il est donc recommand\u00e9 d&rsquo;utiliser au moins 800 \u00e0 1000 mots et d&rsquo;int\u00e9grer trois termes de recherche. Tu peux ainsi garantir la liste des suggestions lorsque tu googles ton site.<\/p>\n\n<p><strong>Pourquoi de nombreuses personnes enfreignent-elles les directives de Google ?<\/strong><\/p>\n\n<p>Il est essentiel que nous int\u00e9grions et suivions les directives de Google afin de conserver une position saine dans les recherches et de cr\u00e9er une exp\u00e9rience utilisateur positive. L&rsquo;ignorance, la pression du temps, la m\u00e9connaissance des effets \u00e0 long terme ou la tentative de battre la concurrence peuvent tous conduire \u00e0 ce que notre site soit p\u00e9nalis\u00e9 par Google, ce qui peut entra\u00eener une perte de trafic et de chiffre d&rsquo;affaires.<\/p>\n\n<p>Pour obtenir un v\u00e9ritable succ\u00e8s, il faut r\u00e9pondre aux attentes de Google. Les informations n\u00e9cessaires \u00e0 cet effet sont facilement disponibles sur Internet, comme par exemple dans les directives pour la classification de la qualit\u00e9 des r\u00e9sultats de recherche, le User Experience Playbook for Retail ou l&rsquo;introduction \u00e0 l&rsquo;optimisation des moteurs de recherche. Si l&rsquo;on suit tout cela, on obtient de bons r\u00e9sultats &#8211; facilement et de mani\u00e8re fiable.<\/p>\n\n<ul>\n<li><a href=\"http:\/\/seo-agentur-schweiz.kleinanzeigen.marketing\">Introduction \u00e0 l&rsquo;optimisation pour les moteurs de recherche<\/a> <\/li>\n\n\n\n<li><a href=\"https:\/\/www.Kleinanzeigen.marketing\/data\/documents\/User-Experience-.pdf\">Exp\u00e9rience utilisateur  <\/a><\/li>\n\n\n\n<li><a href=\"https:\/\/www.Kleinanzeigen.marketing\/data\/documents\/searchqualityevaluatorguidelines.pdf\">Playbook for Retail \/ Directives pour la classification de la qualit\u00e9 des r\u00e9sultats de recherche<\/a><\/li>\n<\/ul>\n\n<ul class=\"wp-block-yoast-seo-related-links\"><li><a href=\"https:\/\/seo-experte-zurich.kleinanzeigen.marketing\/arbeitsrecht\/webseiten\/\">Sites web<\/a><\/li><li><a href=\"https:\/\/seo-experte-zurich.kleinanzeigen.marketing\/fr\/augmentation-du-succes\/\">Augmentation du succ\u00e8s<\/a><\/li><li><a href=\"https:\/\/seo-experte-zurich.kleinanzeigen.marketing\/fr\/temoignages-de-clients-reactions-de-google\/\">T\u00e9moignages de clients<\/a><\/li><\/ul>\n<div style='text-align:center' class='yasr-auto-insert-visitor'><!--Yasr Visitor Votes Shortcode--><div id='yasr_visitor_votes_5b46d9da9ea13' class='yasr-visitor-votes'><div class=\"yasr-custom-text-vv-before yasr-custom-text-vv-before-18794\">Ratings \/ Bewertungen<\/div><div id='yasr-vv-second-row-container-5b46d9da9ea13'\r\n                                        class='yasr-vv-second-row-container'><div id='yasr-visitor-votes-rater-5b46d9da9ea13'\r\n                                      class='yasr-rater-stars-vv'\r\n                                      data-rater-postid='18794'\r\n                                      data-rating='0'\r\n                                      data-rater-starsize='24'\r\n                                      data-rater-readonly='true'\r\n                                      data-rater-nonce='0b3b98c63b'\r\n                                      data-issingular='false'\r\n                                    ><\/div><div class=\"yasr-vv-stats-text-container\" id=\"yasr-vv-stats-text-container-5b46d9da9ea13\"><svg xmlns=\"https:\/\/www.w3.org\/2000\/svg\" width=\"20\" height=\"20\"\r\n                                   class=\"yasr-dashicons-visitor-stats\"\r\n                                   data-postid=\"18794\"\r\n                                   id=\"yasr-stats-dashicon-5b46d9da9ea13\">\r\n                                   <path d=\"M18 18v-16h-4v16h4zM12 18v-11h-4v11h4zM6 18v-8h-4v8h4z\"><\/path>\r\n                               <\/svg><span id=\"yasr-vv-text-container-5b46d9da9ea13\" class=\"yasr-vv-text-container\">[Anzahl der Bewertungen: <span id=\"yasr-vv-votes-number-container-5b46d9da9ea13\">0<\/span>  Durchschnitt: <span id=\"yasr-vv-average-container-5b46d9da9ea13\">0<\/span>]<\/span><\/div><div id='yasr-vv-loader-5b46d9da9ea13' class='yasr-vv-container-loader'><\/div><\/div><div id='yasr-vv-bottom-container-5b46d9da9ea13' class='yasr-vv-bottom-container'><div class='yasr-small-block-bold'><span class='yasr-visitor-votes-must-sign-in'>99% zufriedene Nutzer \/ Durchschnittsbewertungen unserer Klienten<\/span><\/div><\/div><\/div><!--End Yasr Visitor Votes Shortcode--><\/div>","protected":false},"excerpt":{"rendered":"<p>Sven Wittibschlager Comment arriver en premi\u00e8re position sur Google ? Que signifie le terme SEO ? SEO est l&rsquo;abr\u00e9viation de \u00ab\u00a0Search Engine Optimization\u00a0\u00bb (optimisation pour les moteurs de recherche) en fran\u00e7ais. SEO signifie \u00ab\u00a0Search Engine Optimization\u00a0\u00bb et est le synonyme correspondant de l&rsquo;expression fran\u00e7aise \u00ab\u00a0optimisation des moteurs de recherche\u00a0\u00bb. Il d\u00e9signe les techniques qui permettent &#8230; <a title=\"\u00c0 propos de nous\" class=\"read-more\" href=\"https:\/\/seo-experte-zurich.kleinanzeigen.marketing\/fr\/a-propos-de-nous\/\" aria-label=\"En savoir plus sur \u00c0 propos de nous\">Lire la suite<\/a><\/p>\n","protected":false},"author":1,"featured_media":17328,"parent":0,"menu_order":0,"comment_status":"closed","ping_status":"closed","template":"","meta":{"yasr_overall_rating":0,"yasr_post_is_review":"","yasr_auto_insert_disabled":"","yasr_review_type":""},"yasr_visitor_votes":{"stars_attributes":{"read_only":true,"span_bottom":"<div class='yasr-small-block-bold'><span class='yasr-visitor-votes-must-sign-in'>99% zufriedene Nutzer \/ Durchschnittsbewertungen unserer Klienten<\/span><\/div>"},"number_of_votes":0,"sum_votes":0},"acf":[],"yoast_head":"<!-- This site is optimized with the Yoast SEO Premium plugin v20.0 (Yoast SEO v21.8.1) - https:\/\/yoast.com\/wordpress\/plugins\/seo\/ -->\n<title>\u00c0 propos de nous - Pour un classement au top de Google<\/title>\n<meta name=\"description\" content=\"Je confirme que je suis class\u00e9 num\u00e9ro 1 par Google en tant qu&#039;&quot;expert SEO&quot;. Mon affirmation peut \u00eatre v\u00e9rifi\u00e9e \u00e0 tout moment.\" \/>\n<meta name=\"robots\" content=\"index, follow, max-snippet:-1, max-image-preview:large, max-video-preview:-1\" \/>\n<link rel=\"canonical\" href=\"https:\/\/seo-experte-zurich.kleinanzeigen.marketing\/fr\/a-propos-de-nous\/\" \/>\n<meta property=\"og:locale\" content=\"fr_FR\" \/>\n<meta property=\"og:type\" content=\"article\" \/>\n<meta property=\"og:title\" content=\"\u00c0 propos de nous - Pour un classement au top de Google\" \/>\n<meta property=\"og:description\" content=\"Les experts SEO de l&#039;agence SEO de Zurich vous placent en t\u00eate des r\u00e9sultats de recherche Google !\" \/>\n<meta property=\"og:url\" content=\"https:\/\/seo-experte-zurich.kleinanzeigen.marketing\/fr\/a-propos-de-nous\/\" \/>\n<meta property=\"og:site_name\" content=\"Les experts en SEO de l&#039;agence de r\u00e9f\u00e9rencement Wittibschlager placent votre entreprise au sommet !\" \/>\n<meta property=\"article:modified_time\" content=\"2023-03-31T20:19:02+00:00\" \/>\n<meta property=\"og:image\" content=\"https:\/\/seo-experte-zurich.kleinanzeigen.marketing\/wp-content\/uploads\/2023\/02\/Bildschirm\u00adfoto-2023-02-28-um-12.48.01.png\" \/>\n\t<meta property=\"og:image:width\" content=\"1000\" \/>\n\t<meta property=\"og:image:height\" content=\"692\" \/>\n\t<meta property=\"og:image:type\" content=\"image\/png\" \/>\n<meta name=\"twitter:label1\" content=\"Dur\u00e9e de lecture estim\u00e9e\" \/>\n\t<meta name=\"twitter:data1\" content=\"6 minutes\" \/>\n<meta name=\"geo.position\" content=\"47.2955821;8.6344146\" \/>\n<meta name=\"geo.region\" content=\"Suisse\" \/>\n<!-- \/ Yoast SEO Premium plugin. -->","yoast_head_json":{"title":"\u00c0 propos de nous - Pour un classement au top de Google","description":"Je confirme que je suis class\u00e9 num\u00e9ro 1 par Google en tant qu'\"expert SEO\". Mon affirmation peut \u00eatre v\u00e9rifi\u00e9e \u00e0 tout moment.","robots":{"index":"index","follow":"follow","max-snippet":"max-snippet:-1","max-image-preview":"max-image-preview:large","max-video-preview":"max-video-preview:-1"},"canonical":"https:\/\/seo-experte-zurich.kleinanzeigen.marketing\/fr\/a-propos-de-nous\/","og_locale":"fr_FR","og_type":"article","og_title":"\u00c0 propos de nous - Pour un classement au top de Google","og_description":"Les experts SEO de l'agence SEO de Zurich vous placent en t\u00eate des r\u00e9sultats de recherche Google !","og_url":"https:\/\/seo-experte-zurich.kleinanzeigen.marketing\/fr\/a-propos-de-nous\/","og_site_name":"Les experts en SEO de l'agence de r\u00e9f\u00e9rencement Wittibschlager placent votre entreprise au sommet !","article_modified_time":"2023-03-31T20:19:02+00:00","og_image":[{"width":1000,"height":692,"url":"https:\/\/seo-experte-zurich.kleinanzeigen.marketing\/wp-content\/uploads\/2023\/02\/Bildschirm\u00adfoto-2023-02-28-um-12.48.01.png","type":"image\/png"}],"twitter_misc":{"Dur\u00e9e de lecture estim\u00e9e":"6 minutes"},"schema":{"@context":"https:\/\/schema.org","@graph":[{"@type":"WebPage","@id":"https:\/\/seo-experte-zurich.kleinanzeigen.marketing\/fr\/a-propos-de-nous\/","url":"https:\/\/seo-experte-zurich.kleinanzeigen.marketing\/fr\/a-propos-de-nous\/","name":"\u00c0 propos de nous - Pour un classement au top de Google","isPartOf":{"@id":"https:\/\/seo-experte-zurich.kleinanzeigen.marketing\/fr\/#website"},"datePublished":"2020-12-20T15:22:00+00:00","dateModified":"2023-03-31T20:19:02+00:00","description":"Je confirme que je suis class\u00e9 num\u00e9ro 1 par Google en tant qu'\"expert SEO\". Mon affirmation peut \u00eatre v\u00e9rifi\u00e9e \u00e0 tout moment.","breadcrumb":{"@id":"https:\/\/seo-experte-zurich.kleinanzeigen.marketing\/fr\/a-propos-de-nous\/#breadcrumb"},"inLanguage":"fr-FR","potentialAction":[{"@type":"ReadAction","target":["https:\/\/seo-experte-zurich.kleinanzeigen.marketing\/fr\/a-propos-de-nous\/"]}]},{"@type":"BreadcrumbList","@id":"https:\/\/seo-experte-zurich.kleinanzeigen.marketing\/fr\/a-propos-de-nous\/#breadcrumb","itemListElement":[{"@type":"ListItem","position":1,"name":"Accueil","item":"https:\/\/seo-experte-zurich.kleinanzeigen.marketing\/fr\/expert-seo-zurich\/"},{"@type":"ListItem","position":2,"name":"\u00c0 propos de nous"}]},{"@type":"WebSite","@id":"https:\/\/seo-experte-zurich.kleinanzeigen.marketing\/fr\/#website","url":"https:\/\/seo-experte-zurich.kleinanzeigen.marketing\/fr\/","name":"Les experts en SEO de l'agence de r\u00e9f\u00e9rencement Wittibschlager placent votre entreprise au sommet !","description":"Agence SEO Zurich : SEO - SEA - Social - Web - Design - PR - Shopping - Vid\u00e9o - Native Advertising","publisher":{"@id":"https:\/\/seo-experte-zurich.kleinanzeigen.marketing\/fr\/#organization"},"potentialAction":[{"@type":"SearchAction","target":{"@type":"EntryPoint","urlTemplate":"https:\/\/seo-experte-zurich.kleinanzeigen.marketing\/fr\/?s={search_term_string}"},"query-input":"required name=search_term_string"}],"inLanguage":"fr-FR"},{"@type":["Organization","Place"],"@id":"https:\/\/seo-experte-zurich.kleinanzeigen.marketing\/fr\/#organization","name":"Agence de r\u00e9f\u00e9rencement Wittibschlager","url":"https:\/\/seo-experte-zurich.kleinanzeigen.marketing\/fr\/","logo":{"@id":"https:\/\/seo-experte-zurich.kleinanzeigen.marketing\/fr\/a-propos-de-nous\/#local-main-organization-logo"},"image":{"@id":"https:\/\/seo-experte-zurich.kleinanzeigen.marketing\/fr\/a-propos-de-nous\/#local-main-organization-logo"},"geo":{"@type":"GeoCoordinates","latitude":"47.2955821","longitude":"8.6344146"},"telephone":["+41 78 781 81 09","+41 78 781 81 09"],"openingHoursSpecification":[{"@type":"OpeningHoursSpecification","dayOfWeek":["Monday","Tuesday","Wednesday","Thursday","Friday","Saturday","Sunday"],"opens":"09:00","closes":"17:00"}],"email":"info@keinanzeigen.marketing"},{"@type":"ImageObject","inLanguage":"fr-FR","@id":"https:\/\/seo-experte-zurich.kleinanzeigen.marketing\/fr\/a-propos-de-nous\/#local-main-organization-logo","url":"https:\/\/seo-experte-zurich.kleinanzeigen.marketing\/wp-content\/uploads\/2020\/12\/cropped-Bildschirmfoto-2020-12-06-um-20.04.19-2.png","contentUrl":"https:\/\/seo-experte-zurich.kleinanzeigen.marketing\/wp-content\/uploads\/2020\/12\/cropped-Bildschirmfoto-2020-12-06-um-20.04.19-2.png","width":1348,"height":804,"caption":"Agence de r\u00e9f\u00e9rencement Wittibschlager"},false]},"geo.position":{"lat":"47.2955821","long":"8.6344146"},"geo.region":"Suisse"},"_links":{"self":[{"href":"https:\/\/seo-experte-zurich.kleinanzeigen.marketing\/fr\/wp-json\/wp\/v2\/pages\/18794"}],"collection":[{"href":"https:\/\/seo-experte-zurich.kleinanzeigen.marketing\/fr\/wp-json\/wp\/v2\/pages"}],"about":[{"href":"https:\/\/seo-experte-zurich.kleinanzeigen.marketing\/fr\/wp-json\/wp\/v2\/types\/page"}],"author":[{"embeddable":true,"href":"https:\/\/seo-experte-zurich.kleinanzeigen.marketing\/fr\/wp-json\/wp\/v2\/users\/1"}],"replies":[{"embeddable":true,"href":"https:\/\/seo-experte-zurich.kleinanzeigen.marketing\/fr\/wp-json\/wp\/v2\/comments?post=18794"}],"version-history":[{"count":0,"href":"https:\/\/seo-experte-zurich.kleinanzeigen.marketing\/fr\/wp-json\/wp\/v2\/pages\/18794\/revisions"}],"wp:featuredmedia":[{"embeddable":true,"href":"https:\/\/seo-experte-zurich.kleinanzeigen.marketing\/fr\/wp-json\/wp\/v2\/media\/17328"}],"wp:attachment":[{"href":"https:\/\/seo-experte-zurich.kleinanzeigen.marketing\/fr\/wp-json\/wp\/v2\/media?parent=18794"}],"curies":[{"name":"wp","href":"https:\/\/api.w.org\/{rel}","templated":true}]}}